{"id":28391,"date":"2026-02-16T17:18:05","date_gmt":"2026-02-16T14:18:05","guid":{"rendered":"https:\/\/digiage.com.tr\/?page_id=28391"},"modified":"2026-02-16T20:11:48","modified_gmt":"2026-02-16T17:11:48","slug":"gamepus","status":"publish","type":"page","link":"https:\/\/digiage.com.tr\/en\/gamepus\/","title":{"rendered":"GAMEPUS"},"content":{"rendered":"<div data-elementor-type=\"wp-page\" data-elementor-id=\"28391\" class=\"elementor elementor-28391\" data-elementor-settings=\"{&quot;ha_cmc_init_switcher&quot;:&quot;no&quot;}\" data-elementor-post-type=\"page\">\n\t\t\t\t\t\t<section class=\"elementor-section elementor-top-section elementor-element elementor-element-f723324 elementor-section-boxed elementor-section-height-default elementor-section-height-default sc_fly_static\" data-id=\"f723324\" data-element_type=\"section\" data-settings=\"{&quot;_ha_eqh_enable&quot;:false}\">\n\t\t\t\t\t\t<div class=\"elementor-container elementor-column-gap-wider\">\n\t\t\t\t\t<div class=\"elementor-column elementor-col-50 elementor-top-column elementor-element elementor-element-46e749e sc_inner_width_none sc_content_align_inherit sc_layouts_column_icons_position_left sc_fly_static\" data-id=\"46e749e\" data-element_type=\"column\">\n\t\t\t<div class=\"elementor-widget-wrap elementor-element-populated\">\n\t\t\t\t\t\t<div class=\"elementor-element elementor-element-ee48cf4 sc_fly_static elementor-widget elementor-widget-image\" data-id=\"ee48cf4\" data-element_type=\"widget\" data-widget_type=\"image.default\">\n\t\t\t\t<div class=\"elementor-widget-container\">\n\t\t\t\t\t\t\t\t\t\t\t\t\t\t\t<img fetchpriority=\"high\" decoding=\"async\" width=\"1024\" height=\"562\" src=\"https:\/\/digiage.com.tr\/wp-content\/uploads\/2026\/02\/gamepus-logo-1024x562.png\" class=\"attachment-large size-large wp-image-28398\" alt=\"\" srcset=\"https:\/\/digiage.com.tr\/wp-content\/uploads\/2026\/02\/gamepus-logo-1024x562.png 1024w, https:\/\/digiage.com.tr\/wp-content\/uploads\/2026\/02\/gamepus-logo-300x165.png 300w, https:\/\/digiage.com.tr\/wp-content\/uploads\/2026\/02\/gamepus-logo-768x421.png 768w, https:\/\/digiage.com.tr\/wp-content\/uploads\/2026\/02\/gamepus-logo-18x10.png 18w, https:\/\/digiage.com.tr\/wp-content\/uploads\/2026\/02\/gamepus-logo-370x203.png 370w, https:\/\/digiage.com.tr\/wp-content\/uploads\/2026\/02\/gamepus-logo-840x461.png 840w, https:\/\/digiage.com.tr\/wp-content\/uploads\/2026\/02\/gamepus-logo-410x225.png 410w, https:\/\/digiage.com.tr\/wp-content\/uploads\/2026\/02\/gamepus-logo.png 1500w\" sizes=\"(max-width: 1024px) 100vw, 1024px\" \/>\t\t\t\t\t\t\t\t\t\t\t\t\t\t\t<\/div>\n\t\t\t\t<\/div>\n\t\t\t\t\t<\/div>\n\t\t<\/div>\n\t\t\t\t<div class=\"elementor-column elementor-col-50 elementor-top-column elementor-element elementor-element-82bc25e sc_inner_width_none sc_content_align_inherit sc_layouts_column_icons_position_left sc_fly_static\" data-id=\"82bc25e\" data-element_type=\"column\">\n\t\t\t<div class=\"elementor-widget-wrap elementor-element-populated\">\n\t\t\t\t\t\t<div class=\"elementor-element elementor-element-edb7558 sc_fly_static elementor-widget elementor-widget-heading\" data-id=\"edb7558\" data-element_type=\"widget\" data-widget_type=\"heading.default\">\n\t\t\t\t<div class=\"elementor-widget-container\">\n\t\t\t\t\t<h5 class=\"elementor-heading-title elementor-size-default\">GAMEPUS ile toplulu\u011funuzu yaln\u0131zca bir \u00fcniversite kul\u00fcb\u00fc olmaktan \u00e7\u0131kar\u0131n; T\u00fcrkiye\u2019nin ve b\u00f6lgenin oyun ekosistemine entegre edin.\n<\/h5>\t\t\t\t<\/div>\n\t\t\t\t<\/div>\n\t\t\t\t\t<\/div>\n\t\t<\/div>\n\t\t\t\t\t<\/div>\n\t\t<\/section>\n\t\t\t\t<section class=\"elementor-section elementor-top-section elementor-element elementor-element-28d7469 elementor-section-boxed elementor-section-height-default elementor-section-height-default sc_fly_static\" data-id=\"28d7469\" data-element_type=\"section\" data-settings=\"{&quot;_ha_eqh_enable&quot;:false}\">\n\t\t\t\t\t\t\t<div class=\"elementor-background-overlay\"><\/div>\n\t\t\t\t\t\t\t<div class=\"elementor-container elementor-column-gap-extended\">\n\t\t\t\t\t<div class=\"elementor-column elementor-col-50 elementor-top-column elementor-element elementor-element-4b878ee sc_inner_width_none sc_content_align_inherit sc_layouts_column_icons_position_left sc_fly_static\" data-id=\"4b878ee\" data-element_type=\"column\">\n\t\t\t<div class=\"elementor-widget-wrap elementor-element-populated\">\n\t\t\t\t\t\t<div class=\"elementor-element elementor-element-573ea0c sc_fly_static elementor-widget elementor-widget-text-editor\" data-id=\"573ea0c\" data-element_type=\"widget\" data-widget_type=\"text-editor.default\">\n\t\t\t\t<div class=\"elementor-widget-container\">\n\t\t\t\t\t\t\t\t\t<div class=\"page\" title=\"Page 1\"><div class=\"layoutArea\"><div class=\"column\"><p>DIGIAGE GAMEPUS, \u00fcniversitelerde faaliyet g\u00f6steren oyun topluluklar\u0131n\u0131 ulusal ve uluslararas\u0131 oyun ekosistemi ile bulu\u015fturmak amac\u0131yla tasarlanm\u0131\u015f s\u00fcrd\u00fcr\u00fclebilir bir i\u015f birli\u011fi program\u0131d\u0131r. Bu model; dijital oyun geli\u015ftirme, giri\u015fimcilik, yaz\u0131l\u0131m ve tasar\u0131m alan\u0131nda \u00fcretim yapan \u00f6\u011frenci topluluklar\u0131n\u0131n erken a\u015famada ekosisteme entegre olmas\u0131n\u0131, e\u011fitim ve mentorluk imkanlar\u0131na eri\u015fmesini ve profesyonel a\u011flarla ba\u011flant\u0131 kurmas\u0131n\u0131 hedefler.<\/p><p><br \/>DIGIAGE, temsilci kul\u00fcplere marka g\u00f6r\u00fcn\u00fcrl\u00fc\u011f\u00fc, e\u011fitim ve etkinliklere \u00f6ncelikli eri\u015fim, mentorluk deste\u011fi ve ekosistem ba\u011flant\u0131lar\u0131 sunarken; kul\u00fcplerden yaln\u0131zca ileti\u015fim ve koordinasyon konusunda aktif bir i\u015f birli\u011fi beklenir. Program mali bir y\u00fck\u00fcml\u00fcl\u00fck do\u011furmaz ve g\u00f6n\u00fcll\u00fcl\u00fck esas\u0131na dayan\u0131r.<\/p><\/div><\/div><\/div>\t\t\t\t\t\t\t\t<\/div>\n\t\t\t\t<\/div>\n\t\t\t\t<div class=\"elementor-element elementor-element-24e32ae sc_fly_static elementor-widget elementor-widget-trx_sc_button\" data-id=\"24e32ae\" data-element_type=\"widget\" data-widget_type=\"trx_sc_button.default\">\n\t\t\t\t<div class=\"elementor-widget-container\">\n\t\t\t\t\t<div\tclass=\"sc_item_button sc_button_wrap sc_align_left\" ><a href=\"https:\/\/docs.google.com\/forms\/d\/e\/1FAIpQLSdcmiji4_OaTplyAcymxx2Y_CQR7OfKsbn9zZdrvYVGGsEqnA\/viewform\" class=\"sc_button sc_button_decoration sc_button_size_normal sc_button_icon_left\" target=\"_blank\" ><span class=\"sc_button_text\"><span class=\"sc_button_title\">Apply Now<\/span><\/span><\/a><\/div>\t\t\t\t<\/div>\n\t\t\t\t<\/div>\n\t\t\t\t\t<\/div>\n\t\t<\/div>\n\t\t\t\t<div class=\"elementor-column elementor-col-50 elementor-top-column elementor-element elementor-element-844b232 sc_inner_width_none sc_content_align_inherit sc_layouts_column_icons_position_left sc_fly_static\" data-id=\"844b232\" data-element_type=\"column\">\n\t\t\t<div class=\"elementor-widget-wrap\">\n\t\t\t\t\t\t\t<\/div>\n\t\t<\/div>\n\t\t\t\t\t<\/div>\n\t\t<\/section>\n\t\t\t\t<section class=\"elementor-section elementor-top-section elementor-element elementor-element-75a2fe8 elementor-section-boxed elementor-section-height-default elementor-section-height-default sc_fly_static\" data-id=\"75a2fe8\" data-element_type=\"section\" data-settings=\"{&quot;background_background&quot;:&quot;classic&quot;,&quot;_ha_eqh_enable&quot;:false}\">\n\t\t\t\t\t\t<div class=\"elementor-container elementor-column-gap-extended\">\n\t\t\t\t\t<div class=\"elementor-column elementor-col-50 elementor-top-column elementor-element elementor-element-4302959 sc_inner_width_none sc_content_align_inherit sc_layouts_column_icons_position_left sc_fly_static\" data-id=\"4302959\" data-element_type=\"column\">\n\t\t\t<div class=\"elementor-widget-wrap elementor-element-populated\">\n\t\t\t\t\t\t<div class=\"elementor-element elementor-element-6f34317 sc_fly_static elementor-widget elementor-widget-heading\" data-id=\"6f34317\" data-element_type=\"widget\" data-widget_type=\"heading.default\">\n\t\t\t\t<div class=\"elementor-widget-container\">\n\t\t\t\t\t<h3 class=\"elementor-heading-title elementor-size-default\">Who Can Apply?<\/h3>\t\t\t\t<\/div>\n\t\t\t\t<\/div>\n\t\t\t\t<div class=\"elementor-element elementor-element-90f23b7 sc_fly_static elementor-widget elementor-widget-text-editor\" data-id=\"90f23b7\" data-element_type=\"widget\" data-widget_type=\"text-editor.default\">\n\t\t\t\t<div class=\"elementor-widget-container\">\n\t\t\t\t\t\t\t\t\t<div class=\"page\" title=\"Page 2\"><div class=\"layoutArea\"><div class=\"column\"><div class=\"page\" title=\"Page 2\"><div class=\"layoutArea\"><div class=\"column\"><ul><li><span style=\"font-weight: 400;\">\u00dcniversitelerin SKS\u2019ye ba\u011fl\u0131 resmi veya aday oyun topluluklar\u0131<\/span><\/li><li><span style=\"font-weight: 400;\">Dijital oyun geli\u015ftirme, yaz\u0131l\u0131m, dijital tasar\u0131m veya oyun giri\u015fimcili\u011fi alan\u0131nda faaliyet g\u00f6steren kul\u00fcpler<\/span><\/li><li><span style=\"font-weight: 400;\">Aktif \u00fcye yap\u0131s\u0131na sahip ve d\u00fczenli etkinlik ger\u00e7ekle\u015ftiren topluluklar<\/span><\/li><li><span style=\"font-weight: 400;\">DIGIAGE ekosistemiyle uzun vadeli i\u015f birli\u011fi hedefleyen kul\u00fcpler<\/span><\/li><\/ul><\/div><\/div><\/div><\/div><\/div><\/div>\t\t\t\t\t\t\t\t<\/div>\n\t\t\t\t<\/div>\n\t\t\t\t\t<\/div>\n\t\t<\/div>\n\t\t\t\t<div class=\"elementor-column elementor-col-50 elementor-top-column elementor-element elementor-element-404176e sc_inner_width_none sc_content_align_inherit sc_layouts_column_icons_position_left sc_fly_static\" data-id=\"404176e\" data-element_type=\"column\">\n\t\t\t<div class=\"elementor-widget-wrap elementor-element-populated\">\n\t\t\t\t\t\t<div class=\"elementor-element elementor-element-f909a7d sc_fly_static elementor-widget elementor-widget-heading\" data-id=\"f909a7d\" data-element_type=\"widget\" data-widget_type=\"heading.default\">\n\t\t\t\t<div class=\"elementor-widget-container\">\n\t\t\t\t\t<h3 class=\"elementor-heading-title elementor-size-default\">Ba\u015fvuru S\u00fcreci<\/h3>\t\t\t\t<\/div>\n\t\t\t\t<\/div>\n\t\t\t\t<div class=\"elementor-element elementor-element-47839bf sc_fly_static elementor-widget elementor-widget-text-editor\" data-id=\"47839bf\" data-element_type=\"widget\" data-widget_type=\"text-editor.default\">\n\t\t\t\t<div class=\"elementor-widget-container\">\n\t\t\t\t\t\t\t\t\t<div class=\"page\" title=\"Page 2\"><div class=\"layoutArea\"><div class=\"column\"><div class=\"page\" title=\"Page 2\"><div class=\"layoutArea\"><div class=\"column\"><div class=\"page\" title=\"Page 2\"><div class=\"layoutArea\"><div class=\"column\"><ol><li><span style=\"font-weight: 400;\">Online ba\u015fvuru formunun doldurulmas\u0131<\/span><\/li><li><span style=\"font-weight: 400;\">Topluluk bilgileri ve faaliyet ge\u00e7mi\u015finin de\u011ferlendirilmesi<\/span><\/li><li><span style=\"font-weight: 400;\">K\u0131sa bir \u00e7evrimi\u00e7i tan\u0131\u015fma toplant\u0131s\u0131<\/span><\/li><li><span style=\"font-weight: 400;\">Uygun bulunan kul\u00fcpler i\u00e7in temsilcilik ba\u015flang\u0131c\u0131<\/span><\/li><\/ol><\/div><\/div><\/div><\/div><\/div><\/div><\/div><\/div><\/div>\t\t\t\t\t\t\t\t<\/div>\n\t\t\t\t<\/div>\n\t\t\t\t\t<\/div>\n\t\t<\/div>\n\t\t\t\t\t<\/div>\n\t\t<\/section>\n\t\t\t\t<\/div>","protected":false},"excerpt":{"rendered":"<p>GAMEPUS ile toplulu\u011funuzu yaln\u0131zca bir \u00fcniversite kul\u00fcb\u00fc olmaktan \u00e7\u0131kar\u0131n; T\u00fcrkiye\u2019nin ve b\u00f6lgenin oyun ekosistemine entegre edin. DIGIAGE GAMEPUS, \u00fcniversitelerde faaliyet g\u00f6steren oyun topluluklar\u0131n\u0131 ulusal ve uluslararas\u0131 oyun ekosistemi ile bulu\u015fturmak&hellip;<\/p>","protected":false},"author":1,"featured_media":0,"parent":0,"menu_order":0,"comment_status":"closed","ping_status":"closed","template":"","meta":{"footnotes":""},"class_list":["post-28391","page","type-page","status-publish","hentry"],"aioseo_notices":[],"_links":{"self":[{"href":"https:\/\/digiage.com.tr\/en\/wp-json\/wp\/v2\/pages\/28391","targetHints":{"allow":["GET"]}}],"collection":[{"href":"https:\/\/digiage.com.tr\/en\/wp-json\/wp\/v2\/pages"}],"about":[{"href":"https:\/\/digiage.com.tr\/en\/wp-json\/wp\/v2\/types\/page"}],"author":[{"embeddable":true,"href":"https:\/\/digiage.com.tr\/en\/wp-json\/wp\/v2\/users\/1"}],"replies":[{"embeddable":true,"href":"https:\/\/digiage.com.tr\/en\/wp-json\/wp\/v2\/comments?post=28391"}],"version-history":[{"count":16,"href":"https:\/\/digiage.com.tr\/en\/wp-json\/wp\/v2\/pages\/28391\/revisions"}],"predecessor-version":[{"id":28415,"href":"https:\/\/digiage.com.tr\/en\/wp-json\/wp\/v2\/pages\/28391\/revisions\/28415"}],"wp:attachment":[{"href":"https:\/\/digiage.com.tr\/en\/wp-json\/wp\/v2\/media?parent=28391"}],"curies":[{"name":"wp","href":"https:\/\/api.w.org\/{rel}","templated":true}]}}