{"id":28130,"date":"2025-04-11T19:03:49","date_gmt":"2025-04-11T16:03:49","guid":{"rendered":"https:\/\/digiage.com.tr\/?page_id=28130"},"modified":"2025-04-11T19:22:01","modified_gmt":"2025-04-11T16:22:01","slug":"digiage-2025-izmir-oyun-gelistirme-kampi-yemek-menuleri","status":"publish","type":"page","link":"https:\/\/digiage.com.tr\/en\/digiage-2025-izmir-oyun-gelistirme-kampi-yemek-menuleri\/","title":{"rendered":"DIGIAGE 2025 \u0130zmir Oyun Geli\u015ftirme Kamp\u0131 Yemek Men\u00fcleri"},"content":{"rendered":"<div data-elementor-type=\"wp-page\" data-elementor-id=\"28130\" class=\"elementor elementor-28130\" data-elementor-settings=\"{&quot;ha_cmc_init_switcher&quot;:&quot;no&quot;}\" data-elementor-post-type=\"page\">\n\t\t\t\t\t\t<section class=\"elementor-section elementor-top-section elementor-element elementor-element-b9a95c2 elementor-section-boxed elementor-section-height-default elementor-section-height-default sc_fly_static\" data-id=\"b9a95c2\" data-element_type=\"section\" data-settings=\"{&quot;_ha_eqh_enable&quot;:false}\">\n\t\t\t\t\t\t\t<div class=\"elementor-background-overlay\"><\/div>\n\t\t\t\t\t\t\t<div class=\"elementor-container elementor-column-gap-extended\">\n\t\t\t\t\t<div class=\"elementor-column elementor-col-100 elementor-top-column elementor-element elementor-element-9479a1c sc_inner_width_none sc_content_align_inherit sc_layouts_column_icons_position_left sc_fly_static\" data-id=\"9479a1c\" data-element_type=\"column\">\n\t\t\t<div class=\"elementor-widget-wrap elementor-element-populated\">\n\t\t\t\t\t\t<div class=\"elementor-element elementor-element-8887ef0 sc_fly_static elementor-widget elementor-widget-trx_sc_table\" data-id=\"8887ef0\" data-element_type=\"widget\" data-widget_type=\"trx_sc_table.default\">\n\t\t\t\t<div class=\"elementor-widget-container\">\n\t\t\t\t\t<div class=\"sc_table_wrap\"><div\t\tclass=\"sc_table sc_table_default trx_addons_inline_874299592\" ><div class=\"responsive-menu-container\">\n    <style>\n        .responsive-menu-container {\n            width: 100%;\n            overflow-x: auto;\n            margin: 20px 0;\n            font-family: Arial, Helvetica, sans-serif;\n        }\n        \n        .responsive-menu-table {\n            width: 100%;\n            border-collapse: collapse;\n            border-spacing: 0;\n            background-color: white;\n            border: 2px dashed #4682B4;\n            border-radius: 4px;\n            overflow: hidden;\n        }\n        \n        .responsive-menu-table th,\n        .responsive-menu-table td {\n            padding: 12px;\n            text-align: left;\n            border: 1px solid #ddd;\n            vertical-align: top;\n        }\n        \n        .responsive-menu-table th {\n            background-color: #4682B4;\n            color: white;\n            font-weight: bold;\n        }\n        \n        .responsive-menu-table tr:nth-child(even) {\n            background-color: #f9f9f9;\n        }\n        \n        .date-column {\n            background-color: #F8D7C1;\n            font-weight: bold;\n            text-align: center;\n            width: 10%;\n        }\n        \n        .lunch-header, .dinner-header {\n            background-color: #f0ad4e;\n            color: #5a4a3f;\n            text-align: center;\n            font-weight: bold;\n        }\n        \n        .menu-item {\n            padding: 5px 0;\n            display: block;\n            border-bottom: 1px dotted #eee;\n        }\n        \n        .menu-item:last-child {\n            border-bottom: none;\n        }\n        \n        @media (max-width: 767px) {\n            .responsive-menu-container {\n                overflow-x: scroll;\n            }\n            \n            .responsive-menu-table {\n                min-width: 500px; \/* Minimum width to prevent squishing on mobile *\/\n            }\n            \n            .menu-item {\n                line-height: 1.5;\n            }\n        }\n    <\/style>\n    \n    <table class=\"responsive-menu-table\">\n        <thead>\n            <tr>\n                <th><\/th>\n                <th class=\"lunch-header\">\u00d6\u011fle Yeme\u011fi Men\u00fcs\u00fc<\/th>\n                <th class=\"dinner-header\">Ak\u015fam Yeme\u011fi Men\u00fcs\u00fc<\/th>\n            <\/tr>\n        <\/thead>\n        <tbody>\n            <!-- 14 Nisan -->\n            <tr>\n                <td class=\"date-column\">14.Nis<\/td>\n                <td>\n                    <span class=\"menu-item\">Mercimek \u00c7orbas\u0131<\/span>\n                    <span class=\"menu-item\">\u0130zmir K\u00f6fte<\/span>\n                    <span class=\"menu-item\">Pirin\u00e7 Pilav\u0131<\/span>\n                    <span class=\"menu-item\">Ayran<\/span>\n                <\/td>\n                <td>\n                    <span class=\"menu-item\">Havu\u00e7 \u00c7orbas\u0131<\/span>\n                    <span class=\"menu-item\">Musakka<\/span>\n                    <span class=\"menu-item\">Makarna<\/span>\n                    <span class=\"menu-item\">Mevsim meyvesi<\/span>\n                <\/td>\n            <\/tr>\n            \n            <!-- 15 Nisan -->\n            <tr>\n                <td class=\"date-column\">15.Nis<\/td>\n                <td>\n                    <span class=\"menu-item\">D\u00fc\u011f\u00fcn \u00c7orbas\u0131<\/span>\n                    <span class=\"menu-item\">Tavuk Sote<\/span>\n                    <span class=\"menu-item\">Sebzeli bulgur pilav\u0131<\/span>\n                    <span class=\"menu-item\">Yo\u011furt<\/span>\n                <\/td>\n                <td>\n                    <span class=\"menu-item\">Mercimek \u00e7orbas\u0131<\/span>\n                    <span class=\"menu-item\">Etli kuru fasulye<\/span>\n                    <span class=\"menu-item\">Pirin\u00e7 pilav\u0131<\/span>\n                    <span class=\"menu-item\">Tur\u015fu<\/span>\n                <\/td>\n            <\/tr>\n            \n            <!-- 16 Nisan -->\n            <tr>\n                <td class=\"date-column\">16.Nis<\/td>\n                <td>\n                    <span class=\"menu-item\">Yayla \u00c7orbas\u0131<\/span>\n                    <span class=\"menu-item\">Zeytinya\u011fl\u0131 taze fasulye<\/span>\n                    <span class=\"menu-item\">Makarna<\/span>\n                    <span class=\"menu-item\">Komposto<\/span>\n                <\/td>\n                <td>\n                    <span class=\"menu-item\">Ezogelin \u00e7orbas\u0131<\/span>\n                    <span class=\"menu-item\">Tas kebab\u0131<\/span>\n                    <span class=\"menu-item\">Pirin\u00e7 Pilav\u0131<\/span>\n                    <span class=\"menu-item\">Cac\u0131k<\/span>\n                <\/td>\n            <\/tr>\n            \n            <!-- 17 Nisan -->\n            <tr>\n                <td class=\"date-column\">17.Nis<\/td>\n                <td>\n                    <span class=\"menu-item\">Kremal\u0131 mantar \u00e7orbas\u0131<\/span>\n                    <span class=\"menu-item\">F\u0131r\u0131n kal\u00e7a but<\/span>\n                    <span class=\"menu-item\">Peynirli b\u00f6rek<\/span>\n                    <span class=\"menu-item\">Mevsim meyvesi<\/span>\n                <\/td>\n                <td>\n                    <span class=\"menu-item\">Tarhana \u00c7orbas\u0131<\/span>\n                    <span class=\"menu-item\">F\u0131r\u0131n Dolma<\/span>\n                    <span class=\"menu-item\">Makarna<\/span>\n                    <span class=\"menu-item\">Yo\u011furt<\/span>\n                <\/td>\n            <\/tr>\n            \n            <!-- 18 Nisan -->\n            <tr>\n                <td class=\"date-column\">18.Nis<\/td>\n                <td>\n                    <span class=\"menu-item\">Domates \u00c7orbas\u0131<\/span>\n                    <span class=\"menu-item\">Tavuk Sote<\/span>\n                    <span class=\"menu-item\">Garnit\u00fcrl\u00fc Pirin\u00e7 Pilav\u0131<\/span>\n                    <span class=\"menu-item\">S\u00fctla\u00e7<\/span>\n                <\/td>\n                <td>\n                    <span class=\"menu-item\">Ezogelin \u00e7orbas\u0131<\/span>\n                    <span class=\"menu-item\">E\u015fkili K\u00f6fte<\/span>\n                    <span class=\"menu-item\">Bulgur Pilav\u0131<\/span>\n                    <span class=\"menu-item\">Mevsim Salata<\/span>\n                <\/td>\n            <\/tr>\n        <\/tbody>\n    <\/table>\n<\/div><\/div><\/div>\t\t\t\t<\/div>\n\t\t\t\t<\/div>\n\t\t\t\t<div class=\"elementor-element elementor-element-7e1e2b4 sc_height_tiny sc_fly_static elementor-widget elementor-widget-spacer\" data-id=\"7e1e2b4\" data-element_type=\"widget\" data-widget_type=\"spacer.default\">\n\t\t\t\t<div class=\"elementor-widget-container\">\n\t\t\t\t\t\t\t<div class=\"elementor-spacer\">\n\t\t\t<div class=\"elementor-spacer-inner\"><\/div>\n\t\t<\/div>\n\t\t\t\t\t\t<\/div>\n\t\t\t\t<\/div>\n\t\t\t\t\t<\/div>\n\t\t<\/div>\n\t\t\t\t\t<\/div>\n\t\t<\/section>\n\t\t\t\t<\/div>","protected":false},"excerpt":{"rendered":"<p>\u00d6\u011fle Yeme\u011fi Men\u00fcs\u00fc Ak\u015fam Yeme\u011fi Men\u00fcs\u00fc 14.Nis Mercimek \u00c7orbas\u0131 \u0130zmir K\u00f6fte Pirin\u00e7 Pilav\u0131 Ayran Havu\u00e7 \u00c7orbas\u0131 Musakka Makarna Mevsim meyvesi 15.Nis D\u00fc\u011f\u00fcn \u00c7orbas\u0131 Tavuk Sote Sebzeli bulgur pilav\u0131 Yo\u011furt Mercimek&hellip;<\/p>","protected":false},"author":1,"featured_media":0,"parent":0,"menu_order":0,"comment_status":"closed","ping_status":"closed","template":"","meta":{"footnotes":""},"class_list":["post-28130","page","type-page","status-publish","hentry"],"aioseo_notices":[],"_links":{"self":[{"href":"https:\/\/digiage.com.tr\/en\/wp-json\/wp\/v2\/pages\/28130","targetHints":{"allow":["GET"]}}],"collection":[{"href":"https:\/\/digiage.com.tr\/en\/wp-json\/wp\/v2\/pages"}],"about":[{"href":"https:\/\/digiage.com.tr\/en\/wp-json\/wp\/v2\/types\/page"}],"author":[{"embeddable":true,"href":"https:\/\/digiage.com.tr\/en\/wp-json\/wp\/v2\/users\/1"}],"replies":[{"embeddable":true,"href":"https:\/\/digiage.com.tr\/en\/wp-json\/wp\/v2\/comments?post=28130"}],"version-history":[{"count":7,"href":"https:\/\/digiage.com.tr\/en\/wp-json\/wp\/v2\/pages\/28130\/revisions"}],"predecessor-version":[{"id":28142,"href":"https:\/\/digiage.com.tr\/en\/wp-json\/wp\/v2\/pages\/28130\/revisions\/28142"}],"wp:attachment":[{"href":"https:\/\/digiage.com.tr\/en\/wp-json\/wp\/v2\/media?parent=28130"}],"curies":[{"name":"wp","href":"https:\/\/api.w.org\/{rel}","templated":true}]}}