{"id":27835,"date":"2024-11-18T13:08:29","date_gmt":"2024-11-18T10:08:29","guid":{"rendered":"https:\/\/digiage.com.tr\/?page_id=27835"},"modified":"2026-03-17T14:01:31","modified_gmt":"2026-03-17T11:01:31","slug":"tubitak-bigg","status":"publish","type":"page","link":"https:\/\/digiage.com.tr\/en\/tubitak-bigg\/","title":{"rendered":"T\u00dcB\u0130TAK B\u0130GG"},"content":{"rendered":"<div data-elementor-type=\"wp-page\" data-elementor-id=\"27835\" class=\"elementor elementor-27835\" data-elementor-settings=\"{&quot;ha_cmc_init_switcher&quot;:&quot;no&quot;}\" data-elementor-post-type=\"page\">\n\t\t\t\t\t\t<section class=\"elementor-section elementor-top-section elementor-element elementor-element-28d7469 elementor-section-boxed elementor-section-height-default elementor-section-height-default sc_fly_static\" data-id=\"28d7469\" data-element_type=\"section\" data-settings=\"{&quot;_ha_eqh_enable&quot;:false}\">\n\t\t\t\t\t\t\t<div class=\"elementor-background-overlay\"><\/div>\n\t\t\t\t\t\t\t<div class=\"elementor-container elementor-column-gap-extended\">\n\t\t\t\t\t<div class=\"elementor-column elementor-col-50 elementor-top-column elementor-element elementor-element-4b878ee sc_inner_width_none sc_content_align_inherit sc_layouts_column_icons_position_left sc_fly_static\" data-id=\"4b878ee\" data-element_type=\"column\">\n\t\t\t<div class=\"elementor-widget-wrap elementor-element-populated\">\n\t\t\t\t\t\t<div class=\"elementor-element elementor-element-a43f42f sc_fly_static elementor-widget elementor-widget-heading\" data-id=\"a43f42f\" data-element_type=\"widget\" data-widget_type=\"heading.default\">\n\t\t\t\t<div class=\"elementor-widget-container\">\n\t\t\t\t\t<h1 class=\"elementor-heading-title elementor-size-default\">T\u00dcB\u0130TAK B\u0130GG 1812 <br>Destek Program\u0131 Nedir?<\/h1>\t\t\t\t<\/div>\n\t\t\t\t<\/div>\n\t\t\t\t<div class=\"elementor-element elementor-element-573ea0c sc_fly_static elementor-widget elementor-widget-text-editor\" data-id=\"573ea0c\" data-element_type=\"widget\" data-widget_type=\"text-editor.default\">\n\t\t\t\t<div class=\"elementor-widget-container\">\n\t\t\t\t\t\t\t\t\t<div class=\"page\" title=\"Page 1\"><div class=\"layoutArea\"><div class=\"column\"><p><span style=\"color: #000000;\">TU\u0308BI\u0307TAK 1812, giris\u0327imcilerin teknoloji ve yenilik odakl\u0131 is\u0327 fikirlerini, katma deg\u0306er ve nitelikli istihdam yaratma potansiyeli yu\u0308ksek s\u0327irketlere do\u0308nu\u0308s\u0327tu\u0308rebilmeleri ic\u0327in fikir as\u0327amas\u0131ndan pazara kadar olan faaliyetlerini destekleyen bir programd\u0131r. Bu sayede nitelikli giris\u0327imcilig\u0306in tes\u0327vik edilmesi ve uluslararas\u0131 piyasalarda rekabet edebilen, yenilikc\u0327i, teknoloji du\u0308zeyi yu\u0308ksek u\u0308ru\u0308n ve su\u0308rec\u0327leri gelis\u0327tirebilen teknoloji tabanl\u0131 bas\u0327lang\u0131c\u0327 firmalar\u0131n\u0131n olus\u0327turulmas\u0131 hedeflenmektedir.<\/span><\/p><\/div><\/div><\/div>\t\t\t\t\t\t\t\t<\/div>\n\t\t\t\t<\/div>\n\t\t\t\t<div class=\"elementor-element elementor-element-24e32ae sc_fly_static elementor-widget elementor-widget-trx_sc_button\" data-id=\"24e32ae\" data-element_type=\"widget\" data-widget_type=\"trx_sc_button.default\">\n\t\t\t\t<div class=\"elementor-widget-container\">\n\t\t\t\t\t<div\tclass=\"sc_item_button sc_button_wrap sc_align_left\" ><a href=\"https:\/\/bilisimvadisi.com.tr\/programlar\/tubitak-bigg\/\" class=\"sc_button sc_button_decoration sc_button_size_normal sc_button_icon_left\" target=\"_blank\" ><span class=\"sc_button_text\"><span class=\"sc_button_title\">Apply Now<\/span><\/span><\/a><\/div>\t\t\t\t<\/div>\n\t\t\t\t<\/div>\n\t\t\t\t\t<\/div>\n\t\t<\/div>\n\t\t\t\t<div class=\"elementor-column elementor-col-50 elementor-top-column elementor-element elementor-element-844b232 sc_inner_width_none sc_content_align_inherit sc_layouts_column_icons_position_left sc_fly_static\" data-id=\"844b232\" data-element_type=\"column\">\n\t\t\t<div class=\"elementor-widget-wrap elementor-element-populated\">\n\t\t\t\t\t\t<div class=\"elementor-element elementor-element-21505d2 elementor-headline--style-highlight sc_fly_static elementor-widget elementor-widget-animated-headline\" data-id=\"21505d2\" data-element_type=\"widget\" data-settings=\"{&quot;marker&quot;:&quot;underline_zigzag&quot;,&quot;highlighted_text&quot;:&quot;Giri\\u015fimini Hayata Ge\\u00e7ir!&quot;,&quot;headline_style&quot;:&quot;highlight&quot;,&quot;loop&quot;:&quot;yes&quot;,&quot;highlight_animation_duration&quot;:1200,&quot;highlight_iteration_delay&quot;:8000}\" data-widget_type=\"animated-headline.default\">\n\t\t\t\t<div class=\"elementor-widget-container\">\n\t\t\t\t\t\t\t<h3 class=\"elementor-headline\">\n\t\t\t\t\t<span class=\"elementor-headline-plain-text elementor-headline-text-wrapper\">Fikrini Oyuna Ta\u015f\u0131,<\/span>\n\t\t\t\t<span class=\"elementor-headline-dynamic-wrapper elementor-headline-text-wrapper\">\n\t\t\t\t\t<span class=\"elementor-headline-dynamic-text elementor-headline-text-active\">Giri\u015fimini Hayata Ge\u00e7ir!<\/span>\n\t\t\t\t<\/span>\n\t\t\t\t<\/h3>\n\t\t\t\t\t\t<\/div>\n\t\t\t\t<\/div>\n\t\t\t\t<div data-parallax-params=\"{&quot;flow&quot;:&quot;in_out&quot;,&quot;range_start&quot;:0,&quot;range_end&quot;:1,&quot;sticky_offset&quot;:0,&quot;ease&quot;:&quot;power2&quot;,&quot;duration&quot;:1.1999999999999999555910790149937383830547332763671875,&quot;squeeze&quot;:1.3000000000000000444089209850062616169452667236328125,&quot;x_start&quot;:-81,&quot;x_end&quot;:0,&quot;x_unit&quot;:&quot;px&quot;,&quot;y_start&quot;:69,&quot;y_end&quot;:0,&quot;y_unit&quot;:&quot;px&quot;,&quot;scale_start&quot;:229,&quot;scale_end&quot;:73,&quot;rotate_start&quot;:0,&quot;rotate_end&quot;:0,&quot;opacity_start&quot;:1,&quot;opacity_end&quot;:1,&quot;text&quot;:&quot;block&quot;,&quot;mouse&quot;:0,&quot;mouse_type&quot;:&quot;transform3d&quot;,&quot;mouse_tilt_amount&quot;:70,&quot;mouse_speed&quot;:10,&quot;mouse_z&quot;:&quot;&quot;,&quot;mouse_handler&quot;:&quot;row&quot;}\" class=\"elementor-element elementor-element-76479cb sc_parallax sc_parallax_in_out elementor-widget__width-initial sc_fly_static elementor-widget elementor-widget-image\" data-id=\"76479cb\" data-element_type=\"widget\" data-widget_type=\"image.default\">\n\t\t\t\t<div class=\"elementor-widget-container\">\n\t\t\t\t\t\t\t\t\t\t\t\t\t\t\t<img decoding=\"async\" src=\"https:\/\/bilisimvadisi.com.tr\/wp-content\/uploads\/2024\/09\/Tubitak_BIGG_Plus_1080x1080.webp\" title=\"\" alt=\"\" loading=\"lazy\" \/>\t\t\t\t\t\t\t\t\t\t\t\t\t\t\t<\/div>\n\t\t\t\t<\/div>\n\t\t\t\t\t<\/div>\n\t\t<\/div>\n\t\t\t\t\t<\/div>\n\t\t<\/section>\n\t\t\t\t<section class=\"elementor-section elementor-top-section elementor-element elementor-element-5b36a0a elementor-section-content-middle elementor-section-boxed elementor-section-height-default elementor-section-height-default sc_fly_static\" data-id=\"5b36a0a\" data-element_type=\"section\" data-settings=\"{&quot;_ha_eqh_enable&quot;:false}\">\n\t\t\t\t\t\t<div class=\"elementor-container elementor-column-gap-extended\">\n\t\t\t\t\t<div class=\"elementor-column elementor-col-100 elementor-top-column elementor-element elementor-element-3c869f9 sc_inner_width_none sc_content_align_inherit sc_layouts_column_icons_position_left sc_fly_static\" data-id=\"3c869f9\" data-element_type=\"column\">\n\t\t\t<div class=\"elementor-widget-wrap elementor-element-populated\">\n\t\t\t\t\t\t<div class=\"elementor-element elementor-element-632dd42 ha-logo-grid--col-4 ha-logo-grid--box ha-logo-grid--col--tablet2 ha-logo-grid--col--mobile2 sc_fly_static elementor-widget elementor-widget-ha-logo-grid happy-addon ha-logo-grid\" data-id=\"632dd42\" data-element_type=\"widget\" data-widget_type=\"ha-logo-grid.default\">\n\t\t\t\t<div class=\"elementor-widget-container\">\n\t\t\t\t\t\n        <div class=\"ha-logo-grid-wrapper\">\n                            <a class=\"ha-logo-grid-item ha-logo-grid-link\" href=\"https:\/\/tubitak.gov.tr\/tr\" target=\"_blank\" rel=\"nofollow\">\n                    <figure class=\"ha-logo-grid-figure\">\n                    <img decoding=\"async\" width=\"328\" height=\"96\" src=\"https:\/\/digiage.com.tr\/wp-content\/uploads\/2024\/11\/client-logo_0000_05.png\" class=\"ha-logo-grid-img elementor-animation-\" alt=\"\" srcset=\"https:\/\/digiage.com.tr\/wp-content\/uploads\/2024\/11\/client-logo_0000_05.png 328w, https:\/\/digiage.com.tr\/wp-content\/uploads\/2024\/11\/client-logo_0000_05-300x88.png 300w, https:\/\/digiage.com.tr\/wp-content\/uploads\/2024\/11\/client-logo_0000_05-18x5.png 18w\" sizes=\"(max-width: 600px) 100vw, 328px\" \/>                    <\/figure>\n                <\/a>\n                            <a class=\"ha-logo-grid-item ha-logo-grid-link\" href=\"https:\/\/bigg.tubitak.gov.tr\/\" target=\"_blank\" rel=\"nofollow\">\n                    <figure class=\"ha-logo-grid-figure\">\n                    <img decoding=\"async\" width=\"328\" height=\"96\" src=\"https:\/\/digiage.com.tr\/wp-content\/uploads\/2024\/11\/client-logo_0002_03.png\" class=\"ha-logo-grid-img elementor-animation-\" alt=\"\" srcset=\"https:\/\/digiage.com.tr\/wp-content\/uploads\/2024\/11\/client-logo_0002_03.png 328w, https:\/\/digiage.com.tr\/wp-content\/uploads\/2024\/11\/client-logo_0002_03-300x88.png 300w, https:\/\/digiage.com.tr\/wp-content\/uploads\/2024\/11\/client-logo_0002_03-18x5.png 18w\" sizes=\"(max-width: 600px) 100vw, 328px\" \/>                    <\/figure>\n                <\/a>\n                            <a class=\"ha-logo-grid-item ha-logo-grid-link\" href=\"https:\/\/bilisimvadisi.com.tr\/\" target=\"_blank\" rel=\"nofollow\">\n                    <figure class=\"ha-logo-grid-figure\">\n                    <img decoding=\"async\" width=\"328\" height=\"96\" src=\"https:\/\/digiage.com.tr\/wp-content\/uploads\/2024\/11\/client-logo_0004_01.png\" class=\"ha-logo-grid-img elementor-animation-\" alt=\"\" srcset=\"https:\/\/digiage.com.tr\/wp-content\/uploads\/2024\/11\/client-logo_0004_01.png 328w, https:\/\/digiage.com.tr\/wp-content\/uploads\/2024\/11\/client-logo_0004_01-300x88.png 300w, https:\/\/digiage.com.tr\/wp-content\/uploads\/2024\/11\/client-logo_0004_01-18x5.png 18w\" sizes=\"(max-width: 600px) 100vw, 328px\" \/>                    <\/figure>\n                <\/a>\n                            <a class=\"ha-logo-grid-item ha-logo-grid-link\" href=\"#\" target=\"_blank\" rel=\"nofollow\">\n                    <figure class=\"ha-logo-grid-figure\">\n                    <img loading=\"lazy\" decoding=\"async\" width=\"328\" height=\"96\" src=\"https:\/\/digiage.com.tr\/wp-content\/uploads\/2024\/11\/client-logo_0003_02.png\" class=\"ha-logo-grid-img elementor-animation-\" alt=\"\" srcset=\"https:\/\/digiage.com.tr\/wp-content\/uploads\/2024\/11\/client-logo_0003_02.png 328w, https:\/\/digiage.com.tr\/wp-content\/uploads\/2024\/11\/client-logo_0003_02-300x88.png 300w, https:\/\/digiage.com.tr\/wp-content\/uploads\/2024\/11\/client-logo_0003_02-18x5.png 18w\" sizes=\"(max-width: 600px) 100vw, 328px\" \/>                    <\/figure>\n                <\/a>\n                    <\/div>\n\n        \t\t\t\t<\/div>\n\t\t\t\t<\/div>\n\t\t\t\t\t<\/div>\n\t\t<\/div>\n\t\t\t\t\t<\/div>\n\t\t<\/section>\n\t\t\t\t<section class=\"elementor-section elementor-top-section elementor-element elementor-element-8dace7b elementor-section-boxed elementor-section-height-default elementor-section-height-default sc_fly_static\" data-id=\"8dace7b\" data-element_type=\"section\" data-settings=\"{&quot;background_background&quot;:&quot;classic&quot;,&quot;_ha_eqh_enable&quot;:false}\">\n\t\t\t\t\t\t<div class=\"elementor-container elementor-column-gap-extended\">\n\t\t\t\t\t<div class=\"elementor-column elementor-col-100 elementor-top-column elementor-element elementor-element-75fa493 sc_inner_width_none sc_content_align_inherit sc_layouts_column_icons_position_left sc_fly_static\" data-id=\"75fa493\" data-element_type=\"column\">\n\t\t\t<div class=\"elementor-widget-wrap elementor-element-populated\">\n\t\t\t\t\t\t<div class=\"elementor-element elementor-element-05587b0 sc_fly_static elementor-widget elementor-widget-heading\" data-id=\"05587b0\" data-element_type=\"widget\" data-widget_type=\"heading.default\">\n\t\t\t\t<div class=\"elementor-widget-container\">\n\t\t\t\t\t<h3 class=\"elementor-heading-title elementor-size-default\">T\u00dcB\u0130TAK B\u0130GG 1812 Yat\u0131r\u0131m Tabanl\u0131 Giri\u015fimcilik Destek Program\u0131 A\u015famalar\u0131<\/h3>\t\t\t\t<\/div>\n\t\t\t\t<\/div>\n\t\t\t\t<div class=\"elementor-element elementor-element-3f3f67e sc_fly_static elementor-widget elementor-widget-text-editor\" data-id=\"3f3f67e\" data-element_type=\"widget\" data-widget_type=\"text-editor.default\">\n\t\t\t\t<div class=\"elementor-widget-container\">\n\t\t\t\t\t\t\t\t\t<div class=\"page\" title=\"Page 2\"><div class=\"layoutArea\"><div class=\"column\"><p><span style=\"color: #000000;\">DIGIAGE, oyun teknolojileri alan\u0131na katk\u0131 sag\u0306layacak is\u0327 fikri say\u0131s\u0131n\u0131 artt\u0131rmak ve bu alanda nitelikli giris\u0327imci yetis\u0327mesine ortak olmak amac\u0131yla Bilis\u0327im Vadisi\u00a0 is\u0327 birlig\u0306i ile BI\u0307GG program\u0131na ilis\u0327kin destek faaliyetleri yu\u0308ru\u0308tmektedir. TU\u0308BI\u0307TAK BI\u0307GG su\u0308reci, iki as\u0327amadan olus\u0327maktad\u0131r. 1. As\u0327ama olan proje deg\u0306erlendirme ve is\u0327 plan\u0131 haz\u0131rl\u0131g\u0306\u0131 su\u0308reci Bilis\u0327im Vadisi ve DIGIAGE\u00a0 taraf\u0131ndan yu\u0308ru\u0308tu\u0308lmekte, 2. As\u0327ama deg\u0306erlendirmesi ise TU\u0308BI\u0307TAK taraf\u0131ndan gerc\u0327ekles\u0327tirilmektedir.<\/span><\/p><\/div><\/div><\/div>\t\t\t\t\t\t\t\t<\/div>\n\t\t\t\t<\/div>\n\t\t\t\t\t<\/div>\n\t\t<\/div>\n\t\t\t\t\t<\/div>\n\t\t<\/section>\n\t\t\t\t<section class=\"elementor-section elementor-top-section elementor-element elementor-element-75a2fe8 elementor-section-boxed elementor-section-height-default elementor-section-height-default sc_fly_static\" data-id=\"75a2fe8\" data-element_type=\"section\" data-settings=\"{&quot;background_background&quot;:&quot;classic&quot;,&quot;_ha_eqh_enable&quot;:false}\">\n\t\t\t\t\t\t<div class=\"elementor-container elementor-column-gap-extended\">\n\t\t\t\t\t<div class=\"elementor-column elementor-col-50 elementor-top-column elementor-element elementor-element-4302959 sc_inner_width_none sc_content_align_inherit sc_layouts_column_icons_position_left sc_fly_static\" data-id=\"4302959\" data-element_type=\"column\">\n\t\t\t<div class=\"elementor-widget-wrap elementor-element-populated\">\n\t\t\t\t\t\t<div class=\"elementor-element elementor-element-6f34317 sc_fly_static elementor-widget elementor-widget-heading\" data-id=\"6f34317\" data-element_type=\"widget\" data-widget_type=\"heading.default\">\n\t\t\t\t<div class=\"elementor-widget-container\">\n\t\t\t\t\t<h3 class=\"elementor-heading-title elementor-size-default\">T\u00dcB\u0130TAK B\u0130GG 1812 Destek Program\u0131ndan Kimler Yararlanabilir?<\/h3>\t\t\t\t<\/div>\n\t\t\t\t<\/div>\n\t\t\t\t<div class=\"elementor-element elementor-element-90f23b7 sc_fly_static elementor-widget elementor-widget-text-editor\" data-id=\"90f23b7\" data-element_type=\"widget\" data-widget_type=\"text-editor.default\">\n\t\t\t\t<div class=\"elementor-widget-container\">\n\t\t\t\t\t\t\t\t\t<div class=\"page\" title=\"Page 2\"><div class=\"layoutArea\"><div class=\"column\"><div class=\"page\" title=\"Page 2\"><div class=\"layoutArea\"><div class=\"column\"><ul><li><p><span style=\"color: #000000;\">Program kapsam\u0131nda teknoloji ve yenilik odakl\u0131 giris\u0327im faaliyetinde bulunmaya aday,<\/span><\/p><\/li><li><p><span style=\"color: #000000;\">O\u0308n bas\u0327vuru tarihi itibariyle u\u0308niversitelerin herhangi bir o\u0308n lisans, lisans, yu\u0308ksek lisans<\/span><\/p><p><span style=\"color: #000000;\">veya doktora program\u0131na kay\u0131tl\u0131 o\u0308g\u0306renci ya da bu programlardan mezun,<\/span><\/p><\/li><li><p><span style=\"color: #000000;\">Daha o\u0308nce Sanayi ve Teknoloji Bakanl\u0131g\u0306\u0131 Teknogiris\u0327im Sermayesi Desteg\u0306i ya da<\/span><\/p><p><span style=\"color: #000000;\">TU\u0308BI\u0307TAK 1512 Program\u0131 2. As\u0327amas\u0131 kapsam\u0131nda destek almam\u0131s\u0327,<\/span><\/p><\/li><li><p><span style=\"color: #000000;\">O\u0308n bas\u0327vuru tarihi itibariyle herhangi bir is\u0327letmenin ortakl\u0131k yap\u0131s\u0131nda yer almam\u0131s\u0327<\/span><\/p><p><span style=\"color: #000000;\">kis\u0327iler yararlanabilir.<\/span><\/p><\/li><\/ul><\/div><\/div><\/div><\/div><\/div><\/div>\t\t\t\t\t\t\t\t<\/div>\n\t\t\t\t<\/div>\n\t\t\t\t\t<\/div>\n\t\t<\/div>\n\t\t\t\t<div class=\"elementor-column elementor-col-50 elementor-top-column elementor-element elementor-element-404176e sc_inner_width_none sc_content_align_inherit sc_layouts_column_icons_position_left sc_fly_static\" data-id=\"404176e\" data-element_type=\"column\">\n\t\t\t<div class=\"elementor-widget-wrap elementor-element-populated\">\n\t\t\t\t\t\t<div class=\"elementor-element elementor-element-f909a7d sc_fly_static elementor-widget elementor-widget-heading\" data-id=\"f909a7d\" data-element_type=\"widget\" data-widget_type=\"heading.default\">\n\t\t\t\t<div class=\"elementor-widget-container\">\n\t\t\t\t\t<h3 class=\"elementor-heading-title elementor-size-default\">Ana Dikeyler<\/h3>\t\t\t\t<\/div>\n\t\t\t\t<\/div>\n\t\t\t\t<div class=\"elementor-element elementor-element-47839bf sc_fly_static elementor-widget elementor-widget-text-editor\" data-id=\"47839bf\" data-element_type=\"widget\" data-widget_type=\"text-editor.default\">\n\t\t\t\t<div class=\"elementor-widget-container\">\n\t\t\t\t\t\t\t\t\t<div class=\"page\" title=\"Page 2\"><div class=\"layoutArea\"><div class=\"column\"><div class=\"page\" title=\"Page 2\"><div class=\"layoutArea\"><div class=\"column\"><div class=\"page\" title=\"Page 2\"><div class=\"layoutArea\"><div class=\"column\"><ul><li><p><span style=\"color: #000000;\">Ak\u0131ll\u0131 Ulas\u0327\u0131m<\/span><\/p><\/li><li><p><span style=\"color: #000000;\">Ak\u0131ll\u0131 U\u0308retim Sistemleri<\/span><\/p><\/li><li><p><span style=\"color: #000000;\">Enerji ve Temiz Teknolojiler<\/span><\/p><\/li><li><p><span style=\"color: #000000;\">I\u0307letis\u0327im ve Say\u0131sal Do\u0308nu\u0308s\u0327u\u0308m<\/span><\/p><\/li><li><p><span style=\"color: #000000;\">Sag\u0306l\u0131k ve I\u0307yi Yas\u0327am<\/span><\/p><\/li><li><p><span style=\"color: #000000;\">Su\u0308rdu\u0308ru\u0308lebilir Tar\u0131m ve Beslenme<\/span><\/p><\/li><\/ul><\/div><\/div><\/div><\/div><\/div><\/div><\/div><\/div><\/div>\t\t\t\t\t\t\t\t<\/div>\n\t\t\t\t<\/div>\n\t\t\t\t\t<\/div>\n\t\t<\/div>\n\t\t\t\t\t<\/div>\n\t\t<\/section>\n\t\t\t\t<section class=\"elementor-section elementor-top-section elementor-element elementor-element-72a5787 elementor-section-boxed elementor-section-height-default elementor-section-height-default sc_fly_static\" data-id=\"72a5787\" data-element_type=\"section\" data-settings=\"{&quot;background_background&quot;:&quot;classic&quot;,&quot;_ha_eqh_enable&quot;:false}\">\n\t\t\t\t\t\t<div class=\"elementor-container elementor-column-gap-extended\">\n\t\t\t\t\t<div class=\"elementor-column elementor-col-100 elementor-top-column elementor-element elementor-element-c67d82c sc_inner_width_none sc_content_align_inherit sc_layouts_column_icons_position_left sc_fly_static\" data-id=\"c67d82c\" data-element_type=\"column\">\n\t\t\t<div class=\"elementor-widget-wrap elementor-element-populated\">\n\t\t\t\t\t\t<div class=\"elementor-element elementor-element-c5e312e sc_fly_static elementor-widget elementor-widget-heading\" data-id=\"c5e312e\" data-element_type=\"widget\" data-widget_type=\"heading.default\">\n\t\t\t\t<div class=\"elementor-widget-container\">\n\t\t\t\t\t<h3 class=\"elementor-heading-title elementor-size-default\">Bili\u015fim Vadisi DIGIAGE Destekleri Nelerdir?<\/h3>\t\t\t\t<\/div>\n\t\t\t\t<\/div>\n\t\t\t\t<div class=\"elementor-element elementor-element-7f34def sc_fly_static elementor-widget elementor-widget-text-editor\" data-id=\"7f34def\" data-element_type=\"widget\" data-widget_type=\"text-editor.default\">\n\t\t\t\t<div class=\"elementor-widget-container\">\n\t\t\t\t\t\t\t\t\t<div class=\"page\" title=\"Page 2\"><div class=\"layoutArea\"><div class=\"column\"><div class=\"page\" title=\"Page 3\"><div class=\"layoutArea\"><div class=\"column\"><p>\u2022\u2060 \u2060Program sonras\u0131nda Bili\u015fim Vadisi Yat\u0131r\u0131m Fonlar\u0131 (GSYF ve 4. GSYF) taraf\u0131ndan de\u011ferlendirilme imk\u00e2n\u0131<br \/>\u2022\u2060 \u2060Cloud altyap\u0131 deste\u011fi<br \/>\u2022\u2060 \u206012 ay boyunca \u00fccretsiz a\u00e7\u0131k ofis imk\u00e2n\u0131<br \/>\u2022\u2060 \u2060Patent ba\u015fvuru s\u00fcrecinde har\u00e7 bedeli deste\u011fi<br \/>\u2022\u2060 \u2060Bili\u015fim Vadisi x DIGIAGE i\u015f birli\u011fi ile oyun teknolojileri alan\u0131ndaki giri\u015fimcilere e\u015f yat\u0131r\u0131m f\u0131rsat\u0131<br \/>\u2022\u2060 \u2060Do\u011frulanm\u0131\u015f i\u015f modeli geli\u015ftirme, \u015firketle\u015fme deste\u011fi ve yat\u0131r\u0131mc\u0131ya haz\u0131r sunum<br \/>\u2022\u2060 \u2060H\u0131zland\u0131rma programlar\u0131 ve kurumsal i\u015f birliklerinden faydalanma imk\u00e2n\u0131<br \/>\u2022\u2060 \u2060Bili\u015fim Vadisi\u2019nin Eduvence platformunda se\u00e7ili e\u011fitim i\u00e7eriklerine \u00fccretsiz eri\u015fim<br \/>\u2022\u2060 \u2060Bili\u015fim Vadisi\u2019nin Mentornity platformu \u00fczerinden alanlar\u0131nda uzman mentor a\u011f\u0131na eri\u015fim ile birebir mentorluk<\/p><\/div><\/div><\/div><\/div><\/div><\/div>\t\t\t\t\t\t\t\t<\/div>\n\t\t\t\t<\/div>\n\t\t\t\t\t<\/div>\n\t\t<\/div>\n\t\t\t\t\t<\/div>\n\t\t<\/section>\n\t\t\t\t<section class=\"elementor-section elementor-top-section elementor-element elementor-element-295f045 elementor-section-boxed elementor-section-height-default elementor-section-height-default sc_fly_static\" data-id=\"295f045\" data-element_type=\"section\" data-settings=\"{&quot;_ha_eqh_enable&quot;:false}\">\n\t\t\t\t\t\t<div class=\"elementor-container elementor-column-gap-extended\">\n\t\t\t\t\t<div class=\"elementor-column elementor-col-100 elementor-top-column elementor-element elementor-element-86739a9 sc_inner_width_none sc_content_align_inherit sc_layouts_column_icons_position_left sc_fly_static\" data-id=\"86739a9\" data-element_type=\"column\">\n\t\t\t<div class=\"elementor-widget-wrap elementor-element-populated\">\n\t\t\t\t\t\t<div class=\"elementor-element elementor-element-690cd35 sc_fly_static elementor-widget elementor-widget-trx_sc_button\" data-id=\"690cd35\" data-element_type=\"widget\" data-widget_type=\"trx_sc_button.default\">\n\t\t\t\t<div class=\"elementor-widget-container\">\n\t\t\t\t\t<div\tclass=\"sc_item_button sc_button_wrap sc_align_center\" ><a href=\"https:\/\/bilisimvadisi.com.tr\/programlar\/tubitak-bigg\/\" class=\"sc_button sc_button_decoration sc_button_size_normal sc_button_icon_left\" target=\"_blank\" ><span class=\"sc_button_text\"><span class=\"sc_button_title\">Detayl\u0131 Bilgi \u0130\u00e7in<\/span><\/span><\/a><\/div>\t\t\t\t<\/div>\n\t\t\t\t<\/div>\n\t\t\t\t\t<\/div>\n\t\t<\/div>\n\t\t\t\t\t<\/div>\n\t\t<\/section>\n\t\t\t\t<\/div>","protected":false},"excerpt":{"rendered":"<p>T\u00dcB\u0130TAK B\u0130GG 1812 Destek Program\u0131 Nedir? TU\u0308BI\u0307TAK 1812, giris\u0327imcilerin teknoloji ve yenilik odakl\u0131 is\u0327 fikirlerini, katma deg\u0306er ve nitelikli istihdam yaratma potansiyeli yu\u0308ksek s\u0327irketlere do\u0308nu\u0308s\u0327tu\u0308rebilmeleri ic\u0327in fikir as\u0327amas\u0131ndan pazara kadar&hellip;<\/p>","protected":false},"author":1,"featured_media":0,"parent":0,"menu_order":0,"comment_status":"closed","ping_status":"closed","template":"","meta":{"footnotes":""},"class_list":["post-27835","page","type-page","status-publish","hentry"],"aioseo_notices":[],"_links":{"self":[{"href":"https:\/\/digiage.com.tr\/en\/wp-json\/wp\/v2\/pages\/27835","targetHints":{"allow":["GET"]}}],"collection":[{"href":"https:\/\/digiage.com.tr\/en\/wp-json\/wp\/v2\/pages"}],"about":[{"href":"https:\/\/digiage.com.tr\/en\/wp-json\/wp\/v2\/types\/page"}],"author":[{"embeddable":true,"href":"https:\/\/digiage.com.tr\/en\/wp-json\/wp\/v2\/users\/1"}],"replies":[{"embeddable":true,"href":"https:\/\/digiage.com.tr\/en\/wp-json\/wp\/v2\/comments?post=27835"}],"version-history":[{"count":70,"href":"https:\/\/digiage.com.tr\/en\/wp-json\/wp\/v2\/pages\/27835\/revisions"}],"predecessor-version":[{"id":28419,"href":"https:\/\/digiage.com.tr\/en\/wp-json\/wp\/v2\/pages\/27835\/revisions\/28419"}],"wp:attachment":[{"href":"https:\/\/digiage.com.tr\/en\/wp-json\/wp\/v2\/media?parent=27835"}],"curies":[{"name":"wp","href":"https:\/\/api.w.org\/{rel}","templated":true}]}}