{"id":27616,"date":"2024-07-29T12:21:15","date_gmt":"2024-07-29T09:21:15","guid":{"rendered":"https:\/\/digiage.com.tr\/?page_id=27616"},"modified":"2024-08-15T23:10:53","modified_gmt":"2024-08-15T20:10:53","slug":"digiage-2-0-forum","status":"publish","type":"page","link":"https:\/\/digiage.com.tr\/en\/digiage-2-0-forum\/","title":{"rendered":"DIGIAGE 2.0 FORUM"},"content":{"rendered":"<div data-elementor-type=\"wp-page\" data-elementor-id=\"27616\" class=\"elementor elementor-27616\" data-elementor-settings=\"{&quot;ha_cmc_init_switcher&quot;:&quot;no&quot;}\" data-elementor-post-type=\"page\">\n\t\t\t\t\t\t<section class=\"elementor-section elementor-top-section elementor-element elementor-element-28d7469 elementor-section-boxed elementor-section-height-default elementor-section-height-default sc_fly_static\" data-id=\"28d7469\" data-element_type=\"section\" data-settings=\"{&quot;_ha_eqh_enable&quot;:false}\">\n\t\t\t\t\t\t\t<div class=\"elementor-background-overlay\"><\/div>\n\t\t\t\t\t\t\t<div class=\"elementor-container elementor-column-gap-extended\">\n\t\t\t\t\t<div class=\"elementor-column elementor-col-50 elementor-top-column elementor-element elementor-element-4b878ee sc_inner_width_none sc_content_align_inherit sc_layouts_column_icons_position_left sc_fly_static\" data-id=\"4b878ee\" data-element_type=\"column\">\n\t\t\t<div class=\"elementor-widget-wrap elementor-element-populated\">\n\t\t\t\t\t\t<div class=\"elementor-element elementor-element-83acc30 sc_fly_static elementor-widget elementor-widget-trx_sc_title\" data-id=\"83acc30\" data-element_type=\"widget\" data-widget_type=\"trx_sc_title.default\">\n\t\t\t\t<div class=\"elementor-widget-container\">\n\t\t\t\t\t<div\t\tclass=\"sc_title sc_title_default\" ><h1 class=\"sc_item_title sc_title_title sc_item_title_style_default sc_item_title_tag\"\n\t\t\t><span class=\"sc_item_title_text\">DIGIAGE 2.0 FORUM<\/span><\/h1><\/div>\t\t\t\t<\/div>\n\t\t\t\t<\/div>\n\t\t\t\t<div class=\"elementor-element elementor-element-247142e sc_height_tiny sc_fly_static elementor-widget elementor-widget-spacer\" data-id=\"247142e\" data-element_type=\"widget\" data-widget_type=\"spacer.default\">\n\t\t\t\t<div class=\"elementor-widget-container\">\n\t\t\t\t\t\t\t<div class=\"elementor-spacer\">\n\t\t\t<div class=\"elementor-spacer-inner\"><\/div>\n\t\t<\/div>\n\t\t\t\t\t\t<\/div>\n\t\t\t\t<\/div>\n\t\t\t\t<div class=\"elementor-element elementor-element-573ea0c sc_fly_static elementor-widget elementor-widget-text-editor\" data-id=\"573ea0c\" data-element_type=\"widget\" data-widget_type=\"text-editor.default\">\n\t\t\t\t<div class=\"elementor-widget-container\">\n\t\t\t\t\t\t\t\t\t<p>Dear Stakeholders<\/p><p>With the approval of our Ministry of Industry and Technology, we as Bili\u015fim Vadisi DIGIAGE are proud to host a significant event that will shape the future of the gaming industry. In this context, we are excited to share the closing event of our Erasmus+ project, which will include participation from leading gaming companies, investors, and public institutions.<\/p><p>At this forum, DIGIAGE will introduce its new roadmap and share its strategic plans to expand the Turkish gaming ecosystem and achieve international success.<\/p><p>We would be delighted to have you join us at the event, which will be held on August 16, 2024, at 9:00 AM at our Gebze campus with the participation of stakeholder institutions.<\/p><p>Best regards,<br \/>Bili\u015fim Vadisi | DIGIAGE<\/p>\t\t\t\t\t\t\t\t<\/div>\n\t\t\t\t<\/div>\n\t\t\t\t<div class=\"elementor-element elementor-element-cc4cf1a sc_fly_static elementor-widget elementor-widget-spacer\" data-id=\"cc4cf1a\" data-element_type=\"widget\" data-widget_type=\"spacer.default\">\n\t\t\t\t<div class=\"elementor-widget-container\">\n\t\t\t\t\t\t\t<div class=\"elementor-spacer\">\n\t\t\t<div class=\"elementor-spacer-inner\"><\/div>\n\t\t<\/div>\n\t\t\t\t\t\t<\/div>\n\t\t\t\t<\/div>\n\t\t\t\t<div class=\"elementor-element elementor-element-34233f9 elementor-align-left sc_fly_static elementor-widget elementor-widget-button\" data-id=\"34233f9\" data-element_type=\"widget\" data-widget_type=\"button.default\">\n\t\t\t\t<div class=\"elementor-widget-container\">\n\t\t\t\t\t\t\t\t\t<div class=\"elementor-button-wrapper\">\n\t\t\t\t\t<a class=\"elementor-button elementor-button-link elementor-size-sm\" href=\"#kayitformu\">\n\t\t\t\t\t\t<span class=\"elementor-button-content-wrapper\">\n\t\t\t\t\t\t<span class=\"elementor-button-icon\">\n\t\t\t\t<i aria-hidden=\"true\" class=\"fas fa-angle-down\"><\/i>\t\t\t<\/span>\n\t\t\t\t\t\t\t\t\t<span class=\"elementor-button-text\">Registration Form<\/span>\n\t\t\t\t\t<\/span>\n\t\t\t\t\t<\/a>\n\t\t\t\t<\/div>\n\t\t\t\t\t\t\t\t<\/div>\n\t\t\t\t<\/div>\n\t\t\t\t<div class=\"elementor-element elementor-element-711a21e sc_height_tiny sc_fly_static elementor-widget elementor-widget-spacer\" data-id=\"711a21e\" data-element_type=\"widget\" data-widget_type=\"spacer.default\">\n\t\t\t\t<div class=\"elementor-widget-container\">\n\t\t\t\t\t\t\t<div class=\"elementor-spacer\">\n\t\t\t<div class=\"elementor-spacer-inner\"><\/div>\n\t\t<\/div>\n\t\t\t\t\t\t<\/div>\n\t\t\t\t<\/div>\n\t\t\t\t\t<\/div>\n\t\t<\/div>\n\t\t\t\t<div class=\"elementor-column elementor-col-50 elementor-top-column elementor-element elementor-element-844b232 sc_inner_width_none sc_content_align_inherit sc_layouts_column_icons_position_left sc_fly_static\" data-id=\"844b232\" data-element_type=\"column\">\n\t\t\t<div class=\"elementor-widget-wrap elementor-element-populated\">\n\t\t\t\t\t\t<div data-parallax-params=\"{&quot;flow&quot;:&quot;in_out&quot;,&quot;range_start&quot;:0,&quot;range_end&quot;:1,&quot;sticky_offset&quot;:0,&quot;ease&quot;:&quot;power2&quot;,&quot;duration&quot;:1.1999999999999999555910790149937383830547332763671875,&quot;squeeze&quot;:1.3000000000000000444089209850062616169452667236328125,&quot;x_start&quot;:-81,&quot;x_end&quot;:0,&quot;x_unit&quot;:&quot;px&quot;,&quot;y_start&quot;:69,&quot;y_end&quot;:0,&quot;y_unit&quot;:&quot;px&quot;,&quot;scale_start&quot;:229,&quot;scale_end&quot;:73,&quot;rotate_start&quot;:0,&quot;rotate_end&quot;:0,&quot;opacity_start&quot;:1,&quot;opacity_end&quot;:1,&quot;text&quot;:&quot;block&quot;,&quot;mouse&quot;:0,&quot;mouse_type&quot;:&quot;transform3d&quot;,&quot;mouse_tilt_amount&quot;:70,&quot;mouse_speed&quot;:10,&quot;mouse_z&quot;:&quot;&quot;,&quot;mouse_handler&quot;:&quot;row&quot;}\" class=\"elementor-element elementor-element-6b67c88 sc_parallax sc_parallax_in_out elementor-widget__width-initial sc_fly_static elementor-widget elementor-widget-image\" data-id=\"6b67c88\" data-element_type=\"widget\" data-widget_type=\"image.default\">\n\t\t\t\t<div class=\"elementor-widget-container\">\n\t\t\t\t\t\t\t\t\t\t\t\t\t\t\t<img fetchpriority=\"high\" decoding=\"async\" width=\"1200\" height=\"1200\" src=\"https:\/\/digiage.com.tr\/wp-content\/uploads\/2024\/08\/forum20-en.webp\" class=\"attachment-full size-full wp-image-27676\" alt=\"\" srcset=\"https:\/\/digiage.com.tr\/wp-content\/uploads\/2024\/08\/forum20-en.webp 1200w, https:\/\/digiage.com.tr\/wp-content\/uploads\/2024\/08\/forum20-en-300x300.webp 300w, https:\/\/digiage.com.tr\/wp-content\/uploads\/2024\/08\/forum20-en-1024x1024.webp 1024w, https:\/\/digiage.com.tr\/wp-content\/uploads\/2024\/08\/forum20-en-150x150.webp 150w, https:\/\/digiage.com.tr\/wp-content\/uploads\/2024\/08\/forum20-en-768x768.webp 768w, https:\/\/digiage.com.tr\/wp-content\/uploads\/2024\/08\/forum20-en-12x12.webp 12w, https:\/\/digiage.com.tr\/wp-content\/uploads\/2024\/08\/forum20-en-370x370.webp 370w, https:\/\/digiage.com.tr\/wp-content\/uploads\/2024\/08\/forum20-en-120x120.webp 120w, https:\/\/digiage.com.tr\/wp-content\/uploads\/2024\/08\/forum20-en-840x840.webp 840w, https:\/\/digiage.com.tr\/wp-content\/uploads\/2024\/08\/forum20-en-410x410.webp 410w\" sizes=\"(max-width: 1200px) 100vw, 1200px\" \/>\t\t\t\t\t\t\t\t\t\t\t\t\t\t\t<\/div>\n\t\t\t\t<\/div>\n\t\t\t\t\t<\/div>\n\t\t<\/div>\n\t\t\t\t\t<\/div>\n\t\t<\/section>\n\t\t\t\t<section class=\"elementor-section elementor-top-section elementor-element elementor-element-e7136db elementor-section-boxed elementor-section-height-default elementor-section-height-default sc_fly_static\" data-id=\"e7136db\" data-element_type=\"section\" data-settings=\"{&quot;_ha_eqh_enable&quot;:false}\">\n\t\t\t\t\t\t<div class=\"elementor-container elementor-column-gap-extended\">\n\t\t\t\t\t<div class=\"elementor-column elementor-col-100 elementor-top-column elementor-element elementor-element-5d90e75 sc_inner_width_none sc_content_align_inherit sc_layouts_column_icons_position_left sc_fly_static\" data-id=\"5d90e75\" data-element_type=\"column\">\n\t\t\t<div class=\"elementor-widget-wrap elementor-element-populated\">\n\t\t\t\t\t\t<div class=\"elementor-element elementor-element-323916d sc_fly_static elementor-widget elementor-widget-trx_sc_title\" data-id=\"323916d\" data-element_type=\"widget\" data-widget_type=\"trx_sc_title.default\">\n\t\t\t\t<div class=\"elementor-widget-container\">\n\t\t\t\t\t<div\t\tclass=\"sc_title sc_title_default\" ><h4 class=\"sc_item_title sc_title_title sc_item_title_style_default sc_item_title_tag\"\n\t\t\t><span class=\"sc_item_title_text\">Program Flow<\/span><\/h4><\/div>\t\t\t\t<\/div>\n\t\t\t\t<\/div>\n\t\t\t\t<div class=\"elementor-element elementor-element-2be1f2a sc_fly_static elementor-widget elementor-widget-text-editor\" data-id=\"2be1f2a\" data-element_type=\"widget\" data-widget_type=\"text-editor.default\">\n\t\t\t\t<div class=\"elementor-widget-container\">\n\t\t\t\t\t\t\t\t\t<table width=\"611\">\n<tbody>\n<tr>\n<td colspan=\"2\" width=\"611\">\n<p><strong>DIGIAGE 2.0 FORUM<\/strong><\/p>\n<\/td>\n<\/tr>\n<tr>\n<td width=\"137\">\n<p><strong>09.00 - 10.00<\/strong><\/p>\n<\/td>\n<td width=\"474\">\n<p><strong>Registration and Catering<\/strong><\/p>\n<\/td>\n<\/tr>\n<tr>\n<td width=\"137\">\n<p><strong>10.00 - 10.45<\/strong><\/p>\n<\/td>\n<td width=\"474\">\n<p><strong>Opening Speeches<\/strong><\/p>\n<p>&nbsp;Mr. Erkam T\u00fczgen, General Manager of Informatics Valley<\/p>\n<p>&nbsp;Mr. Bilal Macit General Manager of R&amp;D Incentives at the Ministry of Industry and Technology<\/p>\n<\/td>\n<\/tr>\n<tr>\n<td width=\"137\">\n<p><strong>10.45 &#8211; 10.50<\/strong><\/p>\n<\/td>\n<td width=\"474\">\n<p><strong>DIGIAGE Promotional Movie<\/strong><\/p>\n<\/td>\n<\/tr>\n<tr>\n<td width=\"137\">\n<p><strong>10.50 &#8211; 11.05<\/strong><\/p>\n<\/td>\n<td width=\"474\">\n<p><strong>DIGIAGE Version 2<\/strong><\/p>\n<p>Mr. Emre Yildiz - DIGIAGE Director<\/p>\n<\/td>\n<\/tr>\n<tr>\n<td width=\"137\">\n<p><strong>11.05 - 11.15<\/strong><\/p>\n<\/td>\n<td width=\"474\">\n<p>Panel: <strong>The Purpose of the DIGIAGE Game Fund <\/strong><\/p>\n<p>Mr. Emre Yildiz -&nbsp;<span style=\"background-color: rgb(249, 250, 255); font-family: &quot;DM Sans&quot;, sans-serif; font-size: 16px; font-style: normal; font-weight: 400; letter-spacing: 0.1px; color: var(--theme-color-text);\">DIGIAGE Director<\/span><\/p>\n<p>Mr. Mustafa Ke\u00e7eli, APY Ventures Fund Manager<\/p>\n<\/td>\n<\/tr>\n<tr>\n<td width=\"137\">\n<p><strong>11.15 &#8211; 11.20<\/strong><\/p>\n<\/td>\n<td width=\"474\">\n<p><strong>Family Photo<\/strong><\/p>\n<\/td>\n<\/tr>\n<tr>\n<td width=\"137\">\n<p><strong>11.20 &#8211; 11.50<\/strong><\/p>\n<\/td>\n<td width=\"474\">\n<p><strong>Coffee Break (Stand visits)<\/strong><\/p>\n<\/td>\n<\/tr>\n<tr>\n<td width=\"137\">\n<p><strong>11.50 - 12.00<\/strong><\/p>\n<\/td>\n<td width=\"474\">\n<p><strong>Internationalization of the Turkish IT Sector and<\/strong><\/p>\n<p><strong>E-TURQUALITY (Stars of Informatics) Program<\/strong><\/p>\n<p>Mr. Ali Burak Bozta\u015f - Ministry of Trade - Trade Expert<\/p>\n<\/td>\n<\/tr>\n<tr>\n<td width=\"137\">\n<p><strong>12.00 &#8211; 12.15<\/strong><\/p>\n<\/td>\n<td width=\"474\">\n<p><strong>Erasmus+ Policy Paper Presentation<\/strong><\/p>\n<p>Mr. Ali \u015eenlikci \u2013 Bili\u015fim Vadisi International Projects Manager<\/p>\n<\/td>\n<\/tr>\n<tr>\n<td width=\"137\">\n<p><strong>12.15 &#8211; 12.30<\/strong><\/p>\n<\/td>\n<td width=\"474\">\n<p>SESSION 1: <strong>DIGIAGE Investment Adventure <\/strong><\/p>\n<p>Moderator: Ms. Ms. Rabia Nart, DIGIAGE Ecosystem Development Specialist<\/p>\n<p>Mr. Arif Can \u00dc\u00e7er - Tape Corps Founding Partner<\/p>\n<p>Mr. Veliddin Kutay Ko\u00e7ak - Immeta Studio Founding Partner<\/p>\n<\/td>\n<\/tr>\n<tr>\n<td width=\"137\">\n<p><strong>12.30-12.45<\/strong><\/p>\n<\/td>\n<td width=\"474\">\n<p>SESSION 2: <strong>New Route in Turkey's Gaming Ecosystem<\/strong><\/p>\n<p>Moderator: Mr. Do\u011fukan \u00c7etin - APY Ventures<\/p>\n<p>Mr. G\u00fcven \u00c7atak - Bah\u00e7e\u015fehir University<\/p>\n<p>Mr. Tansu Kendirli - OYUNDER<\/p>\n<p>Mr. Burak Tezate\u015fer - Nowhere Studios<\/p>\n<\/td>\n<\/tr>\n<\/tbody>\n<\/table>\t\t\t\t\t\t\t\t<\/div>\n\t\t\t\t<\/div>\n\t\t\t\t\t<\/div>\n\t\t<\/div>\n\t\t\t\t\t<\/div>\n\t\t<\/section>\n\t\t\t\t<section class=\"elementor-section elementor-top-section elementor-element elementor-element-a8a1d01 elementor-section-boxed elementor-section-height-default elementor-section-height-default sc_fly_static\" data-id=\"a8a1d01\" data-element_type=\"section\" id=\"kayitformu\" data-settings=\"{&quot;_ha_eqh_enable&quot;:false}\">\n\t\t\t\t\t\t<div class=\"elementor-container elementor-column-gap-extended\">\n\t\t\t\t\t<div class=\"elementor-column elementor-col-100 elementor-top-column elementor-element elementor-element-4a006b5 sc_inner_width_none sc_content_align_inherit sc_layouts_column_icons_position_left sc_fly_static\" data-id=\"4a006b5\" data-element_type=\"column\">\n\t\t\t<div class=\"elementor-widget-wrap elementor-element-populated\">\n\t\t\t\t\t\t<div class=\"elementor-element elementor-element-7e3ef52 sc_fly_static elementor-widget elementor-widget-html\" data-id=\"7e3ef52\" data-element_type=\"widget\" data-widget_type=\"html.default\">\n\t\t\t\t<div class=\"elementor-widget-container\">\n\t\t\t\t\t<iframe src=\"https:\/\/docs.google.com\/forms\/d\/e\/1FAIpQLSdqVSTfZ7Z81hHwBLF4DIZ2xgbWfkb6U-G9--18Mt9hHLvylg\/viewform?embedded=true\" width=\"640\" height=\"900\" frameborder=\"0\" marginheight=\"0\" marginwidth=\"0\">Loading...<\/iframe>\t\t\t\t<\/div>\n\t\t\t\t<\/div>\n\t\t\t\t\t<\/div>\n\t\t<\/div>\n\t\t\t\t\t<\/div>\n\t\t<\/section>\n\t\t\t\t<\/div>","protected":false},"excerpt":{"rendered":"<p>DIGIAGE 2.0 FORUM De\u011ferli Payda\u015flar\u0131m\u0131z, Sanayi ve Teknoloji Bakanl\u0131\u011f\u0131m\u0131z\u0131n tensipleriyle, Bili\u015fim Vadisi DIGIAGE olarak, oyun sekt\u00f6r\u00fcn\u00fcn gelece\u011fine y\u00f6n verecek \u00f6nemli bir etkinli\u011fi ger\u00e7ekle\u015ftirmekten b\u00fcy\u00fck gurur duyuyoruz. Bu kapsamda, \u00f6nde gelen&hellip;<\/p>","protected":false},"author":1,"featured_media":0,"parent":0,"menu_order":0,"comment_status":"closed","ping_status":"closed","template":"","meta":{"footnotes":""},"class_list":["post-27616","page","type-page","status-publish","hentry"],"aioseo_notices":[],"_links":{"self":[{"href":"https:\/\/digiage.com.tr\/en\/wp-json\/wp\/v2\/pages\/27616","targetHints":{"allow":["GET"]}}],"collection":[{"href":"https:\/\/digiage.com.tr\/en\/wp-json\/wp\/v2\/pages"}],"about":[{"href":"https:\/\/digiage.com.tr\/en\/wp-json\/wp\/v2\/types\/page"}],"author":[{"embeddable":true,"href":"https:\/\/digiage.com.tr\/en\/wp-json\/wp\/v2\/users\/1"}],"replies":[{"embeddable":true,"href":"https:\/\/digiage.com.tr\/en\/wp-json\/wp\/v2\/comments?post=27616"}],"version-history":[{"count":66,"href":"https:\/\/digiage.com.tr\/en\/wp-json\/wp\/v2\/pages\/27616\/revisions"}],"predecessor-version":[{"id":27753,"href":"https:\/\/digiage.com.tr\/en\/wp-json\/wp\/v2\/pages\/27616\/revisions\/27753"}],"wp:attachment":[{"href":"https:\/\/digiage.com.tr\/en\/wp-json\/wp\/v2\/media?parent=27616"}],"curies":[{"name":"wp","href":"https:\/\/api.w.org\/{rel}","templated":true}]}}