{"id":27616,"date":"2024-07-29T12:21:15","date_gmt":"2024-07-29T09:21:15","guid":{"rendered":"https:\/\/digiage.com.tr\/?page_id=27616"},"modified":"2024-08-15T23:10:53","modified_gmt":"2024-08-15T20:10:53","slug":"digiage-2-0-forum","status":"publish","type":"page","link":"https:\/\/digiage.com.tr\/az\/digiage-2-0-forum\/","title":{"rendered":"DIGIAGE 2.0 FORUM"},"content":{"rendered":"<div data-elementor-type=\"wp-page\" data-elementor-id=\"27616\" class=\"elementor elementor-27616\" data-elementor-settings=\"{&quot;ha_cmc_init_switcher&quot;:&quot;no&quot;}\" data-elementor-post-type=\"page\">\n\t\t\t\t\t\t<section class=\"elementor-section elementor-top-section elementor-element elementor-element-28d7469 elementor-section-boxed elementor-section-height-default elementor-section-height-default sc_fly_static\" data-id=\"28d7469\" data-element_type=\"section\" data-settings=\"{&quot;_ha_eqh_enable&quot;:false}\">\n\t\t\t\t\t\t\t<div class=\"elementor-background-overlay\"><\/div>\n\t\t\t\t\t\t\t<div class=\"elementor-container elementor-column-gap-extended\">\n\t\t\t\t\t<div class=\"elementor-column elementor-col-50 elementor-top-column elementor-element elementor-element-4b878ee sc_inner_width_none sc_content_align_inherit sc_layouts_column_icons_position_left sc_fly_static\" data-id=\"4b878ee\" data-element_type=\"column\">\n\t\t\t<div class=\"elementor-widget-wrap elementor-element-populated\">\n\t\t\t\t\t\t<div class=\"elementor-element elementor-element-83acc30 sc_fly_static elementor-widget elementor-widget-trx_sc_title\" data-id=\"83acc30\" data-element_type=\"widget\" data-widget_type=\"trx_sc_title.default\">\n\t\t\t\t<div class=\"elementor-widget-container\">\n\t\t\t\t\t<div\t\tclass=\"sc_title sc_title_default\" ><h1 class=\"sc_item_title sc_title_title sc_item_title_style_default sc_item_title_tag\"\n\t\t\t><span class=\"sc_item_title_text\">DIGIAGE 2.0 FORUM<\/span><\/h1><\/div>\t\t\t\t<\/div>\n\t\t\t\t<\/div>\n\t\t\t\t<div class=\"elementor-element elementor-element-247142e sc_height_tiny sc_fly_static elementor-widget elementor-widget-spacer\" data-id=\"247142e\" data-element_type=\"widget\" data-widget_type=\"spacer.default\">\n\t\t\t\t<div class=\"elementor-widget-container\">\n\t\t\t\t\t\t\t<div class=\"elementor-spacer\">\n\t\t\t<div class=\"elementor-spacer-inner\"><\/div>\n\t\t<\/div>\n\t\t\t\t\t\t<\/div>\n\t\t\t\t<\/div>\n\t\t\t\t<div class=\"elementor-element elementor-element-573ea0c sc_fly_static elementor-widget elementor-widget-text-editor\" data-id=\"573ea0c\" data-element_type=\"widget\" data-widget_type=\"text-editor.default\">\n\t\t\t\t<div class=\"elementor-widget-container\">\n\t\t\t\t\t\t\t\t\t<p>De\u011ferli Payda\u015flar\u0131m\u0131z,<\/p><p>Sanayi ve Teknoloji Bakanl\u0131\u011f\u0131m\u0131z\u0131n tensipleriyle, Bili\u015fim Vadisi DIGIAGE olarak, oyun sekt\u00f6r\u00fcn\u00fcn gelece\u011fine y\u00f6n verecek \u00f6nemli bir etkinli\u011fi ger\u00e7ekle\u015ftirmekten b\u00fcy\u00fck gurur duyuyoruz. Bu kapsamda, \u00f6nde gelen oyun firmalar\u0131, yat\u0131r\u0131mc\u0131lar ve kamu kurumlar\u0131n\u0131n kat\u0131l\u0131m\u0131yla Erasmus+ projemizin kapan\u0131\u015f etkinli\u011fini b\u00fcy\u00fck bir heyecanla sizlerle payla\u015f\u0131yoruz.<\/p><p>DIGIAGE bu forumda yeni yol haritas\u0131n\u0131 tan\u0131tacak, T\u00fcrkiye oyun ekosistemini geni\u015fletmek ve uluslararas\u0131 ba\u015far\u0131ya ula\u015fma hedefi do\u011frultusunda stratejik planlar\u0131n\u0131 payla\u015fmay\u0131 ama\u00e7lamaktad\u0131r.<\/p><p>Sizleri, payda\u015f kurumlar\u0131n kat\u0131l\u0131m\u0131yla 16 A\u011fustos 2024 tarihinde saat 09.00\u2019da Gebze yerle\u015fkemizde ger\u00e7ekle\u015ftirece\u011fimiz etkinlikte aram\u0131zda g\u00f6rmekten b\u00fcy\u00fck mutluluk duyaca\u011f\u0131z.<\/p><p>Sayg\u0131lar\u0131m\u0131zla,<br \/>Bili\u015fim Vadisi | DIGIAGE<\/p>\t\t\t\t\t\t\t\t<\/div>\n\t\t\t\t<\/div>\n\t\t\t\t<div class=\"elementor-element elementor-element-cc4cf1a sc_fly_static elementor-widget elementor-widget-spacer\" data-id=\"cc4cf1a\" data-element_type=\"widget\" data-widget_type=\"spacer.default\">\n\t\t\t\t<div class=\"elementor-widget-container\">\n\t\t\t\t\t\t\t<div class=\"elementor-spacer\">\n\t\t\t<div class=\"elementor-spacer-inner\"><\/div>\n\t\t<\/div>\n\t\t\t\t\t\t<\/div>\n\t\t\t\t<\/div>\n\t\t\t\t<div class=\"elementor-element elementor-element-34233f9 elementor-align-left sc_fly_static elementor-widget elementor-widget-button\" data-id=\"34233f9\" data-element_type=\"widget\" data-widget_type=\"button.default\">\n\t\t\t\t<div class=\"elementor-widget-container\">\n\t\t\t\t\t\t\t\t\t<div class=\"elementor-button-wrapper\">\n\t\t\t\t\t<a class=\"elementor-button elementor-button-link elementor-size-sm\" href=\"#kayitformu\">\n\t\t\t\t\t\t<span class=\"elementor-button-content-wrapper\">\n\t\t\t\t\t\t<span class=\"elementor-button-icon\">\n\t\t\t\t<i aria-hidden=\"true\" class=\"fas fa-angle-down\"><\/i>\t\t\t<\/span>\n\t\t\t\t\t\t\t\t\t<span class=\"elementor-button-text\">Kay\u0131t Formu<\/span>\n\t\t\t\t\t<\/span>\n\t\t\t\t\t<\/a>\n\t\t\t\t<\/div>\n\t\t\t\t\t\t\t\t<\/div>\n\t\t\t\t<\/div>\n\t\t\t\t<div class=\"elementor-element elementor-element-711a21e sc_height_tiny sc_fly_static elementor-widget elementor-widget-spacer\" data-id=\"711a21e\" data-element_type=\"widget\" data-widget_type=\"spacer.default\">\n\t\t\t\t<div class=\"elementor-widget-container\">\n\t\t\t\t\t\t\t<div class=\"elementor-spacer\">\n\t\t\t<div class=\"elementor-spacer-inner\"><\/div>\n\t\t<\/div>\n\t\t\t\t\t\t<\/div>\n\t\t\t\t<\/div>\n\t\t\t\t\t<\/div>\n\t\t<\/div>\n\t\t\t\t<div class=\"elementor-column elementor-col-50 elementor-top-column elementor-element elementor-element-844b232 sc_inner_width_none sc_content_align_inherit sc_layouts_column_icons_position_left sc_fly_static\" data-id=\"844b232\" data-element_type=\"column\">\n\t\t\t<div class=\"elementor-widget-wrap elementor-element-populated\">\n\t\t\t\t\t\t<div data-parallax-params=\"{&quot;flow&quot;:&quot;in_out&quot;,&quot;range_start&quot;:0,&quot;range_end&quot;:1,&quot;sticky_offset&quot;:0,&quot;ease&quot;:&quot;power2&quot;,&quot;duration&quot;:1.1999999999999999555910790149937383830547332763671875,&quot;squeeze&quot;:1.3000000000000000444089209850062616169452667236328125,&quot;x_start&quot;:-81,&quot;x_end&quot;:0,&quot;x_unit&quot;:&quot;px&quot;,&quot;y_start&quot;:69,&quot;y_end&quot;:0,&quot;y_unit&quot;:&quot;px&quot;,&quot;scale_start&quot;:229,&quot;scale_end&quot;:73,&quot;rotate_start&quot;:0,&quot;rotate_end&quot;:0,&quot;opacity_start&quot;:1,&quot;opacity_end&quot;:1,&quot;text&quot;:&quot;block&quot;,&quot;mouse&quot;:0,&quot;mouse_type&quot;:&quot;transform3d&quot;,&quot;mouse_tilt_amount&quot;:70,&quot;mouse_speed&quot;:10,&quot;mouse_z&quot;:&quot;&quot;,&quot;mouse_handler&quot;:&quot;row&quot;}\" class=\"elementor-element elementor-element-6b67c88 sc_parallax sc_parallax_in_out elementor-widget__width-initial sc_fly_static elementor-widget elementor-widget-image\" data-id=\"6b67c88\" data-element_type=\"widget\" data-widget_type=\"image.default\">\n\t\t\t\t<div class=\"elementor-widget-container\">\n\t\t\t\t\t\t\t\t\t\t\t\t\t\t\t<img fetchpriority=\"high\" decoding=\"async\" width=\"1200\" height=\"1200\" src=\"https:\/\/digiage.com.tr\/wp-content\/uploads\/2024\/08\/forum20.jpg\" class=\"attachment-full size-full wp-image-27676\" alt=\"\" srcset=\"https:\/\/digiage.com.tr\/wp-content\/uploads\/2024\/08\/forum20.jpg 1200w, https:\/\/digiage.com.tr\/wp-content\/uploads\/2024\/08\/forum20-300x300.jpg 300w, https:\/\/digiage.com.tr\/wp-content\/uploads\/2024\/08\/forum20-1024x1024.jpg 1024w, https:\/\/digiage.com.tr\/wp-content\/uploads\/2024\/08\/forum20-150x150.jpg 150w, https:\/\/digiage.com.tr\/wp-content\/uploads\/2024\/08\/forum20-768x768.jpg 768w, https:\/\/digiage.com.tr\/wp-content\/uploads\/2024\/08\/forum20-12x12.jpg 12w, https:\/\/digiage.com.tr\/wp-content\/uploads\/2024\/08\/forum20-370x370.jpg 370w, https:\/\/digiage.com.tr\/wp-content\/uploads\/2024\/08\/forum20-120x120.jpg 120w, https:\/\/digiage.com.tr\/wp-content\/uploads\/2024\/08\/forum20-840x840.jpg 840w, https:\/\/digiage.com.tr\/wp-content\/uploads\/2024\/08\/forum20-410x410.jpg 410w\" sizes=\"(max-width: 1200px) 100vw, 1200px\" \/>\t\t\t\t\t\t\t\t\t\t\t\t\t\t\t<\/div>\n\t\t\t\t<\/div>\n\t\t\t\t\t<\/div>\n\t\t<\/div>\n\t\t\t\t\t<\/div>\n\t\t<\/section>\n\t\t\t\t<section class=\"elementor-section elementor-top-section elementor-element elementor-element-e7136db elementor-section-boxed elementor-section-height-default elementor-section-height-default sc_fly_static\" data-id=\"e7136db\" data-element_type=\"section\" data-settings=\"{&quot;_ha_eqh_enable&quot;:false}\">\n\t\t\t\t\t\t<div class=\"elementor-container elementor-column-gap-extended\">\n\t\t\t\t\t<div class=\"elementor-column elementor-col-100 elementor-top-column elementor-element elementor-element-5d90e75 sc_inner_width_none sc_content_align_inherit sc_layouts_column_icons_position_left sc_fly_static\" data-id=\"5d90e75\" data-element_type=\"column\">\n\t\t\t<div class=\"elementor-widget-wrap elementor-element-populated\">\n\t\t\t\t\t\t<div class=\"elementor-element elementor-element-323916d sc_fly_static elementor-widget elementor-widget-trx_sc_title\" data-id=\"323916d\" data-element_type=\"widget\" data-widget_type=\"trx_sc_title.default\">\n\t\t\t\t<div class=\"elementor-widget-container\">\n\t\t\t\t\t<div\t\tclass=\"sc_title sc_title_default\" ><h4 class=\"sc_item_title sc_title_title sc_item_title_style_default sc_item_title_tag\"\n\t\t\t><span class=\"sc_item_title_text\">Program Ak\u0131\u015f\u0131<\/span><\/h4><\/div>\t\t\t\t<\/div>\n\t\t\t\t<\/div>\n\t\t\t\t<div class=\"elementor-element elementor-element-2be1f2a sc_fly_static elementor-widget elementor-widget-text-editor\" data-id=\"2be1f2a\" data-element_type=\"widget\" data-widget_type=\"text-editor.default\">\n\t\t\t\t<div class=\"elementor-widget-container\">\n\t\t\t\t\t\t\t\t\t<table width=\"611\">\n<tbody>\n<tr>\n<td colspan=\"2\" width=\"611\">\n<p><strong>DIGIAGE 2.0 FORUM<\/strong><\/p>\n<\/td>\n<\/tr>\n<tr>\n<td width=\"137\">\n<p><strong>09.00 \u2013 10.00<\/strong><\/p>\n<\/td>\n<td width=\"474\">\n<p><strong>Kay\u0131t ve \u0130kram<\/strong><\/p>\n<\/td>\n<\/tr>\n<tr>\n<td width=\"137\">\n<p><strong>10.00 \u2013 10.45<\/strong><\/p>\n<\/td>\n<td width=\"474\">\n<p><strong>A\u00e7\u0131l\u0131\u015f Konu\u015fmalar\u0131<\/strong><\/p>\n<p>&nbsp;Sn. Erkam T\u00fczgen, Bili\u015fim Vadisi Genel M\u00fcd\u00fcr\u00fc<\/p>\n<p>&nbsp;Sn. Bilal Macit Sanayi ve Teknoloji Bakanl\u0131\u011f\u0131 Ar-Ge Te\u015fvikleri Genel M\u00fcd\u00fcr\u00fc<\/p>\n<\/td>\n<\/tr>\n<tr>\n<td width=\"137\">\n<p><strong>10.45 &#8211; 10.50<\/strong><\/p>\n<\/td>\n<td width=\"474\">\n<p><strong>DIGIAGE Tan\u0131t\u0131m Filmi<\/strong><\/p>\n<\/td>\n<\/tr>\n<tr>\n<td width=\"137\">\n<p><strong>10.50 &#8211; 11.05<\/strong><\/p>\n<\/td>\n<td width=\"474\">\n<p><strong>DIGIAGE Versiyon 2<\/strong><\/p>\n<p>Sn. Emre Y\u0131ld\u0131z &#8211; DIGIAGE Direkt\u00f6r\u00fc<\/p>\n<\/td>\n<\/tr>\n<tr>\n<td width=\"137\">\n<p><strong>11.05 \u2013 11.15<\/strong><\/p>\n<\/td>\n<td width=\"474\">\n<p>Panel: <strong>DIGIAGE Oyun Fonunun Amac\u0131 <\/strong><\/p>\n<p>Sn. Emre Y\u0131ld\u0131z &#8211;&nbsp;<span style=\"background-color: rgb(249, 250, 255); font-family: &quot;DM Sans&quot;, sans-serif; font-size: 16px; font-style: normal; font-weight: 400; letter-spacing: 0.1px; color: var(--theme-color-text);\">DIGIAGE Direkt\u00f6r\u00fc<\/span><\/p>\n<p>Sn. Mustafa Ke\u00e7eli, APY Ventures Fon Y\u00f6neticisi<\/p>\n<\/td>\n<\/tr>\n<tr>\n<td width=\"137\">\n<p><strong>11.15 &#8211; 11.20<\/strong><\/p>\n<\/td>\n<td width=\"474\">\n<p><strong>Aile Foto\u011fraf\u0131<\/strong><\/p>\n<\/td>\n<\/tr>\n<tr>\n<td width=\"137\">\n<p><strong>11.20 &#8211; 11.50<\/strong><\/p>\n<\/td>\n<td width=\"474\">\n<p><strong>Kahve Aras\u0131 (Stant ziyaretleri)<\/strong><\/p>\n<\/td>\n<\/tr>\n<tr>\n<td width=\"137\">\n<p><strong>11.50 \u2013 12.00<\/strong><\/p>\n<\/td>\n<td width=\"474\">\n<p><strong>T\u00fcrkiye Bili\u015fim Sekt\u00f6r\u00fcn\u00fcn Uluslararas\u0131la\u015fmas\u0131 ve<\/strong><\/p>\n<p><strong>E-TURQUALITY (Bili\u015fimin Y\u0131ld\u0131zlar\u0131) Program\u0131<\/strong><\/p>\n<p>Sn. Ali Burak Bozta\u015f &#8211; Ticaret Bakanl\u0131\u011f\u0131 &#8211; Ticaret Uzman\u0131<\/p>\n<\/td>\n<\/tr>\n<tr>\n<td width=\"137\">\n<p><strong>12.00 &#8211; 12.15<\/strong><\/p>\n<\/td>\n<td width=\"474\">\n<p><strong>Erasmus+ Politika Belgesi Tan\u0131t\u0131m\u0131<\/strong><\/p>\n<p>Sn. Ali \u015eenlikci &#8211; Bili\u015fim Vadisi Uluslararas\u0131 Projeler M\u00fcd\u00fcr\u00fc<\/p>\n<\/td>\n<\/tr>\n<tr>\n<td width=\"137\">\n<p><strong>12.15 &#8211; 12.30<\/strong><\/p>\n<\/td>\n<td width=\"474\">\n<p>OTURUM 1: <strong>DIGIAGE Yat\u0131r\u0131m Ser\u00fcveni <\/strong><\/p>\n<p>Moderat\u00f6r: Sn. Rabia Nart, DIGIAGE Ekosistem Geli\u015ftirme Uzman\u0131<\/p>\n<p>Sn. Arif Can \u00dc\u00e7er &#8211; Tape Corps Kurucu Ortak<\/p>\n<p>Sn. Veliddin Kutay Ko\u00e7ak &#8211; Immeta Studio Kurucu Ortak<\/p>\n<\/td>\n<\/tr>\n<tr>\n<td width=\"137\">\n<p><strong>12.30-12.45<\/strong><\/p>\n<\/td>\n<td width=\"474\">\n<p>OTURUM 2: <strong>T\u00fcrkiye Oyun Ekosisteminde Yeni Rota<\/strong><\/p>\n<p>Moderat\u00f6r: Sn. Do\u011fukan \u00c7etin &#8211; APY Ventures<\/p>\n<p>Sn. G\u00fcven \u00c7atak &#8211; Bah\u00e7e\u015fehir \u00dcniversitesi<\/p>\n<p>Sn. Tansu Kendirli &#8211; OYUNDER<\/p>\n<p>Sn. Burak Tezate\u015fer &#8211; Nowhere Studios<\/p>\n<\/td>\n<\/tr>\n<\/tbody>\n<\/table>\t\t\t\t\t\t\t\t<\/div>\n\t\t\t\t<\/div>\n\t\t\t\t\t<\/div>\n\t\t<\/div>\n\t\t\t\t\t<\/div>\n\t\t<\/section>\n\t\t\t\t<section class=\"elementor-section elementor-top-section elementor-element elementor-element-a8a1d01 elementor-section-boxed elementor-section-height-default elementor-section-height-default sc_fly_static\" data-id=\"a8a1d01\" data-element_type=\"section\" id=\"kayitformu\" data-settings=\"{&quot;_ha_eqh_enable&quot;:false}\">\n\t\t\t\t\t\t<div class=\"elementor-container elementor-column-gap-extended\">\n\t\t\t\t\t<div class=\"elementor-column elementor-col-100 elementor-top-column elementor-element elementor-element-4a006b5 sc_inner_width_none sc_content_align_inherit sc_layouts_column_icons_position_left sc_fly_static\" data-id=\"4a006b5\" data-element_type=\"column\">\n\t\t\t<div class=\"elementor-widget-wrap elementor-element-populated\">\n\t\t\t\t\t\t<div class=\"elementor-element elementor-element-7e3ef52 sc_fly_static elementor-widget elementor-widget-html\" data-id=\"7e3ef52\" data-element_type=\"widget\" data-widget_type=\"html.default\">\n\t\t\t\t<div class=\"elementor-widget-container\">\n\t\t\t\t\t<iframe src=\"https:\/\/docs.google.com\/forms\/d\/e\/1FAIpQLSdqVSTfZ7Z81hHwBLF4DIZ2xgbWfkb6U-G9--18Mt9hHLvylg\/viewform?embedded=true\" width=\"640\" height=\"900\" frameborder=\"0\" marginheight=\"0\" marginwidth=\"0\">Y\u00fckleniyor\u2026<\/iframe>\t\t\t\t<\/div>\n\t\t\t\t<\/div>\n\t\t\t\t\t<\/div>\n\t\t<\/div>\n\t\t\t\t\t<\/div>\n\t\t<\/section>\n\t\t\t\t<\/div>","protected":false},"excerpt":{"rendered":"<p>DIGIAGE 2.0 FORUM De\u011ferli Payda\u015flar\u0131m\u0131z, Sanayi ve Teknoloji Bakanl\u0131\u011f\u0131m\u0131z\u0131n tensipleriyle, Bili\u015fim Vadisi DIGIAGE olarak, oyun sekt\u00f6r\u00fcn\u00fcn gelece\u011fine y\u00f6n verecek \u00f6nemli bir etkinli\u011fi ger\u00e7ekle\u015ftirmekten b\u00fcy\u00fck gurur duyuyoruz. Bu kapsamda, \u00f6nde gelen&hellip;<\/p>","protected":false},"author":1,"featured_media":0,"parent":0,"menu_order":0,"comment_status":"closed","ping_status":"closed","template":"","meta":{"footnotes":""},"class_list":["post-27616","page","type-page","status-publish","hentry"],"aioseo_notices":[],"_links":{"self":[{"href":"https:\/\/digiage.com.tr\/az\/wp-json\/wp\/v2\/pages\/27616","targetHints":{"allow":["GET"]}}],"collection":[{"href":"https:\/\/digiage.com.tr\/az\/wp-json\/wp\/v2\/pages"}],"about":[{"href":"https:\/\/digiage.com.tr\/az\/wp-json\/wp\/v2\/types\/page"}],"author":[{"embeddable":true,"href":"https:\/\/digiage.com.tr\/az\/wp-json\/wp\/v2\/users\/1"}],"replies":[{"embeddable":true,"href":"https:\/\/digiage.com.tr\/az\/wp-json\/wp\/v2\/comments?post=27616"}],"version-history":[{"count":66,"href":"https:\/\/digiage.com.tr\/az\/wp-json\/wp\/v2\/pages\/27616\/revisions"}],"predecessor-version":[{"id":27753,"href":"https:\/\/digiage.com.tr\/az\/wp-json\/wp\/v2\/pages\/27616\/revisions\/27753"}],"wp:attachment":[{"href":"https:\/\/digiage.com.tr\/az\/wp-json\/wp\/v2\/media?parent=27616"}],"curies":[{"name":"wp","href":"https:\/\/api.w.org\/{rel}","templated":true}]}}