{"id":27049,"date":"2023-12-16T06:09:15","date_gmt":"2023-12-16T03:09:15","guid":{"rendered":"https:\/\/digiage.com.tr\/?page_id=27049"},"modified":"2023-12-16T06:09:58","modified_gmt":"2023-12-16T03:09:58","slug":"gizlilik-politikasi","status":"publish","type":"page","link":"https:\/\/digiage.com.tr\/az\/gizlilik-politikasi\/","title":{"rendered":"Gizlilik Politikas\u0131"},"content":{"rendered":"<p dir=\"ltr\"><b>DIGIAGE Kay\u0131t Formu Ayd\u0131nlatma Metni<\/b><\/p>\n<p dir=\"ltr\">6698 say\u0131l\u0131 Ki\u015fisel Verilerin Korunmas\u0131 Kanunu (\u201cKanun\u201d) uyar\u0131nca ki\u015fisel verileriniz, DIGIAGE taraf\u0131ndan a\u015fa\u011f\u0131da a\u00e7\u0131klanan kapsamda i\u015flenebilecektir. \u0130\u015fbu Ayd\u0131nlatma Metni gerekli oldu\u011fu durumlarda DIGIAGE taraf\u0131ndan g\u00fcncellenecek ve g\u00fcncel hali yay\u0131mlanacakt\u0131r.<\/p>\n<p dir=\"ltr\"><b>VER\u0130 SORUMLUSU \u0130LET\u0130\u015e\u0130M B\u0130LG\u0130LER\u0130<\/b><\/p>\n<p dir=\"ltr\">Veri Sorumlusu: DIGIAGE (Dijital Oyun ve Animasyon A.\u015e.)<\/p>\n<p dir=\"ltr\">Posta Adresi: Muallimk\u00f6y Mah. Deniz Cad. No:143\/4 \u0130\u00e7 Kap\u0131: 3 Gebze\/Kocaeli<\/p>\n<p dir=\"ltr\">E- posta adresi: digiage@bilisimvadisi.com.tr<\/p>\n<p dir=\"ltr\"><b>K\u0130\u015e\u0130SEL VER\u0130LER\u0130N\u0130Z\u0130N HANG\u0130 AMA\u00c7LA \u0130\u015eLENECE\u011e\u0130<\/b><\/p>\n<p dir=\"ltr\">DIGIAGE kay\u0131t formuna verdi\u011finiz yan\u0131tlar, bizlerle payla\u015fm\u0131\u015f oldu\u011funuz g\u00f6rsel ve i\u015fitsel veriler ile program s\u00fcresince ileti\u015fim ve koordinasyonun sa\u011flanmas\u0131 amac\u0131yla elde etti\u011fimiz ki\u015fisel verileriniz; Kanun\u2019da \u00f6ng\u00f6r\u00fclen ki\u015fisel verilerin i\u015flenmesine y\u00f6nelik temel ilkelere uygun olarak, ayd\u0131nlatma metninde belirtilen ama\u00e7lar\u0131n ger\u00e7ekle\u015ftirilmesi i\u00e7in i\u015flenecektir. Ba\u015fvuru s\u00fcrecinde bizlerle payla\u015fm\u0131\u015f oldu\u011funuz ki\u015fisel verileriniz; program\u0131n i\u015fleyi\u015finin sa\u011flanmas\u0131 ve s\u00fcre\u00e7lerin y\u00f6netilmesi, program s\u00fcresince sizinle ileti\u015fime ge\u00e7ilmesi, programa kat\u0131l\u0131m\u0131n\u0131z\u0131n \u00f6l\u00e7\u00fcmlenmesi, sertifika ve e\u011fitimlerin sizlere sorunsuz bir \u015fekilde sunulmas\u0131\u0131, program de\u011ferlendirme s\u00fcrecinin y\u00fcr\u00fct\u00fclmesi i\u00e7in proje payda\u015flar\u0131 ile raporlama ama\u00e7l\u0131 payla\u015f\u0131lmas\u0131, program\u0131n g\u00fcvenli\u011finin sa\u011flanmas\u0131 ve yasal y\u00fck\u00fcml\u00fcl\u00fckler ile uyum sa\u011flanmas\u0131 ama\u00e7lar\u0131yla (\u201cAma\u00e7lar\u201d) DIGIAGE taraf\u0131ndan i\u015flenebilecektir.<\/p>\n<p dir=\"ltr\"><b>\u0130\u015eLENEN K\u0130\u015e\u0130SEL VER\u0130LER\u0130N\u0130Z<\/b><\/p>\n<p dir=\"ltr\">Yukar\u0131da bahsi ge\u00e7en ama\u00e7lar\u0131 ger\u00e7ekle\u015ftirilebilmek ad\u0131na sizlerden program s\u00fcresince kimlik, ileti\u015fim ve program\u0131 size sunabilmek i\u00e7in gerekli olan ki\u015fisel verileriniz ile s\u0131n\u0131rl\u0131 olmak kayd\u0131yla i\u015flemekteyiz.<\/p>\n<p dir=\"ltr\"><b>\u0130\u015eLENEN K\u0130\u015e\u0130SEL VER\u0130LER\u0130 K\u0130MLERE VE HANG\u0130 AMA\u00c7LA AKTARIYORUZ?<\/b><\/p>\n<p dir=\"ltr\">Toplanan ki\u015fisel verileriniz, yukar\u0131da belirtilen Ama\u00e7lar\u2019\u0131n ger\u00e7ekle\u015ftirilmesi i\u00e7in gerekli oldu\u011fu \u00f6l\u00e7\u00fcde ve yaln\u0131zca bununla s\u0131n\u0131rl\u0131 olmak kayd\u0131yla proje payda\u015flar\u0131m\u0131z ve hizmet sa\u011flay\u0131c\u0131lar\u0131m\u0131za aktar\u0131labilecektir.<\/p>\n<p dir=\"ltr\"><b>K\u0130\u015e\u0130SEL VER\u0130 TOPLAMANIN Y\u00d6NTEM\u0130 VE HUKUK\u0130 SEBEB\u0130<\/b><\/p>\n<p dir=\"ltr\">Ki\u015fisel verileriniz kay\u0131t formu ve bizimle ileti\u015fime ge\u00e7mek i\u00e7in kulland\u0131\u011f\u0131n\u0131z ileti\u015fim kanallar\u0131 vb. vas\u0131talarla elektronik ve\/veya fiziksel ortamda toplanmaktad\u0131r. Ki\u015fisel verileriniz, DIGIAGE kullan\u0131c\u0131 s\u00f6zle\u015fmesinde yer alan y\u00fck\u00fcml\u00fcl\u00fcklerimizi yerine getirmemiz amac\u0131yla\u00a0 a\u00e7\u0131k r\u0131zan\u0131z kapsam\u0131nda i\u015flenmektedir.<\/p>\n<p dir=\"ltr\"><b>K\u0130\u015e\u0130SEL VER\u0130LER\u0130N\u0130Z\u0130 NE KADAR S\u00dcRE SAKLIYORUZ?<\/b><\/p>\n<p dir=\"ltr\">Ki\u015fisel verilerinizi, daha k\u0131sa veya daha uzun bir saklama s\u00fcresi gerekmedik\u00e7e veya ge\u00e7erli yasa kapsam\u0131nda izin verildi\u011fi \u00f6l\u00e7\u00fcde, bu beyanda belirtilen ama\u00e7lar\u0131 yerine getirmek i\u00e7in gerekli oldu\u011fu m\u00fcddet\u00e7e saklayaca\u011f\u0131z. Buna g\u00f6re ba\u015fta yasal zaman a\u015f\u0131m\u0131 s\u00fcreleri olmak \u00fczere, kanunda \u00f6ng\u00f6r\u00fclen s\u00fcreleri ve bunun d\u0131\u015f\u0131nda verinin i\u015flenmesi i\u00e7in gerekli g\u00f6r\u00fclen s\u00fcreleri esas al\u0131yoruz.<\/p>\n<p dir=\"ltr\"><b>K\u0130\u015e\u0130SEL VER\u0130 SAH\u0130B\u0130N\u0130N KANUN\u2019UN 11. MADDES\u0130NDE SAYILAN HAKLARI<\/b><\/p>\n<p dir=\"ltr\">Ki\u015fisel veri sahibi olarak Kanun\u2019un 11. maddesi uyar\u0131nca a\u015fa\u011f\u0131daki haklara sahip oldu\u011funuzu bildiririz:<\/p>\n<p dir=\"ltr\">\u25cf Ki\u015fisel veri i\u015flenip i\u015flenmedi\u011fini \u00f6\u011frenme,<\/p>\n<p dir=\"ltr\">\u25cf Ki\u015fisel verileri i\u015flenmi\u015fse buna ili\u015fkin bilgi talep etme,<\/p>\n<p dir=\"ltr\">\u25cf Ki\u015fisel verilerin i\u015flenme amac\u0131n\u0131 ve bunlar\u0131n amac\u0131na uygun kullan\u0131l\u0131p kullan\u0131lmad\u0131\u011f\u0131n\u0131 \u00f6\u011frenme,<\/p>\n<p dir=\"ltr\">\u25cf Yurt i\u00e7inde veya yurt d\u0131\u015f\u0131nda ki\u015fisel verilerin aktar\u0131ld\u0131\u011f\u0131 \u00fc\u00e7\u00fcnc\u00fc ki\u015fileri bilme,<\/p>\n<p dir=\"ltr\">\u25cf Ki\u015fisel verilerin eksik veya yanl\u0131\u015f i\u015flenmi\u015f olmas\u0131 h\u00e2linde bunlar\u0131n d\u00fczeltilmesini isteme ve bu kapsamda yap\u0131lan i\u015flemin ki\u015fisel verilerin aktar\u0131ld\u0131\u011f\u0131 \u00fc\u00e7\u00fcnc\u00fc ki\u015filere bildirilmesini isteme, 6698 say\u0131l\u0131 Kanun ve ilgili di\u011fer kanun h\u00fck\u00fcmlerine uygun olarak i\u015flenmi\u015f olmas\u0131na ra\u011fmen, i\u015flenmesini gerektiren sebeplerin ortadan kalkmas\u0131 h\u00e2linde ki\u015fisel verilerin silinmesini veya yok edilmesini isteme ve bu kapsamda yap\u0131lan i\u015flemin ki\u015fisel verilerin aktar\u0131ld\u0131\u011f\u0131 \u00fc\u00e7\u00fcnc\u00fc ki\u015filere bildirilmesini isteme,<\/p>\n<p dir=\"ltr\">\u25cf \u0130\u015flenen verilerin m\u00fcnhas\u0131ran otomatik sistemler vas\u0131tas\u0131yla analiz edilmesi suretiyle ki\u015finin kendisi aleyhine bir sonucun ortaya \u00e7\u0131kmas\u0131na itiraz etme,<\/p>\n<p dir=\"ltr\">\u25cf Ki\u015fisel verilerin kanuna ayk\u0131r\u0131 olarak i\u015flenmesi sebebiyle zarara u\u011framas\u0131 h\u00e2linde zarar\u0131n giderilmesini talep etmek.<\/p>\n<p dir=\"ltr\">Yukar\u0131da s\u0131ralanan haklar\u0131n\u0131za y\u00f6nelik ba\u015fvurular\u0131n\u0131z\u0131, digiage@bilisimvadisi.com.tr adresinden taraf\u0131m\u0131za iletebilirsiniz.<\/p>","protected":false},"excerpt":{"rendered":"<p>DIGIAGE Kay\u0131t Formu Ayd\u0131nlatma Metni 6698 say\u0131l\u0131 Ki\u015fisel Verilerin Korunmas\u0131 Kanunu (\u201cKanun\u201d) uyar\u0131nca ki\u015fisel verileriniz, DIGIAGE taraf\u0131ndan a\u015fa\u011f\u0131da a\u00e7\u0131klanan kapsamda i\u015flenebilecektir. \u0130\u015fbu Ayd\u0131nlatma Metni gerekli oldu\u011fu durumlarda DIGIAGE taraf\u0131ndan g\u00fcncellenecek&hellip;<\/p>","protected":false},"author":1,"featured_media":0,"parent":0,"menu_order":0,"comment_status":"closed","ping_status":"closed","template":"elementor_header_footer","meta":{"footnotes":""},"class_list":["post-27049","page","type-page","status-publish","hentry"],"aioseo_notices":[],"_links":{"self":[{"href":"https:\/\/digiage.com.tr\/az\/wp-json\/wp\/v2\/pages\/27049","targetHints":{"allow":["GET"]}}],"collection":[{"href":"https:\/\/digiage.com.tr\/az\/wp-json\/wp\/v2\/pages"}],"about":[{"href":"https:\/\/digiage.com.tr\/az\/wp-json\/wp\/v2\/types\/page"}],"author":[{"embeddable":true,"href":"https:\/\/digiage.com.tr\/az\/wp-json\/wp\/v2\/users\/1"}],"replies":[{"embeddable":true,"href":"https:\/\/digiage.com.tr\/az\/wp-json\/wp\/v2\/comments?post=27049"}],"version-history":[{"count":1,"href":"https:\/\/digiage.com.tr\/az\/wp-json\/wp\/v2\/pages\/27049\/revisions"}],"predecessor-version":[{"id":27050,"href":"https:\/\/digiage.com.tr\/az\/wp-json\/wp\/v2\/pages\/27049\/revisions\/27050"}],"wp:attachment":[{"href":"https:\/\/digiage.com.tr\/az\/wp-json\/wp\/v2\/media?parent=27049"}],"curies":[{"name":"wp","href":"https:\/\/api.w.org\/{rel}","templated":true}]}}