{"id":26811,"date":"2023-12-03T07:18:19","date_gmt":"2023-12-03T04:18:19","guid":{"rendered":"https:\/\/digiage.com.tr\/?page_id=26811"},"modified":"2023-12-03T07:28:33","modified_gmt":"2023-12-03T04:28:33","slug":"kamplar","status":"publish","type":"page","link":"https:\/\/digiage.com.tr\/az\/kamplar\/","title":{"rendered":"Kamplar"},"content":{"rendered":"<div data-elementor-type=\"wp-page\" data-elementor-id=\"26811\" class=\"elementor elementor-26811\" data-elementor-settings=\"{&quot;ha_cmc_init_switcher&quot;:&quot;no&quot;}\" data-elementor-post-type=\"page\">\n\t\t\t\t\t\t<section class=\"elementor-section elementor-top-section elementor-element elementor-element-13205c1 elementor-section-boxed elementor-section-height-default elementor-section-height-default sc_fly_static\" data-id=\"13205c1\" data-element_type=\"section\" data-settings=\"{&quot;_ha_eqh_enable&quot;:false}\">\n\t\t\t\t\t\t<div class=\"elementor-container elementor-column-gap-extended\">\n\t\t\t\t\t<div class=\"elementor-column elementor-col-100 elementor-top-column elementor-element elementor-element-b593d27 sc_inner_width_none sc_content_align_inherit sc_layouts_column_icons_position_left sc_fly_static\" data-id=\"b593d27\" data-element_type=\"column\">\n\t\t\t<div class=\"elementor-widget-wrap elementor-element-populated\">\n\t\t\t\t\t\t<div class=\"elementor-element elementor-element-b7ba7d1 sc_fly_static elementor-widget elementor-widget-heading\" data-id=\"b7ba7d1\" data-element_type=\"widget\" data-widget_type=\"heading.default\">\n\t\t\t\t<div class=\"elementor-widget-container\">\n\t\t\t\t\t<h1 class=\"elementor-heading-title elementor-size-default\">D\u00fczenledi\u011fimiz Kamplar<\/h1>\t\t\t\t<\/div>\n\t\t\t\t<\/div>\n\t\t\t\t<div class=\"elementor-element elementor-element-27e8b3d sc_fly_static elementor-widget elementor-widget-spacer\" data-id=\"27e8b3d\" data-element_type=\"widget\" data-widget_type=\"spacer.default\">\n\t\t\t\t<div class=\"elementor-widget-container\">\n\t\t\t\t\t\t\t<div class=\"elementor-spacer\">\n\t\t\t<div class=\"elementor-spacer-inner\"><\/div>\n\t\t<\/div>\n\t\t\t\t\t\t<\/div>\n\t\t\t\t<\/div>\n\t\t\t\t\t<\/div>\n\t\t<\/div>\n\t\t\t\t\t<\/div>\n\t\t<\/section>\n\t\t\t\t<section class=\"elementor-section elementor-top-section elementor-element elementor-element-fa164eb elementor-section-boxed elementor-section-height-default elementor-section-height-default sc_fly_static\" data-id=\"fa164eb\" data-element_type=\"section\" data-settings=\"{&quot;_ha_eqh_enable&quot;:false}\">\n\t\t\t\t\t\t<div class=\"elementor-container elementor-column-gap-extended\">\n\t\t\t\t\t<div class=\"elementor-column elementor-col-100 elementor-top-column elementor-element elementor-element-e3dc52b sc_inner_width_none sc_content_align_inherit sc_layouts_column_icons_position_left sc_fly_static\" data-id=\"e3dc52b\" data-element_type=\"column\">\n\t\t\t<div class=\"elementor-widget-wrap elementor-element-populated\">\n\t\t\t\t\t\t<div class=\"elementor-element elementor-element-c570c91 sc_style_default sc_fly_static elementor-widget elementor-widget-trx_sc_blogger\" data-id=\"c570c91\" data-element_type=\"widget\" data-widget_type=\"trx_sc_blogger.default\">\n\t\t\t\t<div class=\"elementor-widget-container\">\n\t\t\t\t\t<div \t\tclass=\"sc_blogger sc_blogger_portestate sc_blogger_portestate_default sc_item_filters_tabs_none alignnone\" ><div class=\"sc_blogger_columns_wrap sc_item_columns sc_item_posts_container trx_addons_columns_wrap columns_padding_bottom\" ><div class=\"trx_addons_column-1_4\"><div data-post-id=\"26803\" data-item-number=\"1\" class=\"sc_blogger_item sc_item_container post_container sc_blogger_item_portestate sc_blogger_item_portestate_default sc_blogger_item_odd sc_blogger_item_align_none post_format_standard sc_blogger_item_with_image sc_blogger_item_no_excerpt sc_blogger_item_image_position_top post-26803 kamplar type-kamplar status-publish has-post-thumbnail hentry\" ><div class=\"sc_blogger_item_body\"><div class=\"post_featured with_thumb hover_link sc_item_featured sc_blogger_item_featured\"><img fetchpriority=\"high\" decoding=\"async\" width=\"864\" height=\"486\" src=\"https:\/\/digiage.com.tr\/wp-content\/uploads\/2023\/12\/1.png\" class=\"attachment-panda-thumb-square size-panda-thumb-square wp-post-image\" alt=\"\" srcset=\"https:\/\/digiage.com.tr\/wp-content\/uploads\/2023\/12\/1.png 864w, https:\/\/digiage.com.tr\/wp-content\/uploads\/2023\/12\/1-300x169.png 300w, https:\/\/digiage.com.tr\/wp-content\/uploads\/2023\/12\/1-768x432.png 768w, https:\/\/digiage.com.tr\/wp-content\/uploads\/2023\/12\/1-370x208.png 370w, https:\/\/digiage.com.tr\/wp-content\/uploads\/2023\/12\/1-840x473.png 840w, https:\/\/digiage.com.tr\/wp-content\/uploads\/2023\/12\/1-410x231.png 410w, https:\/\/digiage.com.tr\/wp-content\/uploads\/2023\/12\/1-270x152.png 270w\" sizes=\"(max-width: 864px) 100vw, 864px\" \/>\t\t\t\t\t\t<div class=\"mask\"><\/div>\n\t\t\t\t\t\t\t\t\t<a href=\"https:\/\/digiage.com.tr\/az\/kamplar\/2019-yaz-kampi\/\"  aria-hidden=\"true\" class=\"link\"><\/a>\n\t\t\t<\/div><div class=\"sc_blogger_item_content entry-content\"><h5 class=\"sc_blogger_item_title entry-title\" data-item-number=\"1\"><a href=\"https:\/\/digiage.com.tr\/az\/kamplar\/2019-yaz-kampi\/\" rel=\"bookmark\">2019 Yaz Kamp\u0131<\/a><\/h5><\/div><!-- .entry-content --><\/div><!-- .sc_blogger_item_body --><\/div><!-- .sc_blogger_item --><\/div><div class=\"trx_addons_column-1_4\"><div data-post-id=\"26810\" data-item-number=\"2\" class=\"sc_blogger_item sc_item_container post_container sc_blogger_item_portestate sc_blogger_item_portestate_default sc_blogger_item_even sc_blogger_item_align_none post_format_standard sc_blogger_item_with_image sc_blogger_item_no_excerpt sc_blogger_item_image_position_top post-26810 kamplar type-kamplar status-publish has-post-thumbnail hentry\" ><div class=\"sc_blogger_item_body\"><div class=\"post_featured with_thumb hover_link sc_item_featured sc_blogger_item_featured\"><img decoding=\"async\" width=\"864\" height=\"486\" src=\"https:\/\/digiage.com.tr\/wp-content\/uploads\/2023\/12\/2.png\" class=\"attachment-panda-thumb-square size-panda-thumb-square wp-post-image\" alt=\"\" srcset=\"https:\/\/digiage.com.tr\/wp-content\/uploads\/2023\/12\/2.png 864w, https:\/\/digiage.com.tr\/wp-content\/uploads\/2023\/12\/2-300x169.png 300w, https:\/\/digiage.com.tr\/wp-content\/uploads\/2023\/12\/2-768x432.png 768w, https:\/\/digiage.com.tr\/wp-content\/uploads\/2023\/12\/2-370x208.png 370w, https:\/\/digiage.com.tr\/wp-content\/uploads\/2023\/12\/2-840x473.png 840w, https:\/\/digiage.com.tr\/wp-content\/uploads\/2023\/12\/2-410x231.png 410w, https:\/\/digiage.com.tr\/wp-content\/uploads\/2023\/12\/2-270x152.png 270w\" sizes=\"(max-width: 864px) 100vw, 864px\" \/>\t\t\t\t\t\t<div class=\"mask\"><\/div>\n\t\t\t\t\t\t\t\t\t<a href=\"https:\/\/digiage.com.tr\/az\/kamplar\/2020-kis-kampi\/\"  aria-hidden=\"true\" class=\"link\"><\/a>\n\t\t\t<\/div><div class=\"sc_blogger_item_content entry-content\"><h5 class=\"sc_blogger_item_title entry-title\" data-item-number=\"2\"><a href=\"https:\/\/digiage.com.tr\/az\/kamplar\/2020-kis-kampi\/\" rel=\"bookmark\">2020 K\u0131\u015f Kamp\u0131<\/a><\/h5><\/div><!-- .entry-content --><\/div><!-- .sc_blogger_item_body --><\/div><!-- .sc_blogger_item --><\/div><div class=\"trx_addons_column-1_4\"><div data-post-id=\"26814\" data-item-number=\"3\" class=\"sc_blogger_item sc_item_container post_container sc_blogger_item_portestate sc_blogger_item_portestate_default sc_blogger_item_odd sc_blogger_item_align_none post_format_standard sc_blogger_item_with_image sc_blogger_item_no_excerpt sc_blogger_item_image_position_top post-26814 kamplar type-kamplar status-publish has-post-thumbnail hentry\" ><div class=\"sc_blogger_item_body\"><div class=\"post_featured with_thumb hover_link sc_item_featured sc_blogger_item_featured\"><img decoding=\"async\" width=\"864\" height=\"486\" src=\"https:\/\/digiage.com.tr\/wp-content\/uploads\/2023\/12\/4.png\" class=\"attachment-panda-thumb-square size-panda-thumb-square wp-post-image\" alt=\"\" srcset=\"https:\/\/digiage.com.tr\/wp-content\/uploads\/2023\/12\/4.png 864w, https:\/\/digiage.com.tr\/wp-content\/uploads\/2023\/12\/4-300x169.png 300w, https:\/\/digiage.com.tr\/wp-content\/uploads\/2023\/12\/4-768x432.png 768w, https:\/\/digiage.com.tr\/wp-content\/uploads\/2023\/12\/4-370x208.png 370w, https:\/\/digiage.com.tr\/wp-content\/uploads\/2023\/12\/4-840x473.png 840w, https:\/\/digiage.com.tr\/wp-content\/uploads\/2023\/12\/4-410x231.png 410w, https:\/\/digiage.com.tr\/wp-content\/uploads\/2023\/12\/4-270x152.png 270w\" sizes=\"(max-width: 864px) 100vw, 864px\" \/>\t\t\t\t\t\t<div class=\"mask\"><\/div>\n\t\t\t\t\t\t\t\t\t<a href=\"https:\/\/digiage.com.tr\/az\/kamplar\/2021-cevrimici-kamp\/\"  aria-hidden=\"true\" class=\"link\"><\/a>\n\t\t\t<\/div><div class=\"sc_blogger_item_content entry-content\"><h5 class=\"sc_blogger_item_title entry-title\" data-item-number=\"3\"><a href=\"https:\/\/digiage.com.tr\/az\/kamplar\/2021-cevrimici-kamp\/\" rel=\"bookmark\">2021 \u00c7evrimi\u00e7i Kamp<\/a><\/h5><\/div><!-- .entry-content --><\/div><!-- .sc_blogger_item_body --><\/div><!-- .sc_blogger_item --><\/div><div class=\"trx_addons_column-1_4\"><div data-post-id=\"26815\" data-item-number=\"4\" class=\"sc_blogger_item sc_item_container post_container sc_blogger_item_portestate sc_blogger_item_portestate_default sc_blogger_item_even sc_blogger_item_align_none post_format_standard sc_blogger_item_with_image sc_blogger_item_no_excerpt sc_blogger_item_image_position_top post-26815 kamplar type-kamplar status-publish has-post-thumbnail hentry\" ><div class=\"sc_blogger_item_body\"><div class=\"post_featured with_thumb hover_link sc_item_featured sc_blogger_item_featured\"><img loading=\"lazy\" decoding=\"async\" width=\"864\" height=\"486\" src=\"https:\/\/digiage.com.tr\/wp-content\/uploads\/2023\/12\/5.png\" class=\"attachment-panda-thumb-square size-panda-thumb-square wp-post-image\" alt=\"\" srcset=\"https:\/\/digiage.com.tr\/wp-content\/uploads\/2023\/12\/5.png 864w, https:\/\/digiage.com.tr\/wp-content\/uploads\/2023\/12\/5-300x169.png 300w, https:\/\/digiage.com.tr\/wp-content\/uploads\/2023\/12\/5-768x432.png 768w, https:\/\/digiage.com.tr\/wp-content\/uploads\/2023\/12\/5-370x208.png 370w, https:\/\/digiage.com.tr\/wp-content\/uploads\/2023\/12\/5-840x473.png 840w, https:\/\/digiage.com.tr\/wp-content\/uploads\/2023\/12\/5-410x231.png 410w, https:\/\/digiage.com.tr\/wp-content\/uploads\/2023\/12\/5-270x152.png 270w\" sizes=\"(max-width: 864px) 100vw, 864px\" \/>\t\t\t\t\t\t<div class=\"mask\"><\/div>\n\t\t\t\t\t\t\t\t\t<a href=\"https:\/\/digiage.com.tr\/az\/kamplar\/2022-kis-kampi\/\"  aria-hidden=\"true\" class=\"link\"><\/a>\n\t\t\t<\/div><div class=\"sc_blogger_item_content entry-content\"><h5 class=\"sc_blogger_item_title entry-title\" data-item-number=\"4\"><a href=\"https:\/\/digiage.com.tr\/az\/kamplar\/2022-kis-kampi\/\" rel=\"bookmark\">2022 K\u0131\u015f Kamp\u0131<\/a><\/h5><\/div><!-- .entry-content --><\/div><!-- .sc_blogger_item_body --><\/div><!-- .sc_blogger_item --><\/div><div class=\"trx_addons_column-1_4\"><div data-post-id=\"27014\" data-item-number=\"5\" class=\"sc_blogger_item sc_item_container post_container sc_blogger_item_portestate sc_blogger_item_portestate_default sc_blogger_item_odd sc_blogger_item_align_none post_format_standard sc_blogger_item_with_image sc_blogger_item_no_excerpt sc_blogger_item_image_position_top post-27014 kamplar type-kamplar status-publish has-post-thumbnail hentry\" ><div class=\"sc_blogger_item_body\"><div class=\"post_featured with_thumb hover_link sc_item_featured sc_blogger_item_featured\"><img loading=\"lazy\" decoding=\"async\" width=\"864\" height=\"486\" src=\"https:\/\/digiage.com.tr\/wp-content\/uploads\/2023\/12\/2022-Yaz-Kampi.jpg\" class=\"attachment-panda-thumb-square size-panda-thumb-square wp-post-image\" alt=\"\" srcset=\"https:\/\/digiage.com.tr\/wp-content\/uploads\/2023\/12\/2022-Yaz-Kampi.jpg 864w, https:\/\/digiage.com.tr\/wp-content\/uploads\/2023\/12\/2022-Yaz-Kampi-300x169.jpg 300w, https:\/\/digiage.com.tr\/wp-content\/uploads\/2023\/12\/2022-Yaz-Kampi-768x432.jpg 768w, https:\/\/digiage.com.tr\/wp-content\/uploads\/2023\/12\/2022-Yaz-Kampi-370x208.jpg 370w, https:\/\/digiage.com.tr\/wp-content\/uploads\/2023\/12\/2022-Yaz-Kampi-840x473.jpg 840w, https:\/\/digiage.com.tr\/wp-content\/uploads\/2023\/12\/2022-Yaz-Kampi-410x231.jpg 410w, https:\/\/digiage.com.tr\/wp-content\/uploads\/2023\/12\/2022-Yaz-Kampi-270x152.jpg 270w\" sizes=\"(max-width: 864px) 100vw, 864px\" \/>\t\t\t\t\t\t<div class=\"mask\"><\/div>\n\t\t\t\t\t\t\t\t\t<a href=\"https:\/\/digiage.com.tr\/az\/kamplar\/2022-yaz-kampi\/\"  aria-hidden=\"true\" class=\"link\"><\/a>\n\t\t\t<\/div><div class=\"sc_blogger_item_content entry-content\"><h5 class=\"sc_blogger_item_title entry-title\" data-item-number=\"5\"><a href=\"https:\/\/digiage.com.tr\/az\/kamplar\/2022-yaz-kampi\/\" rel=\"bookmark\">2022 Yaz Kamp\u0131<\/a><\/h5><\/div><!-- .entry-content --><\/div><!-- .sc_blogger_item_body --><\/div><!-- .sc_blogger_item --><\/div><div class=\"trx_addons_column-1_4\"><div data-post-id=\"26816\" data-item-number=\"6\" class=\"sc_blogger_item sc_item_container post_container sc_blogger_item_portestate sc_blogger_item_portestate_default sc_blogger_item_even sc_blogger_item_align_none post_format_standard sc_blogger_item_with_image sc_blogger_item_no_excerpt sc_blogger_item_image_position_top post-26816 kamplar type-kamplar status-publish has-post-thumbnail hentry\" ><div class=\"sc_blogger_item_body\"><div class=\"post_featured with_thumb hover_link sc_item_featured sc_blogger_item_featured\"><img loading=\"lazy\" decoding=\"async\" width=\"864\" height=\"486\" src=\"https:\/\/digiage.com.tr\/wp-content\/uploads\/2023\/12\/6.png\" class=\"attachment-panda-thumb-square size-panda-thumb-square wp-post-image\" alt=\"\" srcset=\"https:\/\/digiage.com.tr\/wp-content\/uploads\/2023\/12\/6.png 864w, https:\/\/digiage.com.tr\/wp-content\/uploads\/2023\/12\/6-300x169.png 300w, https:\/\/digiage.com.tr\/wp-content\/uploads\/2023\/12\/6-768x432.png 768w, https:\/\/digiage.com.tr\/wp-content\/uploads\/2023\/12\/6-370x208.png 370w, https:\/\/digiage.com.tr\/wp-content\/uploads\/2023\/12\/6-840x473.png 840w, https:\/\/digiage.com.tr\/wp-content\/uploads\/2023\/12\/6-410x231.png 410w, https:\/\/digiage.com.tr\/wp-content\/uploads\/2023\/12\/6-270x152.png 270w\" sizes=\"(max-width: 864px) 100vw, 864px\" \/>\t\t\t\t\t\t<div class=\"mask\"><\/div>\n\t\t\t\t\t\t\t\t\t<a href=\"https:\/\/digiage.com.tr\/az\/kamplar\/2023-kis-kampi\/\"  aria-hidden=\"true\" class=\"link\"><\/a>\n\t\t\t<\/div><div class=\"sc_blogger_item_content entry-content\"><h5 class=\"sc_blogger_item_title entry-title\" data-item-number=\"6\"><a href=\"https:\/\/digiage.com.tr\/az\/kamplar\/2023-kis-kampi\/\" rel=\"bookmark\">2023 K\u0131\u015f Kamp\u0131<\/a><\/h5><\/div><!-- .entry-content --><\/div><!-- .sc_blogger_item_body --><\/div><!-- .sc_blogger_item --><\/div><div class=\"trx_addons_column-1_4\"><div data-post-id=\"26818\" data-item-number=\"7\" class=\"sc_blogger_item sc_item_container post_container sc_blogger_item_portestate sc_blogger_item_portestate_default sc_blogger_item_odd sc_blogger_item_align_none post_format_standard sc_blogger_item_with_image sc_blogger_item_no_excerpt sc_blogger_item_image_position_top post-26818 kamplar type-kamplar status-publish has-post-thumbnail hentry\" ><div class=\"sc_blogger_item_body\"><div class=\"post_featured with_thumb hover_link sc_item_featured sc_blogger_item_featured\"><img loading=\"lazy\" decoding=\"async\" width=\"864\" height=\"486\" src=\"https:\/\/digiage.com.tr\/wp-content\/uploads\/2023\/09\/digiage-baku.png\" class=\"attachment-panda-thumb-square size-panda-thumb-square wp-post-image\" alt=\"\" srcset=\"https:\/\/digiage.com.tr\/wp-content\/uploads\/2023\/09\/digiage-baku.png 864w, https:\/\/digiage.com.tr\/wp-content\/uploads\/2023\/09\/digiage-baku-300x169.png 300w, https:\/\/digiage.com.tr\/wp-content\/uploads\/2023\/09\/digiage-baku-768x432.png 768w, https:\/\/digiage.com.tr\/wp-content\/uploads\/2023\/09\/digiage-baku-370x208.png 370w, https:\/\/digiage.com.tr\/wp-content\/uploads\/2023\/09\/digiage-baku-840x473.png 840w, https:\/\/digiage.com.tr\/wp-content\/uploads\/2023\/09\/digiage-baku-410x231.png 410w, https:\/\/digiage.com.tr\/wp-content\/uploads\/2023\/09\/digiage-baku-270x152.png 270w\" sizes=\"(max-width: 864px) 100vw, 864px\" \/>\t\t\t\t\t\t<div class=\"mask\"><\/div>\n\t\t\t\t\t\t\t\t\t<a href=\"https:\/\/digiage.com.tr\/az\/kamplar\/2023-baku-kampi\/\"  aria-hidden=\"true\" class=\"link\"><\/a>\n\t\t\t<\/div><div class=\"sc_blogger_item_content entry-content\"><h5 class=\"sc_blogger_item_title entry-title\" data-item-number=\"7\"><a href=\"https:\/\/digiage.com.tr\/az\/kamplar\/2023-baku-kampi\/\" rel=\"bookmark\">2023 Bak\u00fc Kamp\u0131<\/a><\/h5><\/div><!-- .entry-content --><\/div><!-- .sc_blogger_item_body --><\/div><!-- .sc_blogger_item --><\/div><div class=\"trx_addons_column-1_4\"><div data-post-id=\"28364\" data-item-number=\"8\" class=\"sc_blogger_item sc_item_container post_container sc_blogger_item_portestate sc_blogger_item_portestate_default sc_blogger_item_even sc_blogger_item_align_none post_format_standard sc_blogger_item_with_image sc_blogger_item_no_excerpt sc_blogger_item_image_position_top post-28364 kamplar type-kamplar status-publish has-post-thumbnail hentry\" ><div class=\"sc_blogger_item_body\"><div class=\"post_featured with_thumb hover_link sc_item_featured sc_blogger_item_featured\"><img loading=\"lazy\" decoding=\"async\" width=\"848\" height=\"486\" src=\"https:\/\/digiage.com.tr\/wp-content\/uploads\/2025\/06\/izmirkamp2025.webp\" class=\"attachment-panda-thumb-square size-panda-thumb-square wp-post-image\" alt=\"\" srcset=\"https:\/\/digiage.com.tr\/wp-content\/uploads\/2025\/06\/izmirkamp2025.webp 848w, https:\/\/digiage.com.tr\/wp-content\/uploads\/2025\/06\/izmirkamp2025-300x172.webp 300w, https:\/\/digiage.com.tr\/wp-content\/uploads\/2025\/06\/izmirkamp2025-768x440.webp 768w, https:\/\/digiage.com.tr\/wp-content\/uploads\/2025\/06\/izmirkamp2025-18x10.webp 18w, https:\/\/digiage.com.tr\/wp-content\/uploads\/2025\/06\/izmirkamp2025-370x212.webp 370w, https:\/\/digiage.com.tr\/wp-content\/uploads\/2025\/06\/izmirkamp2025-840x481.webp 840w, https:\/\/digiage.com.tr\/wp-content\/uploads\/2025\/06\/izmirkamp2025-410x235.webp 410w\" sizes=\"(max-width: 848px) 100vw, 848px\" \/>\t\t\t\t\t\t<div class=\"mask\"><\/div>\n\t\t\t\t\t\t\t\t\t<a href=\"https:\/\/digiage.com.tr\/az\/kamplar\/2025-izmir-kampi\/\"  aria-hidden=\"true\" class=\"link\"><\/a>\n\t\t\t<\/div><div class=\"sc_blogger_item_content entry-content\"><h5 class=\"sc_blogger_item_title entry-title\" data-item-number=\"8\"><a href=\"https:\/\/digiage.com.tr\/az\/kamplar\/2025-izmir-kampi\/\" rel=\"bookmark\">2025 \u0130zmir Kamp\u0131<\/a><\/h5><\/div><!-- .entry-content --><\/div><!-- .sc_blogger_item_body --><\/div><!-- .sc_blogger_item --><\/div><div class=\"trx_addons_column-1_4\"><div data-post-id=\"28366\" data-item-number=\"9\" class=\"sc_blogger_item sc_item_container post_container sc_blogger_item_portestate sc_blogger_item_portestate_default sc_blogger_item_odd sc_blogger_item_align_none post_format_standard sc_blogger_item_with_image sc_blogger_item_no_excerpt sc_blogger_item_image_position_top post-28366 kamplar type-kamplar status-publish has-post-thumbnail hentry\" ><div class=\"sc_blogger_item_body\"><div class=\"post_featured with_thumb hover_link sc_item_featured sc_blogger_item_featured\"><img loading=\"lazy\" decoding=\"async\" width=\"848\" height=\"486\" src=\"https:\/\/digiage.com.tr\/wp-content\/uploads\/2025\/06\/2025-Balkan-Kampi.webp\" class=\"attachment-panda-thumb-square size-panda-thumb-square wp-post-image\" alt=\"\" srcset=\"https:\/\/digiage.com.tr\/wp-content\/uploads\/2025\/06\/2025-Balkan-Kampi.webp 848w, https:\/\/digiage.com.tr\/wp-content\/uploads\/2025\/06\/2025-Balkan-Kampi-300x172.webp 300w, https:\/\/digiage.com.tr\/wp-content\/uploads\/2025\/06\/2025-Balkan-Kampi-768x440.webp 768w, https:\/\/digiage.com.tr\/wp-content\/uploads\/2025\/06\/2025-Balkan-Kampi-18x10.webp 18w, https:\/\/digiage.com.tr\/wp-content\/uploads\/2025\/06\/2025-Balkan-Kampi-370x212.webp 370w, https:\/\/digiage.com.tr\/wp-content\/uploads\/2025\/06\/2025-Balkan-Kampi-840x481.webp 840w, https:\/\/digiage.com.tr\/wp-content\/uploads\/2025\/06\/2025-Balkan-Kampi-410x235.webp 410w\" sizes=\"(max-width: 848px) 100vw, 848px\" \/>\t\t\t\t\t\t<div class=\"mask\"><\/div>\n\t\t\t\t\t\t\t\t\t<a href=\"https:\/\/digiage.com.tr\/az\/kamplar\/2025-balkan-kampi\/\"  aria-hidden=\"true\" class=\"link\"><\/a>\n\t\t\t<\/div><div class=\"sc_blogger_item_content entry-content\"><h5 class=\"sc_blogger_item_title entry-title\" data-item-number=\"9\"><a href=\"https:\/\/digiage.com.tr\/az\/kamplar\/2025-balkan-kampi\/\" rel=\"bookmark\">2025 Balkan Kamp\u0131<\/a><\/h5><\/div><!-- .entry-content --><\/div><!-- .sc_blogger_item_body --><\/div><!-- .sc_blogger_item --><\/div><\/div><\/div>\t\t\t\t<\/div>\n\t\t\t\t<\/div>\n\t\t\t\t\t<\/div>\n\t\t<\/div>\n\t\t\t\t\t<\/div>\n\t\t<\/section>\n\t\t\t\t<\/div>","protected":false},"excerpt":{"rendered":"<p>D\u00fczenledi\u011fimiz Kamplar 1. DIGIAGE Oyun Geli\u015ftirme Kamp\u0131 2. DIGIAGE Oyun Geli\u015ftirme Kamp\u0131 3. DIGIAGE Oyun Geli\u015ftirme Kamp\u0131 4. DIGIAGE Oyun Geli\u015ftirme Kamp\u0131 5. DIGIAGE Oyun Geli\u015ftirme Kamp\u0131 6. DIGIAGE Oyun&hellip;<\/p>","protected":false},"author":1,"featured_media":0,"parent":0,"menu_order":0,"comment_status":"closed","ping_status":"closed","template":"elementor_header_footer","meta":{"footnotes":""},"class_list":["post-26811","page","type-page","status-publish","hentry"],"aioseo_notices":[],"_links":{"self":[{"href":"https:\/\/digiage.com.tr\/az\/wp-json\/wp\/v2\/pages\/26811","targetHints":{"allow":["GET"]}}],"collection":[{"href":"https:\/\/digiage.com.tr\/az\/wp-json\/wp\/v2\/pages"}],"about":[{"href":"https:\/\/digiage.com.tr\/az\/wp-json\/wp\/v2\/types\/page"}],"author":[{"embeddable":true,"href":"https:\/\/digiage.com.tr\/az\/wp-json\/wp\/v2\/users\/1"}],"replies":[{"embeddable":true,"href":"https:\/\/digiage.com.tr\/az\/wp-json\/wp\/v2\/comments?post=26811"}],"version-history":[{"count":10,"href":"https:\/\/digiage.com.tr\/az\/wp-json\/wp\/v2\/pages\/26811\/revisions"}],"predecessor-version":[{"id":28362,"href":"https:\/\/digiage.com.tr\/az\/wp-json\/wp\/v2\/pages\/26811\/revisions\/28362"}],"wp:attachment":[{"href":"https:\/\/digiage.com.tr\/az\/wp-json\/wp\/v2\/media?parent=26811"}],"curies":[{"name":"wp","href":"https:\/\/api.w.org\/{rel}","templated":true}]}}