{"id":26023,"date":"2020-12-30T11:12:41","date_gmt":"2020-12-30T08:12:41","guid":{"rendered":"https:\/\/digiage.com.tr\/unsiyy%c9%99t\/"},"modified":"2023-08-22T16:50:23","modified_gmt":"2023-08-22T13:50:23","slug":"unsiyy%c9%99t","status":"publish","type":"page","link":"https:\/\/digiage.com.tr\/az\/unsiyy%c9%99t\/","title":{"rendered":"\u00dcnsiyy\u0259t"},"content":{"rendered":"<div data-elementor-type=\"wp-page\" data-elementor-id=\"26023\" class=\"elementor elementor-26023\" data-elementor-settings=\"{&quot;ha_cmc_init_switcher&quot;:&quot;no&quot;}\" data-elementor-post-type=\"page\">\n\t\t\t\t\t\t<section class=\"elementor-section elementor-top-section elementor-element elementor-element-ca2bda8 elementor-section-boxed elementor-section-height-default elementor-section-height-default sc_fly_static\" data-id=\"ca2bda8\" data-element_type=\"section\" data-settings=\"{&quot;_ha_eqh_enable&quot;:false}\">\n\t\t\t\t\t\t<div class=\"elementor-container elementor-column-gap-extended\">\n\t\t\t\t\t<div class=\"elementor-column elementor-col-100 elementor-top-column elementor-element elementor-element-5f6012f sc_inner_width_none sc_content_align_inherit sc_layouts_column_icons_position_left sc_fly_static\" data-id=\"5f6012f\" data-element_type=\"column\">\n\t\t\t<div class=\"elementor-widget-wrap elementor-element-populated\">\n\t\t\t\t\t\t\t<\/div>\n\t\t<\/div>\n\t\t\t\t\t<\/div>\n\t\t<\/section>\n\t\t\t\t<section class=\"elementor-section elementor-top-section elementor-element elementor-element-40c4cb4 elementor-section-boxed elementor-section-height-default elementor-section-height-default sc_fly_static\" data-id=\"40c4cb4\" data-element_type=\"section\" data-settings=\"{&quot;_ha_eqh_enable&quot;:false}\">\n\t\t\t\t\t\t<div class=\"elementor-container elementor-column-gap-extended\">\n\t\t\t\t\t<div class=\"elementor-column elementor-col-100 elementor-top-column elementor-element elementor-element-2275dac sc_inner_width_none sc_content_align_inherit sc_layouts_column_icons_position_left sc_fly_static\" data-id=\"2275dac\" data-element_type=\"column\">\n\t\t\t<div class=\"elementor-widget-wrap elementor-element-populated\">\n\t\t\t\t\t\t<div class=\"elementor-element elementor-element-6f70f95f animation_type_sequental sc_fly_static elementor-invisible elementor-widget elementor-widget-trx_sc_icons\" data-id=\"6f70f95f\" data-element_type=\"widget\" data-settings=\"{&quot;_animation&quot;:&quot;panda-fadeinup&quot;,&quot;_animation_delay&quot;:100}\" data-widget_type=\"trx_sc_icons.default\">\n\t\t\t\t<div class=\"elementor-widget-container\">\n\t\t\t\t\t<div \tclass=\"sc_icons sc_icons_plain sc_icons_size_small sc_align_center\" ><div class=\"sc_icons_columns_wrap sc_item_columns trx_addons_columns_wrap columns_padding_bottom columns_in_single_row\" ><div class=\"trx_addons_column-1_3\"><div class=\"sc_icons_item sc_icons_item_linked\"><div class=\"sc_icons_icon sc_icon_type_ icon-home\" ><span class=\"sc_icon_type_ icon-home\"><\/span><\/div><div class=\"sc_icons_item_details\"><h4 class=\"sc_icons_item_title\"><a href=\"http:\/\/discord.gg\/digiage\">\n                                    Discord                                    <\/a><\/h4><div class=\"sc_icons_item_description\"><span>Discord Serverimiz\u0259 Qo\u015fulun<\/span><\/div><a href=\"http:\/\/discord.gg\/digiage\"\n                        class=\"sc_icons_item_link\">\n                        <\/a><\/div><\/div><\/div><div class=\"trx_addons_column-1_3\"><div class=\"sc_icons_item sc_icons_item_linked with_more\"><div class=\"sc_icons_icon sc_icon_type_ icon-home-1\" ><span class=\"sc_icon_type_ icon-home-1\"><\/span><\/div><div class=\"sc_icons_item_details\"><h4 class=\"sc_icons_item_title\"><a href=\"#map\">\n                                    \u00dcnvan                                    <\/a><\/h4><div class=\"sc_icons_item_description\"><span>Muallimk\u00f6y Mh. Deniz Cd. No: 143\/5 41400 Gebze\/Kocaeli<\/span><\/div><a href=\"#map\" class=\"sc_icons_item_more_link\">\n                        <span class=\"link_text\">Bili\u015fim Vadisi<\/span><span class=\"link_icon\"><\/span>\n                        <\/a><a href=\"#map\"\n                        class=\"sc_icons_item_link\">\n                        <\/a><\/div><\/div><\/div><div class=\"trx_addons_column-1_3\"><div class=\"sc_icons_item sc_icons_item_linked with_more\"><div class=\"sc_icons_icon sc_icon_type_ icon-email-2\" ><span class=\"sc_icon_type_ icon-email-2\"><\/span><\/div><div class=\"sc_icons_item_details\"><h4 class=\"sc_icons_item_title\"><a href=\"mailto:info@digiage.com.tr\">\n                                    E-po\u00e7t                                    <\/a><\/h4><div class=\"sc_icons_item_description\"><span>info@digiage.com.tr<\/span><\/div><a href=\"mailto:info@digiage.com.tr\" class=\"sc_icons_item_more_link\">\n                        <span class=\"link_text\">Bize Ula\u015f\u0131n<\/span><span class=\"link_icon\"><\/span>\n                        <\/a><a href=\"mailto:info@digiage.com.tr\"\n                        class=\"sc_icons_item_link\">\n                        <\/a><\/div><\/div><\/div><\/div><\/div><!-- \/.sc_icons -->\t\t\t\t<\/div>\n\t\t\t\t<\/div>\n\t\t\t\t\t<\/div>\n\t\t<\/div>\n\t\t\t\t\t<\/div>\n\t\t<\/section>\n\t\t\t\t<section class=\"elementor-section elementor-top-section elementor-element elementor-element-d13b240 elementor-section-boxed elementor-section-height-default elementor-section-height-default sc_fly_static\" data-id=\"d13b240\" data-element_type=\"section\" data-settings=\"{&quot;_ha_eqh_enable&quot;:false}\">\n\t\t\t\t\t\t<div class=\"elementor-container elementor-column-gap-extended\">\n\t\t\t\t\t<div class=\"elementor-column elementor-col-100 elementor-top-column elementor-element elementor-element-768f506 sc_inner_width_none sc_content_align_inherit sc_layouts_column_icons_position_left sc_fly_static\" data-id=\"768f506\" data-element_type=\"column\">\n\t\t\t<div class=\"elementor-widget-wrap elementor-element-populated\">\n\t\t\t\t\t\t\t<\/div>\n\t\t<\/div>\n\t\t\t\t\t<\/div>\n\t\t<\/section>\n\t\t\t\t<section class=\"elementor-section elementor-top-section elementor-element elementor-element-b35b84a elementor-section-stretched elementor-section-full_width elementor-section-height-default elementor-section-height-default sc_fly_static\" data-id=\"b35b84a\" data-element_type=\"section\" id=\"map\" data-settings=\"{&quot;stretch_section&quot;:&quot;section-stretched&quot;,&quot;background_background&quot;:&quot;classic&quot;,&quot;_ha_eqh_enable&quot;:false}\">\n\t\t\t\t\t\t<div class=\"elementor-container elementor-column-gap-no\">\n\t\t\t\t\t<div class=\"elementor-column elementor-col-100 elementor-top-column elementor-element elementor-element-d92b45a sc_inner_width_none sc_content_align_inherit sc_layouts_column_icons_position_left sc_fly_static\" data-id=\"d92b45a\" data-element_type=\"column\">\n\t\t\t<div class=\"elementor-widget-wrap elementor-element-populated\">\n\t\t\t\t\t\t<div class=\"elementor-element elementor-element-215c32f sc_fly_static elementor-widget elementor-widget-trx_sc_googlemap\" data-id=\"215c32f\" data-element_type=\"widget\" data-widget_type=\"trx_sc_googlemap.default\">\n\t\t\t\t<div class=\"elementor-widget-container\">\n\t\t\t\t\t<div id=\"sc_googlemap_2036017551_wrap\" class=\"sc_googlemap_wrap\"><div id=\"sc_googlemap_2036017551\"\t\t\tclass=\"sc_item_content sc_map sc_googlemap sc_googlemap_default trx_addons_inline_83512894\"\n\t\t\t \t\t\tdata-zoom=\"11\"\n\t\t\tdata-center=\"\"\n\t\t\tdata-style=\"modern\"\n\t\t\tdata-cluster-icon=\"\"\n\t\t\t><iframe\n\t\t\t\t\t\tsrc=\"https:\/\/maps.google.com\/maps?t=m&output=embed&iwloc=near&z=11&q=Bili%C5%9Fim+Vadisi\"\n\t\t\t\t\t\taria-label=\"\"><\/iframe><\/div><\/div>\t\t\t\t<\/div>\n\t\t\t\t<\/div>\n\t\t\t\t\t<\/div>\n\t\t<\/div>\n\t\t\t\t\t<\/div>\n\t\t<\/section>\n\t\t\t\t<\/div>","protected":false},"excerpt":{"rendered":"<p>Discord Discord Serverimiz\u0259 Qo\u015fulun \u00dcnvan Muallimk\u00f6y Mh. Deniz Cd. No: 143\/5 41400 Gebze\/Kocaeli Bili\u015fim Vadisi E-po\u00e7t info@digiage.com.tr Bize Ula\u015f\u0131n<\/p>","protected":false},"author":1,"featured_media":0,"parent":0,"menu_order":0,"comment_status":"closed","ping_status":"closed","template":"","meta":{"footnotes":""},"class_list":["post-26023","page","type-page","status-publish","hentry"],"aioseo_notices":[],"_links":{"self":[{"href":"https:\/\/digiage.com.tr\/az\/wp-json\/wp\/v2\/pages\/26023","targetHints":{"allow":["GET"]}}],"collection":[{"href":"https:\/\/digiage.com.tr\/az\/wp-json\/wp\/v2\/pages"}],"about":[{"href":"https:\/\/digiage.com.tr\/az\/wp-json\/wp\/v2\/types\/page"}],"author":[{"embeddable":true,"href":"https:\/\/digiage.com.tr\/az\/wp-json\/wp\/v2\/users\/1"}],"replies":[{"embeddable":true,"href":"https:\/\/digiage.com.tr\/az\/wp-json\/wp\/v2\/comments?post=26023"}],"version-history":[{"count":2,"href":"https:\/\/digiage.com.tr\/az\/wp-json\/wp\/v2\/pages\/26023\/revisions"}],"predecessor-version":[{"id":26066,"href":"https:\/\/digiage.com.tr\/az\/wp-json\/wp\/v2\/pages\/26023\/revisions\/26066"}],"wp:attachment":[{"href":"https:\/\/digiage.com.tr\/az\/wp-json\/wp\/v2\/media?parent=26023"}],"curies":[{"name":"wp","href":"https:\/\/api.w.org\/{rel}","templated":true}]}}