{"id":25006,"date":"2023-08-25T11:49:42","date_gmt":"2023-08-25T08:49:42","guid":{"rendered":"https:\/\/digiage.com.tr\/?page_id=25006"},"modified":"2025-03-14T16:27:23","modified_gmt":"2025-03-14T13:27:23","slug":"izmir-kampi-lcv-2","status":"publish","type":"page","link":"https:\/\/digiage.com.tr\/az\/izmir-kampi-lcv-2\/","title":{"rendered":"\u0130zmir Kamp\u0131 LCV"},"content":{"rendered":"<div data-elementor-type=\"wp-page\" data-elementor-id=\"25006\" class=\"elementor elementor-25006\" data-elementor-settings=\"{&quot;ha_cmc_init_switcher&quot;:&quot;no&quot;}\" data-elementor-post-type=\"page\">\n\t\t\t\t\t\t<section class=\"elementor-section elementor-top-section elementor-element elementor-element-28d7469 elementor-section-boxed elementor-section-height-default elementor-section-height-default sc_fly_static\" data-id=\"28d7469\" data-element_type=\"section\" data-settings=\"{&quot;_ha_eqh_enable&quot;:false}\">\n\t\t\t\t\t\t\t<div class=\"elementor-background-overlay\"><\/div>\n\t\t\t\t\t\t\t<div class=\"elementor-container elementor-column-gap-extended\">\n\t\t\t\t\t<div class=\"elementor-column elementor-col-50 elementor-top-column elementor-element elementor-element-4b878ee sc_inner_width_none sc_content_align_inherit sc_layouts_column_icons_position_left sc_fly_static\" data-id=\"4b878ee\" data-element_type=\"column\">\n\t\t\t<div class=\"elementor-widget-wrap elementor-element-populated\">\n\t\t\t\t\t\t<div class=\"elementor-element elementor-element-573ea0c sc_fly_static elementor-widget elementor-widget-text-editor\" data-id=\"573ea0c\" data-element_type=\"widget\" data-widget_type=\"text-editor.default\">\n\t\t\t\t<div class=\"elementor-widget-container\">\n\t\t\t\t\t\t\t\t\t<p><span lang=\"TR\">Kamp s\u00fcresince; canl\u0131 konferanslar ve yurt d\u0131\u015f\u0131 SKYPE e\u011fitimleri yap\u0131ld\u0131. (ABD, Kanada, \u0130ngiltere ve Almanya) Yabanc\u0131 \u00fclkelerdeki \u00fcnl\u00fc T\u00fcrk oyun geli\u015ftiricileri ile e\u011fitim ve konferanslar ger\u00e7ekle\u015ftirildi.<\/span><\/p><p><span lang=\"TR\">2 oyun i\u00e7in sunum sonras\u0131 do\u011frudan ticari anla\u015fma yap\u0131ld\u0131. 11 tak\u0131m\u0131n oyununa ge\u00e7er not verildi ve g\u00f6r\u00fc\u015fmelere ba\u015fland\u0131.<\/span><\/p><p><span lang=\"TR\">5 tak\u0131m \u015firket kurmak i\u00e7in \u00e7al\u0131\u015fmalara devam etti.\u00a0<\/span><\/p><p><span lang=\"TR\">2 tak\u0131m Bili\u015fim Vadisi i\u00e7inde projelerini sundu ve kurulum i\u00e7in resmi m\u00fcracaatlar\u0131n\u0131 yapt\u0131. <\/span><\/p><p><span lang=\"TR\">Kat\u0131l\u0131mc\u0131lar\u0131m\u0131zdan 4 ki\u015fi mentor firma olan Funmoth Games\u2019de i\u015fe<\/span><span lang=\"TR\">\u00a0ba\u015flad\u0131.<\/span><\/p>\t\t\t\t\t\t\t\t<\/div>\n\t\t\t\t<\/div>\n\t\t\t\t<div class=\"elementor-element elementor-element-711a21e sc_height_tiny sc_fly_static elementor-widget elementor-widget-spacer\" data-id=\"711a21e\" data-element_type=\"widget\" data-widget_type=\"spacer.default\">\n\t\t\t\t<div class=\"elementor-widget-container\">\n\t\t\t\t\t\t\t<div class=\"elementor-spacer\">\n\t\t\t<div class=\"elementor-spacer-inner\"><\/div>\n\t\t<\/div>\n\t\t\t\t\t\t<\/div>\n\t\t\t\t<\/div>\n\t\t\t\t<div class=\"elementor-element elementor-element-24e32ae sc_fly_static elementor-widget elementor-widget-trx_sc_button\" data-id=\"24e32ae\" data-element_type=\"widget\" data-widget_type=\"trx_sc_button.default\">\n\t\t\t\t<div class=\"elementor-widget-container\">\n\t\t\t\t\t<div\tclass=\"sc_item_button sc_button_wrap sc_align_center\" ><a href=\"#\" class=\"sc_button sc_button_default sc_button_size_normal sc_button_icon_left\" ><span class=\"sc_button_text\"><span class=\"sc_button_title\">Daha Fazla Detay<\/span><\/span><\/a><\/div>\t\t\t\t<\/div>\n\t\t\t\t<\/div>\n\t\t\t\t\t<\/div>\n\t\t<\/div>\n\t\t\t\t<div class=\"elementor-column elementor-col-50 elementor-top-column elementor-element elementor-element-844b232 sc_inner_width_none sc_content_align_inherit sc_layouts_column_icons_position_left sc_fly_static\" data-id=\"844b232\" data-element_type=\"column\">\n\t\t\t<div class=\"elementor-widget-wrap elementor-element-populated\">\n\t\t\t\t\t\t<div data-parallax-params=\"{&quot;flow&quot;:&quot;in_out&quot;,&quot;range_start&quot;:0,&quot;range_end&quot;:1,&quot;sticky_offset&quot;:0,&quot;ease&quot;:&quot;power2&quot;,&quot;duration&quot;:1.1999999999999999555910790149937383830547332763671875,&quot;squeeze&quot;:1.3000000000000000444089209850062616169452667236328125,&quot;x_start&quot;:-81,&quot;x_end&quot;:0,&quot;x_unit&quot;:&quot;px&quot;,&quot;y_start&quot;:69,&quot;y_end&quot;:0,&quot;y_unit&quot;:&quot;px&quot;,&quot;scale_start&quot;:229,&quot;scale_end&quot;:73,&quot;rotate_start&quot;:0,&quot;rotate_end&quot;:0,&quot;opacity_start&quot;:1,&quot;opacity_end&quot;:1,&quot;text&quot;:&quot;block&quot;,&quot;mouse&quot;:0,&quot;mouse_type&quot;:&quot;transform3d&quot;,&quot;mouse_tilt_amount&quot;:70,&quot;mouse_speed&quot;:10,&quot;mouse_z&quot;:&quot;&quot;,&quot;mouse_handler&quot;:&quot;row&quot;}\" class=\"elementor-element elementor-element-76479cb sc_parallax sc_parallax_in_out elementor-widget__width-initial sc_fly_static elementor-widget elementor-widget-image\" data-id=\"76479cb\" data-element_type=\"widget\" data-widget_type=\"image.default\">\n\t\t\t\t<div class=\"elementor-widget-container\">\n\t\t\t\t\t\t\t\t\t\t\t\t\t\t\t<img fetchpriority=\"high\" decoding=\"async\" width=\"738\" height=\"893\" src=\"https:\/\/digiage.com.tr\/wp-content\/uploads\/2023\/08\/digiage-world-summer.png\" class=\"attachment-large size-large wp-image-25008\" alt=\"\" srcset=\"https:\/\/digiage.com.tr\/wp-content\/uploads\/2023\/08\/digiage-world-summer.png 738w, https:\/\/digiage.com.tr\/wp-content\/uploads\/2023\/08\/digiage-world-summer-248x300.png 248w, https:\/\/digiage.com.tr\/wp-content\/uploads\/2023\/08\/digiage-world-summer-370x448.png 370w, https:\/\/digiage.com.tr\/wp-content\/uploads\/2023\/08\/digiage-world-summer-410x496.png 410w\" sizes=\"(max-width: 738px) 100vw, 738px\" \/>\t\t\t\t\t\t\t\t\t\t\t\t\t\t\t<\/div>\n\t\t\t\t<\/div>\n\t\t\t\t\t<\/div>\n\t\t<\/div>\n\t\t\t\t\t<\/div>\n\t\t<\/section>\n\t\t\t\t<section class=\"elementor-section elementor-top-section elementor-element elementor-element-d488956 elementor-section-boxed elementor-section-height-default elementor-section-height-default sc_fly_static\" data-id=\"d488956\" data-element_type=\"section\" data-settings=\"{&quot;_ha_eqh_enable&quot;:false}\">\n\t\t\t\t\t\t<div class=\"elementor-container elementor-column-gap-extended\">\n\t\t\t\t\t<div class=\"elementor-column elementor-col-100 elementor-top-column elementor-element elementor-element-f4ff555 sc_inner_width_none sc_content_align_inherit sc_layouts_column_icons_position_left sc_fly_static\" data-id=\"f4ff555\" data-element_type=\"column\">\n\t\t\t<div class=\"elementor-widget-wrap elementor-element-populated\">\n\t\t\t\t\t\t<div class=\"elementor-element elementor-element-e1de8c6 sc_height_tiny sc_fly_static elementor-widget elementor-widget-spacer\" data-id=\"e1de8c6\" data-element_type=\"widget\" data-widget_type=\"spacer.default\">\n\t\t\t\t<div class=\"elementor-widget-container\">\n\t\t\t\t\t\t\t<div class=\"elementor-spacer\">\n\t\t\t<div class=\"elementor-spacer-inner\"><\/div>\n\t\t<\/div>\n\t\t\t\t\t\t<\/div>\n\t\t\t\t<\/div>\n\t\t\t\t\t<\/div>\n\t\t<\/div>\n\t\t\t\t\t<\/div>\n\t\t<\/section>\n\t\t\t\t<section class=\"elementor-section elementor-top-section elementor-element elementor-element-a11c37c elementor-section-boxed elementor-section-height-default elementor-section-height-default sc_fly_static\" data-id=\"a11c37c\" data-element_type=\"section\" data-settings=\"{&quot;_ha_eqh_enable&quot;:false}\">\n\t\t\t\t\t\t<div class=\"elementor-container elementor-column-gap-extended\">\n\t\t\t\t\t<div class=\"elementor-column elementor-col-16 elementor-top-column elementor-element elementor-element-efe34b9 sc_inner_width_none sc_content_align_inherit sc_layouts_column_icons_position_left sc_fly_static\" data-id=\"efe34b9\" data-element_type=\"column\">\n\t\t\t<div class=\"elementor-widget-wrap elementor-element-populated\">\n\t\t\t\t\t\t<div class=\"elementor-element elementor-element-b985810 sc_fly_static elementor-widget elementor-widget-counter\" data-id=\"b985810\" data-element_type=\"widget\" data-widget_type=\"counter.default\">\n\t\t\t\t<div class=\"elementor-widget-container\">\n\t\t\t\t\t\t\t<div class=\"elementor-counter\">\n\t\t\t<div class=\"elementor-counter-title\">Ba\u015fvuru<\/div>\t\t\t<div class=\"elementor-counter-number-wrapper\">\n\t\t\t\t<span class=\"elementor-counter-number-prefix\"><\/span>\n\t\t\t\t<span class=\"elementor-counter-number\" data-duration=\"2000\" data-to-value=\"1500\" data-from-value=\"0\" data-delimiter=\",\">0<\/span>\n\t\t\t\t<span class=\"elementor-counter-number-suffix\">+<\/span>\n\t\t\t<\/div>\n\t\t<\/div>\n\t\t\t\t\t\t<\/div>\n\t\t\t\t<\/div>\n\t\t\t\t\t<\/div>\n\t\t<\/div>\n\t\t\t\t<div class=\"elementor-column elementor-col-16 elementor-top-column elementor-element elementor-element-320ec08 sc_inner_width_none sc_content_align_inherit sc_layouts_column_icons_position_left sc_fly_static\" data-id=\"320ec08\" data-element_type=\"column\">\n\t\t\t<div class=\"elementor-widget-wrap elementor-element-populated\">\n\t\t\t\t\t\t<div class=\"elementor-element elementor-element-774ec2b sc_fly_static elementor-widget elementor-widget-counter\" data-id=\"774ec2b\" data-element_type=\"widget\" data-widget_type=\"counter.default\">\n\t\t\t\t<div class=\"elementor-widget-container\">\n\t\t\t\t\t\t\t<div class=\"elementor-counter\">\n\t\t\t<div class=\"elementor-counter-title\">Kat\u0131l\u0131mc\u0131<\/div>\t\t\t<div class=\"elementor-counter-number-wrapper\">\n\t\t\t\t<span class=\"elementor-counter-number-prefix\"><\/span>\n\t\t\t\t<span class=\"elementor-counter-number\" data-duration=\"2000\" data-to-value=\"300\" data-from-value=\"0\" data-delimiter=\",\">0<\/span>\n\t\t\t\t<span class=\"elementor-counter-number-suffix\">+<\/span>\n\t\t\t<\/div>\n\t\t<\/div>\n\t\t\t\t\t\t<\/div>\n\t\t\t\t<\/div>\n\t\t\t\t\t<\/div>\n\t\t<\/div>\n\t\t\t\t<div class=\"elementor-column elementor-col-16 elementor-top-column elementor-element elementor-element-bed7bfa sc_inner_width_none sc_content_align_inherit sc_layouts_column_icons_position_left sc_fly_static\" data-id=\"bed7bfa\" data-element_type=\"column\">\n\t\t\t<div class=\"elementor-widget-wrap elementor-element-populated\">\n\t\t\t\t\t\t<div class=\"elementor-element elementor-element-e539fe8 sc_fly_static elementor-widget elementor-widget-counter\" data-id=\"e539fe8\" data-element_type=\"widget\" data-widget_type=\"counter.default\">\n\t\t\t\t<div class=\"elementor-widget-container\">\n\t\t\t\t\t\t\t<div class=\"elementor-counter\">\n\t\t\t<div class=\"elementor-counter-title\">Sekt\u00f6r Profesyoneli<\/div>\t\t\t<div class=\"elementor-counter-number-wrapper\">\n\t\t\t\t<span class=\"elementor-counter-number-prefix\"><\/span>\n\t\t\t\t<span class=\"elementor-counter-number\" data-duration=\"2000\" data-to-value=\"100\" data-from-value=\"0\" data-delimiter=\",\">0<\/span>\n\t\t\t\t<span class=\"elementor-counter-number-suffix\">+<\/span>\n\t\t\t<\/div>\n\t\t<\/div>\n\t\t\t\t\t\t<\/div>\n\t\t\t\t<\/div>\n\t\t\t\t\t<\/div>\n\t\t<\/div>\n\t\t\t\t<div class=\"elementor-column elementor-col-16 elementor-top-column elementor-element elementor-element-1bb3860 sc_inner_width_none sc_content_align_inherit sc_layouts_column_icons_position_left sc_fly_static\" data-id=\"1bb3860\" data-element_type=\"column\">\n\t\t\t<div class=\"elementor-widget-wrap elementor-element-populated\">\n\t\t\t\t\t\t<div class=\"elementor-element elementor-element-56ca5b6 sc_fly_static elementor-widget elementor-widget-counter\" data-id=\"56ca5b6\" data-element_type=\"widget\" data-widget_type=\"counter.default\">\n\t\t\t\t<div class=\"elementor-widget-container\">\n\t\t\t\t\t\t\t<div class=\"elementor-counter\">\n\t\t\t<div class=\"elementor-counter-title\">Akademisyen ve E\u011fitmen<\/div>\t\t\t<div class=\"elementor-counter-number-wrapper\">\n\t\t\t\t<span class=\"elementor-counter-number-prefix\"><\/span>\n\t\t\t\t<span class=\"elementor-counter-number\" data-duration=\"2000\" data-to-value=\"50\" data-from-value=\"0\" data-delimiter=\",\">0<\/span>\n\t\t\t\t<span class=\"elementor-counter-number-suffix\">+<\/span>\n\t\t\t<\/div>\n\t\t<\/div>\n\t\t\t\t\t\t<\/div>\n\t\t\t\t<\/div>\n\t\t\t\t\t<\/div>\n\t\t<\/div>\n\t\t\t\t<div class=\"elementor-column elementor-col-16 elementor-top-column elementor-element elementor-element-a44bcaa sc_inner_width_none sc_content_align_inherit sc_layouts_column_icons_position_left sc_fly_static\" data-id=\"a44bcaa\" data-element_type=\"column\">\n\t\t\t<div class=\"elementor-widget-wrap elementor-element-populated\">\n\t\t\t\t\t\t<div class=\"elementor-element elementor-element-ddba9c1 sc_fly_static elementor-widget elementor-widget-counter\" data-id=\"ddba9c1\" data-element_type=\"widget\" data-widget_type=\"counter.default\">\n\t\t\t\t<div class=\"elementor-widget-container\">\n\t\t\t\t\t\t\t<div class=\"elementor-counter\">\n\t\t\t<div class=\"elementor-counter-title\">Tak\u0131m<\/div>\t\t\t<div class=\"elementor-counter-number-wrapper\">\n\t\t\t\t<span class=\"elementor-counter-number-prefix\"><\/span>\n\t\t\t\t<span class=\"elementor-counter-number\" data-duration=\"2000\" data-to-value=\"24\" data-from-value=\"0\" data-delimiter=\",\">0<\/span>\n\t\t\t\t<span class=\"elementor-counter-number-suffix\">+<\/span>\n\t\t\t<\/div>\n\t\t<\/div>\n\t\t\t\t\t\t<\/div>\n\t\t\t\t<\/div>\n\t\t\t\t\t<\/div>\n\t\t<\/div>\n\t\t\t\t<div class=\"elementor-column elementor-col-16 elementor-top-column elementor-element elementor-element-060a641 sc_inner_width_none sc_content_align_inherit sc_layouts_column_icons_position_left sc_fly_static\" data-id=\"060a641\" data-element_type=\"column\">\n\t\t\t<div class=\"elementor-widget-wrap elementor-element-populated\">\n\t\t\t\t\t\t<div class=\"elementor-element elementor-element-2f6749f sc_fly_static elementor-widget elementor-widget-counter\" data-id=\"2f6749f\" data-element_type=\"widget\" data-widget_type=\"counter.default\">\n\t\t\t\t<div class=\"elementor-widget-container\">\n\t\t\t\t\t\t\t<div class=\"elementor-counter\">\n\t\t\t<div class=\"elementor-counter-title\">\u00dcniversite<\/div>\t\t\t<div class=\"elementor-counter-number-wrapper\">\n\t\t\t\t<span class=\"elementor-counter-number-prefix\"><\/span>\n\t\t\t\t<span class=\"elementor-counter-number\" data-duration=\"2000\" data-to-value=\"5\" data-from-value=\"0\" data-delimiter=\",\">0<\/span>\n\t\t\t\t<span class=\"elementor-counter-number-suffix\">+<\/span>\n\t\t\t<\/div>\n\t\t<\/div>\n\t\t\t\t\t\t<\/div>\n\t\t\t\t<\/div>\n\t\t\t\t\t<\/div>\n\t\t<\/div>\n\t\t\t\t\t<\/div>\n\t\t<\/section>\n\t\t\t\t<section class=\"elementor-section elementor-top-section elementor-element elementor-element-fe5f904 elementor-section-boxed elementor-section-height-default elementor-section-height-default sc_fly_static\" data-id=\"fe5f904\" data-element_type=\"section\" data-settings=\"{&quot;_ha_eqh_enable&quot;:false}\">\n\t\t\t\t\t\t<div class=\"elementor-container elementor-column-gap-extended\">\n\t\t\t\t\t<div class=\"elementor-column elementor-col-100 elementor-top-column elementor-element elementor-element-feaec08 sc_inner_width_none sc_content_align_inherit sc_layouts_column_icons_position_left sc_fly_static\" data-id=\"feaec08\" data-element_type=\"column\">\n\t\t\t<div class=\"elementor-widget-wrap elementor-element-populated\">\n\t\t\t\t\t\t<div class=\"elementor-element elementor-element-855ebd9 sc_height_tiny sc_fly_static elementor-widget elementor-widget-spacer\" data-id=\"855ebd9\" data-element_type=\"widget\" data-widget_type=\"spacer.default\">\n\t\t\t\t<div class=\"elementor-widget-container\">\n\t\t\t\t\t\t\t<div class=\"elementor-spacer\">\n\t\t\t<div class=\"elementor-spacer-inner\"><\/div>\n\t\t<\/div>\n\t\t\t\t\t\t<\/div>\n\t\t\t\t<\/div>\n\t\t\t\t<div class=\"elementor-element elementor-element-d8fd249 animation_type_sequental sc_fly_static elementor-invisible elementor-widget elementor-widget-trx_sc_icons\" data-id=\"d8fd249\" data-element_type=\"widget\" data-settings=\"{&quot;_animation&quot;:&quot;panda-fadeinup&quot;,&quot;_animation_delay&quot;:100}\" data-widget_type=\"trx_sc_icons.default\">\n\t\t\t\t<div class=\"elementor-widget-container\">\n\t\t\t\t\t<div \tclass=\"sc_icons sc_icons_rounded sc_icons_size_medium sc_align_center\" ><div class=\"sc_icons_columns_wrap sc_item_columns trx_addons_columns_wrap columns_padding_bottom columns_in_single_row\" ><div class=\"trx_addons_column-1_4 trx_addons_column-1_2-tablet\"><div class=\"sc_icons_item sc_icons_item_linked\"><div class=\"sc_icons_icon sc_icon_type_ icon-users-group\" ><span class=\"sc_icon_type_ icon-users-group\"><\/span><\/div><div class=\"sc_icons_item_details\"><h4 class=\"sc_icons_item_title\"><a href=\"http:\/\/digiage.togotr.com\/services\/unique-methods\/\">\n                                    GAME SCHOOL                                    <\/a><\/h4><div class=\"sc_icons_item_description\"><span>S\u0131f\u0131rdan ba\u015flayan veya tak\u0131m arayan <b>B\u0130REYLER<\/b> i\u00e7in tasarlanm\u0131\u015ft\u0131r.<\/span><\/div><a href=\"http:\/\/digiage.togotr.com\/services\/unique-methods\/\"\n                        class=\"sc_icons_item_link\">\n                        <\/a><\/div><\/div><\/div><div class=\"trx_addons_column-1_4 trx_addons_column-1_2-tablet\"><div class=\"sc_icons_item sc_icons_item_linked\"><div class=\"sc_icons_icon sc_icon_type_ icon-targeting\" ><span class=\"sc_icon_type_ icon-targeting\"><\/span><\/div><div class=\"sc_icons_item_details\"><h4 class=\"sc_icons_item_title\"><a href=\"http:\/\/digiage.togotr.com\/services\/unique-methods\/\">\n                                    DIGIAGE KULU\u00c7KA                                    <\/a><\/h4><div class=\"sc_icons_item_description\"><span>Oyun geli\u015ftiren <b>TAKIMLAR<\/b> i\u00e7in tasarlanm\u0131\u015ft\u0131r.<\/span><\/div><a href=\"http:\/\/digiage.togotr.com\/services\/unique-methods\/\"\n                        class=\"sc_icons_item_link\">\n                        <\/a><\/div><\/div><\/div><div class=\"trx_addons_column-1_4 trx_addons_column-1_2-tablet\"><div class=\"sc_icons_item sc_icons_item_linked\"><div class=\"sc_icons_icon sc_icon_type_ icon-startup\" ><span class=\"sc_icon_type_ icon-startup\"><\/span><\/div><div class=\"sc_icons_item_details\"><h4 class=\"sc_icons_item_title\"><a href=\"http:\/\/digiage.togotr.com\/services\/search-strategy\/\">\n                                    DIGIAGE HIZLANDIRMA                                    <\/a><\/h4><div class=\"sc_icons_item_description\"><span>Oyun geli\u015ftiren <b>\u015e\u0130RKETLER<\/b> i\u00e7in tasarlanm\u0131\u015ft\u0131r.<\/span><\/div><a href=\"http:\/\/digiage.togotr.com\/services\/search-strategy\/\"\n                        class=\"sc_icons_item_link\">\n                        <\/a><\/div><\/div><\/div><div class=\"trx_addons_column-1_4 trx_addons_column-1_2-tablet\"><div class=\"sc_icons_item sc_icons_item_linked\"><div class=\"sc_icons_icon sc_icon_type_ icon-promotion\" ><span class=\"sc_icon_type_ icon-promotion\"><\/span><\/div><div class=\"sc_icons_item_details\"><h4 class=\"sc_icons_item_title\"><a href=\"http:\/\/digiage.togotr.com\/services\/link-content\/\">\n                                    DIGIAGE OYUN Z\u0130RVES\u0130                                    <\/a><\/h4><div class=\"sc_icons_item_description\"><span>Oyun sekt\u00f6r\u00fcne ilgi duyan <b>HERKES<\/b> i\u00e7in tasarlanm\u0131\u015ft\u0131r.<\/span><\/div><a href=\"http:\/\/digiage.togotr.com\/services\/link-content\/\"\n                        class=\"sc_icons_item_link\">\n                        <\/a><\/div><\/div><\/div><\/div><\/div><!-- \/.sc_icons -->\t\t\t\t<\/div>\n\t\t\t\t<\/div>\n\t\t\t\t\t<\/div>\n\t\t<\/div>\n\t\t\t\t\t<\/div>\n\t\t<\/section>\n\t\t\t\t<section class=\"elementor-section elementor-top-section elementor-element elementor-element-5a018fa elementor-section-boxed elementor-section-height-default elementor-section-height-default sc_fly_static\" data-id=\"5a018fa\" data-element_type=\"section\" data-settings=\"{&quot;_ha_eqh_enable&quot;:false}\">\n\t\t\t\t\t\t<div class=\"elementor-container elementor-column-gap-extended\">\n\t\t\t\t\t<div class=\"elementor-column elementor-col-100 elementor-top-column elementor-element elementor-element-b645b15 sc_inner_width_none sc_content_align_inherit sc_layouts_column_icons_position_left sc_fly_static\" data-id=\"b645b15\" data-element_type=\"column\">\n\t\t\t<div class=\"elementor-widget-wrap elementor-element-populated\">\n\t\t\t\t\t\t<div class=\"elementor-element elementor-element-0cd50d5 sc_height_tiny sc_fly_static elementor-widget elementor-widget-spacer\" data-id=\"0cd50d5\" data-element_type=\"widget\" data-widget_type=\"spacer.default\">\n\t\t\t\t<div class=\"elementor-widget-container\">\n\t\t\t\t\t\t\t<div class=\"elementor-spacer\">\n\t\t\t<div class=\"elementor-spacer-inner\"><\/div>\n\t\t<\/div>\n\t\t\t\t\t\t<\/div>\n\t\t\t\t<\/div>\n\t\t\t\t<div class=\"elementor-element elementor-element-af34512 sc_fly_static elementor-widget elementor-widget-trx_sc_title\" data-id=\"af34512\" data-element_type=\"widget\" data-widget_type=\"trx_sc_title.default\">\n\t\t\t\t<div class=\"elementor-widget-container\">\n\t\t\t\t\t<div\t\tclass=\"sc_title sc_title_default\" ><h2 class=\"sc_item_title sc_title_title sc_align_center sc_item_title_style_default\"\n\t\t\t><span class=\"sc_item_title_text\">Destek\u00e7ilerimiz<\/span><\/h2><\/div>\t\t\t\t<\/div>\n\t\t\t\t<\/div>\n\t\t\t\t<div class=\"elementor-element elementor-element-d3396ea sc_fly_static elementor-widget elementor-widget-trx_sc_slider_controls\" data-id=\"d3396ea\" data-element_type=\"widget\" data-widget_type=\"trx_sc_slider_controls.default\">\n\t\t\t\t<div class=\"elementor-widget-container\">\n\t\t\t\t\t<div class=\"sc_slider_controls sc_slider_controls_light slider_pagination_style_none sc_align_left\" data-slider-id=\"26084\" data-style=\"light\" data-pagination-style=\"none\"><div class=\"slider_controls_wrap with_prev with_next\"><a class=\"slider_prev\" href=\"#\"><\/a><a class=\"slider_next\" href=\"#\"><\/a><\/div><\/div>\t\t\t\t<\/div>\n\t\t\t\t<\/div>\n\t\t\t\t<div class=\"elementor-element elementor-element-6124609 sc_fly_static elementor-widget elementor-widget-shortcode\" data-id=\"6124609\" data-element_type=\"widget\" data-widget_type=\"shortcode.default\">\n\t\t\t\t<div class=\"elementor-widget-container\">\n\t\t\t\t\t\t\t<div class=\"elementor-shortcode\">[metaslider id=\"26087\"]<\/div>\n\t\t\t\t\t\t<\/div>\n\t\t\t\t<\/div>\n\t\t\t\t<div class=\"elementor-element elementor-element-b854f4f sc_height_tiny sc_fly_static elementor-widget elementor-widget-spacer\" data-id=\"b854f4f\" data-element_type=\"widget\" data-widget_type=\"spacer.default\">\n\t\t\t\t<div class=\"elementor-widget-container\">\n\t\t\t\t\t\t\t<div class=\"elementor-spacer\">\n\t\t\t<div class=\"elementor-spacer-inner\"><\/div>\n\t\t<\/div>\n\t\t\t\t\t\t<\/div>\n\t\t\t\t<\/div>\n\t\t\t\t\t<\/div>\n\t\t<\/div>\n\t\t\t\t\t<\/div>\n\t\t<\/section>\n\t\t\t\t<section class=\"elementor-section elementor-top-section elementor-element elementor-element-1e36793 elementor-section-boxed elementor-section-height-default elementor-section-height-default sc_fly_static\" data-id=\"1e36793\" data-element_type=\"section\" data-settings=\"{&quot;_ha_eqh_enable&quot;:false}\">\n\t\t\t\t\t\t<div class=\"elementor-container elementor-column-gap-extended\">\n\t\t\t\t\t<div class=\"elementor-column elementor-col-100 elementor-top-column elementor-element elementor-element-c67870f sc_inner_width_none sc_content_align_inherit sc_layouts_column_icons_position_left sc_fly_static\" data-id=\"c67870f\" data-element_type=\"column\">\n\t\t\t<div class=\"elementor-widget-wrap elementor-element-populated\">\n\t\t\t\t\t\t<div class=\"elementor-element elementor-element-55c57f1 sc_fly_static elementor-widget elementor-widget-trx_sc_title\" data-id=\"55c57f1\" data-element_type=\"widget\" data-widget_type=\"trx_sc_title.default\">\n\t\t\t\t<div class=\"elementor-widget-container\">\n\t\t\t\t\t<div\t\tclass=\"sc_title sc_title_default\" ><h2 class=\"sc_item_title sc_title_title sc_align_center sc_item_title_style_default\"\n\t\t\t><span class=\"sc_item_title_text\">Etkinlikten An\u0131lar<\/span><\/h2><\/div>\t\t\t\t<\/div>\n\t\t\t\t<\/div>\n\t\t\t\t\t<\/div>\n\t\t<\/div>\n\t\t\t\t\t<\/div>\n\t\t<\/section>\n\t\t\t\t<\/div>","protected":false},"excerpt":{"rendered":"<p>Kamp s\u00fcresince; canl\u0131 konferanslar ve yurt d\u0131\u015f\u0131 SKYPE e\u011fitimleri yap\u0131ld\u0131. (ABD, Kanada, \u0130ngiltere ve Almanya) Yabanc\u0131 \u00fclkelerdeki \u00fcnl\u00fc T\u00fcrk oyun geli\u015ftiricileri ile e\u011fitim ve konferanslar ger\u00e7ekle\u015ftirildi. 2 oyun i\u00e7in sunum&hellip;<\/p>","protected":false},"author":1,"featured_media":0,"parent":0,"menu_order":0,"comment_status":"closed","ping_status":"closed","template":"","meta":{"footnotes":""},"class_list":["post-25006","page","type-page","status-publish","hentry"],"aioseo_notices":[],"_links":{"self":[{"href":"https:\/\/digiage.com.tr\/az\/wp-json\/wp\/v2\/pages\/25006","targetHints":{"allow":["GET"]}}],"collection":[{"href":"https:\/\/digiage.com.tr\/az\/wp-json\/wp\/v2\/pages"}],"about":[{"href":"https:\/\/digiage.com.tr\/az\/wp-json\/wp\/v2\/types\/page"}],"author":[{"embeddable":true,"href":"https:\/\/digiage.com.tr\/az\/wp-json\/wp\/v2\/users\/1"}],"replies":[{"embeddable":true,"href":"https:\/\/digiage.com.tr\/az\/wp-json\/wp\/v2\/comments?post=25006"}],"version-history":[{"count":22,"href":"https:\/\/digiage.com.tr\/az\/wp-json\/wp\/v2\/pages\/25006\/revisions"}],"predecessor-version":[{"id":28058,"href":"https:\/\/digiage.com.tr\/az\/wp-json\/wp\/v2\/pages\/25006\/revisions\/28058"}],"wp:attachment":[{"href":"https:\/\/digiage.com.tr\/az\/wp-json\/wp\/v2\/media?parent=25006"}],"curies":[{"name":"wp","href":"https:\/\/api.w.org\/{rel}","templated":true}]}}