{"id":1453,"date":"2020-12-30T11:12:41","date_gmt":"2020-12-30T11:12:41","guid":{"rendered":"https:\/\/digiage.com.tr\/?page_id=1453"},"modified":"2025-09-22T13:27:24","modified_gmt":"2025-09-22T10:27:24","slug":"iletisim","status":"publish","type":"page","link":"https:\/\/digiage.com.tr\/az\/iletisim\/","title":{"rendered":"\u0130leti\u015fim"},"content":{"rendered":"<div data-elementor-type=\"wp-page\" data-elementor-id=\"1453\" class=\"elementor elementor-1453\" data-elementor-settings=\"{&quot;ha_cmc_init_switcher&quot;:&quot;no&quot;}\" data-elementor-post-type=\"page\">\n\t\t\t\t\t\t<section class=\"elementor-section elementor-top-section elementor-element elementor-element-ca2bda8 elementor-section-boxed elementor-section-height-default elementor-section-height-default sc_fly_static\" data-id=\"ca2bda8\" data-element_type=\"section\" data-settings=\"{&quot;_ha_eqh_enable&quot;:false}\">\n\t\t\t\t\t\t<div class=\"elementor-container elementor-column-gap-extended\">\n\t\t\t\t\t<div class=\"elementor-column elementor-col-100 elementor-top-column elementor-element elementor-element-5f6012f sc_inner_width_none sc_content_align_inherit sc_layouts_column_icons_position_left sc_fly_static\" data-id=\"5f6012f\" data-element_type=\"column\">\n\t\t\t<div class=\"elementor-widget-wrap elementor-element-populated\">\n\t\t\t\t\t\t\t<\/div>\n\t\t<\/div>\n\t\t\t\t\t<\/div>\n\t\t<\/section>\n\t\t\t\t<section class=\"elementor-section elementor-top-section elementor-element elementor-element-40c4cb4 elementor-section-boxed elementor-section-height-default elementor-section-height-default sc_fly_static\" data-id=\"40c4cb4\" data-element_type=\"section\" data-settings=\"{&quot;_ha_eqh_enable&quot;:false}\">\n\t\t\t\t\t\t<div class=\"elementor-container elementor-column-gap-extended\">\n\t\t\t\t\t<div class=\"elementor-column elementor-col-100 elementor-top-column elementor-element elementor-element-2275dac sc_inner_width_none sc_content_align_inherit sc_layouts_column_icons_position_left sc_fly_static\" data-id=\"2275dac\" data-element_type=\"column\">\n\t\t\t<div class=\"elementor-widget-wrap elementor-element-populated\">\n\t\t\t\t\t\t<div class=\"elementor-element elementor-element-6f70f95f animation_type_sequental sc_fly_static elementor-invisible elementor-widget elementor-widget-trx_sc_icons\" data-id=\"6f70f95f\" data-element_type=\"widget\" data-settings=\"{&quot;_animation&quot;:&quot;panda-fadeinup&quot;,&quot;_animation_delay&quot;:100}\" data-widget_type=\"trx_sc_icons.default\">\n\t\t\t\t<div class=\"elementor-widget-container\">\n\t\t\t\t\t<div \tclass=\"sc_icons sc_icons_plain sc_icons_size_small sc_align_center\" ><div class=\"sc_icons_columns_wrap sc_item_columns trx_addons_columns_wrap columns_padding_bottom columns_in_single_row\" ><div class=\"trx_addons_column-1_3\"><div class=\"sc_icons_item sc_icons_item_linked with_more\"><div class=\"sc_icons_image\" ><img decoding=\"async\" src=\"\/\/digiage.com.tr\/wp-content\/uploads\/2024\/10\/discord-icon-v3.png\" alt=\"Icon\" width=\"75\" height=\"75\"><\/div><div class=\"sc_icons_item_details\"><h4 class=\"sc_icons_item_title\"><a href=\"http:\/\/discord.gg\/digiage\">\n                                    Discord                                    <\/a><\/h4><div class=\"sc_icons_item_description\"><span>Discord Sunucumuza Kat\u0131l\u0131n<\/span><\/div><a href=\"http:\/\/discord.gg\/digiage\" class=\"sc_icons_item_more_link\">\n                        <span class=\"link_text\">Discord<\/span><span class=\"link_icon\"><\/span>\n                        <\/a><a href=\"http:\/\/discord.gg\/digiage\"\n                        class=\"sc_icons_item_link\">\n                        <\/a><\/div><\/div><\/div><div class=\"trx_addons_column-1_3\"><div class=\"sc_icons_item sc_icons_item_linked with_more\"><div class=\"sc_icons_image\" ><img decoding=\"async\" src=\"\/\/digiage.com.tr\/wp-content\/uploads\/2024\/10\/pngwing.com_.png\" alt=\"Icon\" width=\"80\" height=\"80\"><\/div><div class=\"sc_icons_item_details\"><h4 class=\"sc_icons_item_title\"><a href=\"#map\">\n                                    Adres                                    <\/a><\/h4><div class=\"sc_icons_item_description\"><span>Muallimk\u00f6y Mah. Deniz Cad. No:143\/4<\/span><span>\u0130\u00e7 Kap\u0131 No:3 Gebze\/Kocaeli<\/span><\/div><a href=\"#map\" class=\"sc_icons_item_more_link\">\n                        <span class=\"link_text\">Bili\u015fim Vadisi<\/span><span class=\"link_icon\"><\/span>\n                        <\/a><a href=\"#map\"\n                        class=\"sc_icons_item_link\">\n                        <\/a><\/div><\/div><\/div><div class=\"trx_addons_column-1_3\"><div class=\"sc_icons_item sc_icons_item_linked with_more\"><div class=\"sc_icons_image\" ><img decoding=\"async\" src=\"\/\/digiage.com.tr\/wp-content\/uploads\/2024\/10\/mail-icon-removebg-preview.png\" alt=\"Icon\" width=\"90\" height=\"97\"><\/div><div class=\"sc_icons_item_details\"><h4 class=\"sc_icons_item_title\"><a href=\"mailto:%20digiage@bilisimvadisi.com.tr\">\n                                    Mail                                    <\/a><\/h4><div class=\"sc_icons_item_description\"><span>digiage@bilisimvadisi.com.tr<\/span><\/div><a href=\"mailto:%20digiage@bilisimvadisi.com.tr\" class=\"sc_icons_item_more_link\">\n                        <span class=\"link_text\">Bize Ula\u015f\u0131n<\/span><span class=\"link_icon\"><\/span>\n                        <\/a><a href=\"mailto:%20digiage@bilisimvadisi.com.tr\"\n                        class=\"sc_icons_item_link\">\n                        <\/a><\/div><\/div><\/div><\/div><\/div><!-- \/.sc_icons -->\t\t\t\t<\/div>\n\t\t\t\t<\/div>\n\t\t\t\t\t<\/div>\n\t\t<\/div>\n\t\t\t\t\t<\/div>\n\t\t<\/section>\n\t\t\t\t<section class=\"elementor-section elementor-top-section elementor-element elementor-element-b35b84a elementor-section-stretched elementor-section-full_width elementor-section-height-default elementor-section-height-default sc_fly_static\" data-id=\"b35b84a\" data-element_type=\"section\" id=\"map\" data-settings=\"{&quot;stretch_section&quot;:&quot;section-stretched&quot;,&quot;background_background&quot;:&quot;classic&quot;,&quot;_ha_eqh_enable&quot;:false}\">\n\t\t\t\t\t\t<div class=\"elementor-container elementor-column-gap-no\">\n\t\t\t\t\t<div class=\"elementor-column elementor-col-100 elementor-top-column elementor-element elementor-element-d92b45a sc_inner_width_none sc_content_align_inherit sc_layouts_column_icons_position_left sc_fly_static\" data-id=\"d92b45a\" data-element_type=\"column\">\n\t\t\t<div class=\"elementor-widget-wrap elementor-element-populated\">\n\t\t\t\t\t\t<div class=\"elementor-element elementor-element-215c32f sc_fly_static elementor-widget elementor-widget-trx_sc_googlemap\" data-id=\"215c32f\" data-element_type=\"widget\" data-widget_type=\"trx_sc_googlemap.default\">\n\t\t\t\t<div class=\"elementor-widget-container\">\n\t\t\t\t\t<div id=\"sc_googlemap_436897079_wrap\" class=\"sc_googlemap_wrap\"><div id=\"sc_googlemap_436897079\"\t\t\tclass=\"sc_item_content sc_map sc_googlemap sc_googlemap_default trx_addons_inline_645216209\"\n\t\t\t \t\t\tdata-zoom=\"13\"\n\t\t\tdata-center=\"40.7811324,29.5014121\"\n\t\t\tdata-style=\"modern\"\n\t\t\tdata-cluster-icon=\"\"\n\t\t\t><iframe\n\t\t\t\t\t\tsrc=\"https:\/\/maps.google.com\/maps?t=m&output=embed&iwloc=near&z=13&q=40.7811324%2C29.5014121\"\n\t\t\t\t\t\taria-label=\"\"><\/iframe><\/div><\/div>\t\t\t\t<\/div>\n\t\t\t\t<\/div>\n\t\t\t\t\t<\/div>\n\t\t<\/div>\n\t\t\t\t\t<\/div>\n\t\t<\/section>\n\t\t\t\t<\/div>","protected":false},"excerpt":{"rendered":"<p>Discord Discord Sunucumuza Kat\u0131l\u0131n Discord Adres Muallimk\u00f6y Mah. Deniz Cad. No:143\/4\u0130\u00e7 Kap\u0131 No:3 Gebze\/Kocaeli Bili\u015fim Vadisi Mail digiage@bilisimvadisi.com.tr Bize Ula\u015f\u0131n<\/p>","protected":false},"author":1,"featured_media":0,"parent":0,"menu_order":0,"comment_status":"closed","ping_status":"closed","template":"","meta":{"footnotes":""},"class_list":["post-1453","page","type-page","status-publish","hentry"],"aioseo_notices":[],"_links":{"self":[{"href":"https:\/\/digiage.com.tr\/az\/wp-json\/wp\/v2\/pages\/1453","targetHints":{"allow":["GET"]}}],"collection":[{"href":"https:\/\/digiage.com.tr\/az\/wp-json\/wp\/v2\/pages"}],"about":[{"href":"https:\/\/digiage.com.tr\/az\/wp-json\/wp\/v2\/types\/page"}],"author":[{"embeddable":true,"href":"https:\/\/digiage.com.tr\/az\/wp-json\/wp\/v2\/users\/1"}],"replies":[{"embeddable":true,"href":"https:\/\/digiage.com.tr\/az\/wp-json\/wp\/v2\/comments?post=1453"}],"version-history":[{"count":91,"href":"https:\/\/digiage.com.tr\/az\/wp-json\/wp\/v2\/pages\/1453\/revisions"}],"predecessor-version":[{"id":28372,"href":"https:\/\/digiage.com.tr\/az\/wp-json\/wp\/v2\/pages\/1453\/revisions\/28372"}],"wp:attachment":[{"href":"https:\/\/digiage.com.tr\/az\/wp-json\/wp\/v2\/media?parent=1453"}],"curies":[{"name":"wp","href":"https:\/\/api.w.org\/{rel}","templated":true}]}}